{"id":59840,"date":"2026-02-04T09:25:02","date_gmt":"2026-02-04T09:25:02","guid":{"rendered":"https:\/\/extery.com\/tooted\/krzeslo-obrotowe-hula\/"},"modified":"2026-05-05T07:45:05","modified_gmt":"2026-05-05T07:45:05","slug":"krzeslo-obrotowe-hula","status":"publish","type":"product","link":"https:\/\/extery.com\/pl\/produkty\/krzeslo-obrotowe-hula\/","title":{"rendered":"Krzes\u0142o obrotowe Hula"},"content":{"rendered":"<p>Krzes\u0142o obrotowe Hula to siedzisko, kt\u00f3re wprowadza do przestrzeni co\u015b, co rzadko oferuj\u0105 meble miejskie \u2013 ruch.<br \/>\nHula obraca si\u0119, dzi\u0119ki czemu mo\u017cna ustawi\u0107 si\u0119 wzgl\u0119dem s\u0142o\u0144ca o r\u00f3\u017cnych porach dnia \u2013 na lewym lub prawym policzku, albo na stronie ksi\u0105\u017cki. Pozwala tak\u017ce znale\u017a\u0107 cie\u0144 dla ekranu telefonu, os\u0142oni\u0107 si\u0119 przed wiatrem lub zwr\u00f3ci\u0107 w jego stron\u0119.<\/p>\n<p>Umo\u017cliwia obserwowanie przechodni\u00f3w lub odwr\u00f3cenie si\u0119 plecami i chwilowe wyciszenie. Mo\u017cna \u015bledzi\u0107 wzrokiem samochody i rowerzyst\u00f3w, albo po prostu si\u0119 od nich odwr\u00f3ci\u0107. Obrotowa konstrukcja pozwala delikatnie zmieni\u0107 kierunek siedzenia przy stole lub po prostu swobodnie si\u0119 obraca\u0107.<\/p>\n<p>Krzes\u0142o obrotowe Hula to nie tylko pojedynczy produkt, lecz ca\u0142a rodzina czterech r\u00f3\u017cnych modeli. Obrotowe siedziska dost\u0119pne s\u0105 w trzech wariantach wysoko\u015bci: jako wygodny niski fotel wypoczynkowy z niskim lub wysokim oparciem, krzes\u0142o o wysoko\u015bci odpowiedniej do u\u017cytkowania przy sto\u0142ach oraz wysokie krzes\u0142o przeznaczone do podwy\u017cszonych blat\u00f3w \u2013 ka\u017cde o w\u0142asnym charakterze i sposobie u\u017cytkowania.<\/p>\n<p>Odkryj wi\u0119cej produkt\u00f3w z rodziny Hula <strong><a href=\"https:\/\/extery.com\/pl\/rodziny-produktow\/#hula-en\">tutaj<\/a>.<\/strong><\/p>\n<p>&nbsp;<\/p>\n","protected":false},"excerpt":{"rendered":"<p>Krzes\u0142o obrotowe Hula to siedzisko, kt\u00f3re wprowadza do przestrzeni co\u015b, co rzadko oferuj\u0105 meble miejskie \u2013 ruch. Hula obraca si\u0119, dzi\u0119ki czemu mo\u017cna ustawi\u0107 si\u0119 wzgl\u0119dem s\u0142o\u0144ca o r\u00f3\u017cnych porach dnia \u2013 na lewym lub prawym policzku, albo na stronie ksi\u0105\u017cki. Pozwala tak\u017ce znale\u017a\u0107 cie\u0144 dla ekranu telefonu, os\u0142oni\u0107 si\u0119 przed wiatrem lub zwr\u00f3ci\u0107 w [&hellip;]<\/p>\n","protected":false},"featured_media":59849,"comment_status":"closed","ping_status":"closed","template":"","meta":{"_acf_changed":false},"product_brand":[],"product_cat":[367],"product_tag":[384],"class_list":{"0":"post-59840","1":"product","2":"type-product","3":"status-publish","4":"has-post-thumbnail","6":"product_cat-krzesla-pufy","7":"product_tag-nowy","8":"product-family-hula","10":"first","11":"instock","12":"shipping-taxable","13":"product-type-simple"},"acf":[],"yoast_head":"<!-- This site is optimized with the Yoast SEO plugin v26.4 - https:\/\/yoast.com\/wordpress\/plugins\/seo\/ -->\n<title>Krzes\u0142o obrotowe Hula - Extery<\/title>\n<meta name=\"description\" content=\"Obrotowy fotel Hula to obrotowy fotel miejski, kt\u00f3ry mo\u017cna u\u017cywa\u0107 na wysoko\u015bci krzes\u0142a jadalnego, zach\u0119caj\u0105c do aktywnego i elastycznego siedzenia w przestrzeniach publicznych i p\u00f3\u0142publicznych.\" \/>\n<meta name=\"robots\" content=\"index, follow, max-snippet:-1, max-image-preview:large, max-video-preview:-1\" \/>\n<link rel=\"canonical\" href=\"https:\/\/extery.com\/pl\/produkty\/krzeslo-obrotowe-hula\/\" \/>\n<meta property=\"og:locale\" content=\"pl_PL\" \/>\n<meta property=\"og:type\" content=\"article\" \/>\n<meta property=\"og:title\" content=\"Krzes\u0142o obrotowe Hula - Extery\" \/>\n<meta property=\"og:description\" content=\"Obrotowy fotel Hula to obrotowy fotel miejski, kt\u00f3ry mo\u017cna u\u017cywa\u0107 na wysoko\u015bci krzes\u0142a jadalnego, zach\u0119caj\u0105c do aktywnego i elastycznego siedzenia w przestrzeniach publicznych i p\u00f3\u0142publicznych.\" \/>\n<meta property=\"og:url\" content=\"https:\/\/extery.com\/pl\/produkty\/krzeslo-obrotowe-hula\/\" \/>\n<meta property=\"og:site_name\" content=\"Extery\" \/>\n<meta property=\"article:modified_time\" content=\"2026-05-05T07:45:05+00:00\" \/>\n<meta property=\"og:image\" content=\"https:\/\/extery.com\/wp-content\/uploads\/2026\/02\/Hula-tool-korge-seljatoega-v1-EXTERY-urban-furniture-park-bench-pargipink-puistonpenkki-sols.jpg\" \/>\n\t<meta property=\"og:image:width\" content=\"1200\" \/>\n\t<meta property=\"og:image:height\" content=\"800\" \/>\n\t<meta property=\"og:image:type\" content=\"image\/jpeg\" \/>\n<meta name=\"twitter:card\" content=\"summary_large_image\" \/>\n<meta name=\"twitter:label1\" content=\"Szacowany czas czytania\" \/>\n\t<meta name=\"twitter:data1\" content=\"2 minuty\" \/>\n<script type=\"application\/ld+json\" class=\"yoast-schema-graph\">{\"@context\":\"https:\/\/schema.org\",\"@graph\":[{\"@type\":\"WebPage\",\"@id\":\"https:\/\/extery.com\/pl\/produkty\/krzeslo-obrotowe-hula\/\",\"url\":\"https:\/\/extery.com\/pl\/produkty\/krzeslo-obrotowe-hula\/\",\"name\":\"Krzes\u0142o obrotowe Hula - Extery\",\"isPartOf\":{\"@id\":\"https:\/\/extery.com\/pl\/#website\"},\"primaryImageOfPage\":{\"@id\":\"https:\/\/extery.com\/pl\/produkty\/krzeslo-obrotowe-hula\/#primaryimage\"},\"image\":{\"@id\":\"https:\/\/extery.com\/pl\/produkty\/krzeslo-obrotowe-hula\/#primaryimage\"},\"thumbnailUrl\":\"https:\/\/extery.com\/wp-content\/uploads\/2026\/02\/Hula-tool-korge-seljatoega-v1-EXTERY-urban-furniture-park-bench-pargipink-puistonpenkki-sols.jpg\",\"datePublished\":\"2026-02-04T09:25:02+00:00\",\"dateModified\":\"2026-05-05T07:45:05+00:00\",\"description\":\"Obrotowy fotel Hula to obrotowy fotel miejski, kt\u00f3ry mo\u017cna u\u017cywa\u0107 na wysoko\u015bci krzes\u0142a jadalnego, zach\u0119caj\u0105c do aktywnego i elastycznego siedzenia w przestrzeniach publicznych i p\u00f3\u0142publicznych.\",\"breadcrumb\":{\"@id\":\"https:\/\/extery.com\/pl\/produkty\/krzeslo-obrotowe-hula\/#breadcrumb\"},\"inLanguage\":\"pl-PL\",\"potentialAction\":[{\"@type\":\"ReadAction\",\"target\":[\"https:\/\/extery.com\/pl\/produkty\/krzeslo-obrotowe-hula\/\"]}]},{\"@type\":\"ImageObject\",\"inLanguage\":\"pl-PL\",\"@id\":\"https:\/\/extery.com\/pl\/produkty\/krzeslo-obrotowe-hula\/#primaryimage\",\"url\":\"https:\/\/extery.com\/wp-content\/uploads\/2026\/02\/Hula-tool-korge-seljatoega-v1-EXTERY-urban-furniture-park-bench-pargipink-puistonpenkki-sols.jpg\",\"contentUrl\":\"https:\/\/extery.com\/wp-content\/uploads\/2026\/02\/Hula-tool-korge-seljatoega-v1-EXTERY-urban-furniture-park-bench-pargipink-puistonpenkki-sols.jpg\",\"width\":1200,\"height\":800},{\"@type\":\"BreadcrumbList\",\"@id\":\"https:\/\/extery.com\/pl\/produkty\/krzeslo-obrotowe-hula\/#breadcrumb\",\"itemListElement\":[{\"@type\":\"ListItem\",\"position\":1,\"name\":\"Home\",\"item\":\"https:\/\/extery.com\/pl\/\"},{\"@type\":\"ListItem\",\"position\":2,\"name\":\"Produkty\",\"item\":\"https:\/\/extery.com\/tooted\/\"},{\"@type\":\"ListItem\",\"position\":3,\"name\":\"Krzes\u0142o obrotowe Hula\"}]},{\"@type\":\"WebSite\",\"@id\":\"https:\/\/extery.com\/pl\/#website\",\"url\":\"https:\/\/extery.com\/pl\/\",\"name\":\"Extery\",\"description\":\"\",\"publisher\":{\"@id\":\"https:\/\/extery.com\/pl\/#organization\"},\"potentialAction\":[{\"@type\":\"SearchAction\",\"target\":{\"@type\":\"EntryPoint\",\"urlTemplate\":\"https:\/\/extery.com\/pl\/?s={search_term_string}\"},\"query-input\":{\"@type\":\"PropertyValueSpecification\",\"valueRequired\":true,\"valueName\":\"search_term_string\"}}],\"inLanguage\":\"pl-PL\"},{\"@type\":\"Organization\",\"@id\":\"https:\/\/extery.com\/pl\/#organization\",\"name\":\"Extery\",\"url\":\"https:\/\/extery.com\/pl\/\",\"logo\":{\"@type\":\"ImageObject\",\"inLanguage\":\"pl-PL\",\"@id\":\"https:\/\/extery.com\/pl\/#\/schema\/logo\/image\/\",\"url\":\"https:\/\/extery.com\/wp-content\/uploads\/2023\/11\/footer-logo.svg\",\"contentUrl\":\"https:\/\/extery.com\/wp-content\/uploads\/2023\/11\/footer-logo.svg\",\"caption\":\"Extery \"},\"image\":{\"@id\":\"https:\/\/extery.com\/pl\/#\/schema\/logo\/image\/\"}}]}<\/script>\n<!-- \/ Yoast SEO plugin. -->","yoast_head_json":{"title":"Krzes\u0142o obrotowe Hula - Extery","description":"Obrotowy fotel Hula to obrotowy fotel miejski, kt\u00f3ry mo\u017cna u\u017cywa\u0107 na wysoko\u015bci krzes\u0142a jadalnego, zach\u0119caj\u0105c do aktywnego i elastycznego siedzenia w przestrzeniach publicznych i p\u00f3\u0142publicznych.","robots":{"index":"index","follow":"follow","max-snippet":"max-snippet:-1","max-image-preview":"max-image-preview:large","max-video-preview":"max-video-preview:-1"},"canonical":"https:\/\/extery.com\/pl\/produkty\/krzeslo-obrotowe-hula\/","og_locale":"pl_PL","og_type":"article","og_title":"Krzes\u0142o obrotowe Hula - Extery","og_description":"Obrotowy fotel Hula to obrotowy fotel miejski, kt\u00f3ry mo\u017cna u\u017cywa\u0107 na wysoko\u015bci krzes\u0142a jadalnego, zach\u0119caj\u0105c do aktywnego i elastycznego siedzenia w przestrzeniach publicznych i p\u00f3\u0142publicznych.","og_url":"https:\/\/extery.com\/pl\/produkty\/krzeslo-obrotowe-hula\/","og_site_name":"Extery","article_modified_time":"2026-05-05T07:45:05+00:00","og_image":[{"width":1200,"height":800,"url":"https:\/\/extery.com\/wp-content\/uploads\/2026\/02\/Hula-tool-korge-seljatoega-v1-EXTERY-urban-furniture-park-bench-pargipink-puistonpenkki-sols.jpg","type":"image\/jpeg"}],"twitter_card":"summary_large_image","twitter_misc":{"Szacowany czas czytania":"2 minuty"},"schema":{"@context":"https:\/\/schema.org","@graph":[{"@type":"WebPage","@id":"https:\/\/extery.com\/pl\/produkty\/krzeslo-obrotowe-hula\/","url":"https:\/\/extery.com\/pl\/produkty\/krzeslo-obrotowe-hula\/","name":"Krzes\u0142o obrotowe Hula - Extery","isPartOf":{"@id":"https:\/\/extery.com\/pl\/#website"},"primaryImageOfPage":{"@id":"https:\/\/extery.com\/pl\/produkty\/krzeslo-obrotowe-hula\/#primaryimage"},"image":{"@id":"https:\/\/extery.com\/pl\/produkty\/krzeslo-obrotowe-hula\/#primaryimage"},"thumbnailUrl":"https:\/\/extery.com\/wp-content\/uploads\/2026\/02\/Hula-tool-korge-seljatoega-v1-EXTERY-urban-furniture-park-bench-pargipink-puistonpenkki-sols.jpg","datePublished":"2026-02-04T09:25:02+00:00","dateModified":"2026-05-05T07:45:05+00:00","description":"Obrotowy fotel Hula to obrotowy fotel miejski, kt\u00f3ry mo\u017cna u\u017cywa\u0107 na wysoko\u015bci krzes\u0142a jadalnego, zach\u0119caj\u0105c do aktywnego i elastycznego siedzenia w przestrzeniach publicznych i p\u00f3\u0142publicznych.","breadcrumb":{"@id":"https:\/\/extery.com\/pl\/produkty\/krzeslo-obrotowe-hula\/#breadcrumb"},"inLanguage":"pl-PL","potentialAction":[{"@type":"ReadAction","target":["https:\/\/extery.com\/pl\/produkty\/krzeslo-obrotowe-hula\/"]}]},{"@type":"ImageObject","inLanguage":"pl-PL","@id":"https:\/\/extery.com\/pl\/produkty\/krzeslo-obrotowe-hula\/#primaryimage","url":"https:\/\/extery.com\/wp-content\/uploads\/2026\/02\/Hula-tool-korge-seljatoega-v1-EXTERY-urban-furniture-park-bench-pargipink-puistonpenkki-sols.jpg","contentUrl":"https:\/\/extery.com\/wp-content\/uploads\/2026\/02\/Hula-tool-korge-seljatoega-v1-EXTERY-urban-furniture-park-bench-pargipink-puistonpenkki-sols.jpg","width":1200,"height":800},{"@type":"BreadcrumbList","@id":"https:\/\/extery.com\/pl\/produkty\/krzeslo-obrotowe-hula\/#breadcrumb","itemListElement":[{"@type":"ListItem","position":1,"name":"Home","item":"https:\/\/extery.com\/pl\/"},{"@type":"ListItem","position":2,"name":"Produkty","item":"https:\/\/extery.com\/tooted\/"},{"@type":"ListItem","position":3,"name":"Krzes\u0142o obrotowe Hula"}]},{"@type":"WebSite","@id":"https:\/\/extery.com\/pl\/#website","url":"https:\/\/extery.com\/pl\/","name":"Extery","description":"","publisher":{"@id":"https:\/\/extery.com\/pl\/#organization"},"potentialAction":[{"@type":"SearchAction","target":{"@type":"EntryPoint","urlTemplate":"https:\/\/extery.com\/pl\/?s={search_term_string}"},"query-input":{"@type":"PropertyValueSpecification","valueRequired":true,"valueName":"search_term_string"}}],"inLanguage":"pl-PL"},{"@type":"Organization","@id":"https:\/\/extery.com\/pl\/#organization","name":"Extery","url":"https:\/\/extery.com\/pl\/","logo":{"@type":"ImageObject","inLanguage":"pl-PL","@id":"https:\/\/extery.com\/pl\/#\/schema\/logo\/image\/","url":"https:\/\/extery.com\/wp-content\/uploads\/2023\/11\/footer-logo.svg","contentUrl":"https:\/\/extery.com\/wp-content\/uploads\/2023\/11\/footer-logo.svg","caption":"Extery "},"image":{"@id":"https:\/\/extery.com\/pl\/#\/schema\/logo\/image\/"}}]}},"_links":{"self":[{"href":"https:\/\/extery.com\/pl\/wp-json\/wp\/v2\/product\/59840","targetHints":{"allow":["GET"]}}],"collection":[{"href":"https:\/\/extery.com\/pl\/wp-json\/wp\/v2\/product"}],"about":[{"href":"https:\/\/extery.com\/pl\/wp-json\/wp\/v2\/types\/product"}],"replies":[{"embeddable":true,"href":"https:\/\/extery.com\/pl\/wp-json\/wp\/v2\/comments?post=59840"}],"wp:featuredmedia":[{"embeddable":true,"href":"https:\/\/extery.com\/pl\/wp-json\/wp\/v2\/media\/59849"}],"wp:attachment":[{"href":"https:\/\/extery.com\/pl\/wp-json\/wp\/v2\/media?parent=59840"}],"wp:term":[{"taxonomy":"product_brand","embeddable":true,"href":"https:\/\/extery.com\/pl\/wp-json\/wp\/v2\/product_brand?post=59840"},{"taxonomy":"product_cat","embeddable":true,"href":"https:\/\/extery.com\/pl\/wp-json\/wp\/v2\/product_cat?post=59840"},{"taxonomy":"product_tag","embeddable":true,"href":"https:\/\/extery.com\/pl\/wp-json\/wp\/v2\/product_tag?post=59840"}],"curies":[{"name":"wp","href":"https:\/\/api.w.org\/{rel}","templated":true}]}}