{"id":59857,"date":"2026-02-03T12:27:41","date_gmt":"2026-02-03T12:27:41","guid":{"rendered":"https:\/\/extery.com\/tooted\/obrotowy-fotel-miejski-hula-z-wysokim-oparciem\/"},"modified":"2026-05-05T07:45:51","modified_gmt":"2026-05-05T07:45:51","slug":"obrotowy-fotel-miejski-hula-z-wysokim-oparciem","status":"publish","type":"product","link":"https:\/\/extery.com\/pl\/produkty\/obrotowy-fotel-miejski-hula-z-wysokim-oparciem\/","title":{"rendered":"Obrotowy fotel miejski Hula z wysokim oparciem"},"content":{"rendered":"<p>Obrotowe krzes\u0142o Hula z wysokim oparciem to siedzisko, kt\u00f3re wprowadza do przestrzeni co\u015b rzadko spotykanego w meblach miejskich \u2013 ruch.<br \/>\nHula obraca si\u0119, dzi\u0119ki czemu mo\u017cna ustawi\u0107 si\u0119 wzgl\u0119dem s\u0142o\u0144ca o r\u00f3\u017cnych porach dnia, znale\u017a\u0107 cie\u0144 dla ekranu telefonu, os\u0142oni\u0107 si\u0119 przed wiatrem lub zwr\u00f3ci\u0107 w jego stron\u0119.<\/p>\n<p>U\u017cytkownik mo\u017ce obserwowa\u0107 otoczenie \u2013 przechodni\u00f3w, rowerzyst\u00f3w i ruch uliczny \u2013 albo odwr\u00f3ci\u0107 si\u0119 od niego na chwil\u0119. Obrotowa konstrukcja pozwala p\u0142ynnie zmieni\u0107 kierunek siedzenia, na przyk\u0142ad przysun\u0105\u0107 si\u0119 do sto\u0142u lub po prostu obraca\u0107 si\u0119 swobodnie.<\/p>\n<p>Obrotowy fotel Hula z wysokim oparciem nie jest tylko pojedynczym produktem, lecz cz\u0119\u015bci\u0105 rodziny czterech odr\u0119bnych modeli. Obrotowe siedziska dost\u0119pne s\u0105 w trzech wysoko\u015bciach: jako niski fotel z niskim lub wysokim oparciem, model o wysoko\u015bci odpowiedniej do u\u017cytkowania przy sto\u0142ach oraz wysokie krzes\u0142o przeznaczone do podwy\u017cszonych blat\u00f3w \u2013 ka\u017cde o w\u0142asnym charakterze i sposobie u\u017cytkowania.<\/p>\n<p>Odkryj wi\u0119cej produkt\u00f3w z rodziny Hula <strong><a href=\"https:\/\/extery.com\/pl\/rodziny-produktow\/#hula-en\">tutaj<\/a>.<\/strong><\/p>\n","protected":false},"excerpt":{"rendered":"<p>Obrotowe krzes\u0142o Hula z wysokim oparciem to siedzisko, kt\u00f3re wprowadza do przestrzeni co\u015b rzadko spotykanego w meblach miejskich \u2013 ruch. Hula obraca si\u0119, dzi\u0119ki czemu mo\u017cna ustawi\u0107 si\u0119 wzgl\u0119dem s\u0142o\u0144ca o r\u00f3\u017cnych porach dnia, znale\u017a\u0107 cie\u0144 dla ekranu telefonu, os\u0142oni\u0107 si\u0119 przed wiatrem lub zwr\u00f3ci\u0107 w jego stron\u0119. U\u017cytkownik mo\u017ce obserwowa\u0107 otoczenie \u2013 przechodni\u00f3w, rowerzyst\u00f3w [&hellip;]<\/p>\n","protected":false},"featured_media":59868,"comment_status":"closed","ping_status":"closed","template":"","meta":{"_acf_changed":false},"product_brand":[],"product_cat":[367],"product_tag":[384],"class_list":{"0":"post-59857","1":"product","2":"type-product","3":"status-publish","4":"has-post-thumbnail","6":"product_cat-krzesla-pufy","7":"product_tag-nowy","8":"product-family-hula","10":"first","11":"instock","12":"shipping-taxable","13":"product-type-simple"},"acf":[],"yoast_head":"<!-- This site is optimized with the Yoast SEO plugin v26.4 - https:\/\/yoast.com\/wordpress\/plugins\/seo\/ -->\n<title>Obrotowy fotel miejski Hula z wysokim oparciem - Extery<\/title>\n<meta name=\"description\" content=\"Obrotowy fotel wypoczynkowy Hula z wysokim oparciem to obrotowy fotel miejski zaprojektowany do relaksuj\u0105cego korzystania w przestrzeniach publicznych, zapewniaj\u0105cy wygod\u0119, trwa\u0142o\u015b\u0107 i swobod\u0119.\" \/>\n<meta name=\"robots\" content=\"index, follow, max-snippet:-1, max-image-preview:large, max-video-preview:-1\" \/>\n<link rel=\"canonical\" href=\"https:\/\/extery.com\/pl\/produkty\/obrotowy-fotel-miejski-hula-z-wysokim-oparciem\/\" \/>\n<meta property=\"og:locale\" content=\"pl_PL\" \/>\n<meta property=\"og:type\" content=\"article\" \/>\n<meta property=\"og:title\" content=\"Obrotowy fotel miejski Hula z wysokim oparciem - Extery\" \/>\n<meta property=\"og:description\" content=\"Obrotowy fotel wypoczynkowy Hula z wysokim oparciem to obrotowy fotel miejski zaprojektowany do relaksuj\u0105cego korzystania w przestrzeniach publicznych, zapewniaj\u0105cy wygod\u0119, trwa\u0142o\u015b\u0107 i swobod\u0119.\" \/>\n<meta property=\"og:url\" content=\"https:\/\/extery.com\/pl\/produkty\/obrotowy-fotel-miejski-hula-z-wysokim-oparciem\/\" \/>\n<meta property=\"og:site_name\" content=\"Extery\" \/>\n<meta property=\"article:modified_time\" content=\"2026-05-05T07:45:51+00:00\" \/>\n<meta property=\"og:image\" content=\"https:\/\/extery.com\/wp-content\/uploads\/2026\/02\/Hula-tugitool-korge-seljatoega-v1-EXTERY-urban-furniture-park-bench-pargipink-puistonpenkki-sols.jpg\" \/>\n\t<meta property=\"og:image:width\" content=\"900\" \/>\n\t<meta property=\"og:image:height\" content=\"600\" \/>\n\t<meta property=\"og:image:type\" content=\"image\/jpeg\" \/>\n<meta name=\"twitter:card\" content=\"summary_large_image\" \/>\n<meta name=\"twitter:label1\" content=\"Szacowany czas czytania\" \/>\n\t<meta name=\"twitter:data1\" content=\"1 minuta\" \/>\n<script type=\"application\/ld+json\" class=\"yoast-schema-graph\">{\"@context\":\"https:\/\/schema.org\",\"@graph\":[{\"@type\":\"WebPage\",\"@id\":\"https:\/\/extery.com\/pl\/produkty\/obrotowy-fotel-miejski-hula-z-wysokim-oparciem\/\",\"url\":\"https:\/\/extery.com\/pl\/produkty\/obrotowy-fotel-miejski-hula-z-wysokim-oparciem\/\",\"name\":\"Obrotowy fotel miejski Hula z wysokim oparciem - Extery\",\"isPartOf\":{\"@id\":\"https:\/\/extery.com\/pl\/#website\"},\"primaryImageOfPage\":{\"@id\":\"https:\/\/extery.com\/pl\/produkty\/obrotowy-fotel-miejski-hula-z-wysokim-oparciem\/#primaryimage\"},\"image\":{\"@id\":\"https:\/\/extery.com\/pl\/produkty\/obrotowy-fotel-miejski-hula-z-wysokim-oparciem\/#primaryimage\"},\"thumbnailUrl\":\"https:\/\/extery.com\/wp-content\/uploads\/2026\/02\/Hula-tugitool-korge-seljatoega-v1-EXTERY-urban-furniture-park-bench-pargipink-puistonpenkki-sols.jpg\",\"datePublished\":\"2026-02-03T12:27:41+00:00\",\"dateModified\":\"2026-05-05T07:45:51+00:00\",\"description\":\"Obrotowy fotel wypoczynkowy Hula z wysokim oparciem to obrotowy fotel miejski zaprojektowany do relaksuj\u0105cego korzystania w przestrzeniach publicznych, zapewniaj\u0105cy wygod\u0119, trwa\u0142o\u015b\u0107 i swobod\u0119.\",\"breadcrumb\":{\"@id\":\"https:\/\/extery.com\/pl\/produkty\/obrotowy-fotel-miejski-hula-z-wysokim-oparciem\/#breadcrumb\"},\"inLanguage\":\"pl-PL\",\"potentialAction\":[{\"@type\":\"ReadAction\",\"target\":[\"https:\/\/extery.com\/pl\/produkty\/obrotowy-fotel-miejski-hula-z-wysokim-oparciem\/\"]}]},{\"@type\":\"ImageObject\",\"inLanguage\":\"pl-PL\",\"@id\":\"https:\/\/extery.com\/pl\/produkty\/obrotowy-fotel-miejski-hula-z-wysokim-oparciem\/#primaryimage\",\"url\":\"https:\/\/extery.com\/wp-content\/uploads\/2026\/02\/Hula-tugitool-korge-seljatoega-v1-EXTERY-urban-furniture-park-bench-pargipink-puistonpenkki-sols.jpg\",\"contentUrl\":\"https:\/\/extery.com\/wp-content\/uploads\/2026\/02\/Hula-tugitool-korge-seljatoega-v1-EXTERY-urban-furniture-park-bench-pargipink-puistonpenkki-sols.jpg\",\"width\":900,\"height\":600},{\"@type\":\"BreadcrumbList\",\"@id\":\"https:\/\/extery.com\/pl\/produkty\/obrotowy-fotel-miejski-hula-z-wysokim-oparciem\/#breadcrumb\",\"itemListElement\":[{\"@type\":\"ListItem\",\"position\":1,\"name\":\"Home\",\"item\":\"https:\/\/extery.com\/pl\/\"},{\"@type\":\"ListItem\",\"position\":2,\"name\":\"Produkty\",\"item\":\"https:\/\/extery.com\/tooted\/\"},{\"@type\":\"ListItem\",\"position\":3,\"name\":\"Obrotowy fotel miejski Hula z wysokim oparciem\"}]},{\"@type\":\"WebSite\",\"@id\":\"https:\/\/extery.com\/pl\/#website\",\"url\":\"https:\/\/extery.com\/pl\/\",\"name\":\"Extery\",\"description\":\"\",\"publisher\":{\"@id\":\"https:\/\/extery.com\/pl\/#organization\"},\"potentialAction\":[{\"@type\":\"SearchAction\",\"target\":{\"@type\":\"EntryPoint\",\"urlTemplate\":\"https:\/\/extery.com\/pl\/?s={search_term_string}\"},\"query-input\":{\"@type\":\"PropertyValueSpecification\",\"valueRequired\":true,\"valueName\":\"search_term_string\"}}],\"inLanguage\":\"pl-PL\"},{\"@type\":\"Organization\",\"@id\":\"https:\/\/extery.com\/pl\/#organization\",\"name\":\"Extery\",\"url\":\"https:\/\/extery.com\/pl\/\",\"logo\":{\"@type\":\"ImageObject\",\"inLanguage\":\"pl-PL\",\"@id\":\"https:\/\/extery.com\/pl\/#\/schema\/logo\/image\/\",\"url\":\"https:\/\/extery.com\/wp-content\/uploads\/2023\/11\/footer-logo.svg\",\"contentUrl\":\"https:\/\/extery.com\/wp-content\/uploads\/2023\/11\/footer-logo.svg\",\"caption\":\"Extery \"},\"image\":{\"@id\":\"https:\/\/extery.com\/pl\/#\/schema\/logo\/image\/\"}}]}<\/script>\n<!-- \/ Yoast SEO plugin. -->","yoast_head_json":{"title":"Obrotowy fotel miejski Hula z wysokim oparciem - Extery","description":"Obrotowy fotel wypoczynkowy Hula z wysokim oparciem to obrotowy fotel miejski zaprojektowany do relaksuj\u0105cego korzystania w przestrzeniach publicznych, zapewniaj\u0105cy wygod\u0119, trwa\u0142o\u015b\u0107 i swobod\u0119.","robots":{"index":"index","follow":"follow","max-snippet":"max-snippet:-1","max-image-preview":"max-image-preview:large","max-video-preview":"max-video-preview:-1"},"canonical":"https:\/\/extery.com\/pl\/produkty\/obrotowy-fotel-miejski-hula-z-wysokim-oparciem\/","og_locale":"pl_PL","og_type":"article","og_title":"Obrotowy fotel miejski Hula z wysokim oparciem - Extery","og_description":"Obrotowy fotel wypoczynkowy Hula z wysokim oparciem to obrotowy fotel miejski zaprojektowany do relaksuj\u0105cego korzystania w przestrzeniach publicznych, zapewniaj\u0105cy wygod\u0119, trwa\u0142o\u015b\u0107 i swobod\u0119.","og_url":"https:\/\/extery.com\/pl\/produkty\/obrotowy-fotel-miejski-hula-z-wysokim-oparciem\/","og_site_name":"Extery","article_modified_time":"2026-05-05T07:45:51+00:00","og_image":[{"width":900,"height":600,"url":"https:\/\/extery.com\/wp-content\/uploads\/2026\/02\/Hula-tugitool-korge-seljatoega-v1-EXTERY-urban-furniture-park-bench-pargipink-puistonpenkki-sols.jpg","type":"image\/jpeg"}],"twitter_card":"summary_large_image","twitter_misc":{"Szacowany czas czytania":"1 minuta"},"schema":{"@context":"https:\/\/schema.org","@graph":[{"@type":"WebPage","@id":"https:\/\/extery.com\/pl\/produkty\/obrotowy-fotel-miejski-hula-z-wysokim-oparciem\/","url":"https:\/\/extery.com\/pl\/produkty\/obrotowy-fotel-miejski-hula-z-wysokim-oparciem\/","name":"Obrotowy fotel miejski Hula z wysokim oparciem - Extery","isPartOf":{"@id":"https:\/\/extery.com\/pl\/#website"},"primaryImageOfPage":{"@id":"https:\/\/extery.com\/pl\/produkty\/obrotowy-fotel-miejski-hula-z-wysokim-oparciem\/#primaryimage"},"image":{"@id":"https:\/\/extery.com\/pl\/produkty\/obrotowy-fotel-miejski-hula-z-wysokim-oparciem\/#primaryimage"},"thumbnailUrl":"https:\/\/extery.com\/wp-content\/uploads\/2026\/02\/Hula-tugitool-korge-seljatoega-v1-EXTERY-urban-furniture-park-bench-pargipink-puistonpenkki-sols.jpg","datePublished":"2026-02-03T12:27:41+00:00","dateModified":"2026-05-05T07:45:51+00:00","description":"Obrotowy fotel wypoczynkowy Hula z wysokim oparciem to obrotowy fotel miejski zaprojektowany do relaksuj\u0105cego korzystania w przestrzeniach publicznych, zapewniaj\u0105cy wygod\u0119, trwa\u0142o\u015b\u0107 i swobod\u0119.","breadcrumb":{"@id":"https:\/\/extery.com\/pl\/produkty\/obrotowy-fotel-miejski-hula-z-wysokim-oparciem\/#breadcrumb"},"inLanguage":"pl-PL","potentialAction":[{"@type":"ReadAction","target":["https:\/\/extery.com\/pl\/produkty\/obrotowy-fotel-miejski-hula-z-wysokim-oparciem\/"]}]},{"@type":"ImageObject","inLanguage":"pl-PL","@id":"https:\/\/extery.com\/pl\/produkty\/obrotowy-fotel-miejski-hula-z-wysokim-oparciem\/#primaryimage","url":"https:\/\/extery.com\/wp-content\/uploads\/2026\/02\/Hula-tugitool-korge-seljatoega-v1-EXTERY-urban-furniture-park-bench-pargipink-puistonpenkki-sols.jpg","contentUrl":"https:\/\/extery.com\/wp-content\/uploads\/2026\/02\/Hula-tugitool-korge-seljatoega-v1-EXTERY-urban-furniture-park-bench-pargipink-puistonpenkki-sols.jpg","width":900,"height":600},{"@type":"BreadcrumbList","@id":"https:\/\/extery.com\/pl\/produkty\/obrotowy-fotel-miejski-hula-z-wysokim-oparciem\/#breadcrumb","itemListElement":[{"@type":"ListItem","position":1,"name":"Home","item":"https:\/\/extery.com\/pl\/"},{"@type":"ListItem","position":2,"name":"Produkty","item":"https:\/\/extery.com\/tooted\/"},{"@type":"ListItem","position":3,"name":"Obrotowy fotel miejski Hula z wysokim oparciem"}]},{"@type":"WebSite","@id":"https:\/\/extery.com\/pl\/#website","url":"https:\/\/extery.com\/pl\/","name":"Extery","description":"","publisher":{"@id":"https:\/\/extery.com\/pl\/#organization"},"potentialAction":[{"@type":"SearchAction","target":{"@type":"EntryPoint","urlTemplate":"https:\/\/extery.com\/pl\/?s={search_term_string}"},"query-input":{"@type":"PropertyValueSpecification","valueRequired":true,"valueName":"search_term_string"}}],"inLanguage":"pl-PL"},{"@type":"Organization","@id":"https:\/\/extery.com\/pl\/#organization","name":"Extery","url":"https:\/\/extery.com\/pl\/","logo":{"@type":"ImageObject","inLanguage":"pl-PL","@id":"https:\/\/extery.com\/pl\/#\/schema\/logo\/image\/","url":"https:\/\/extery.com\/wp-content\/uploads\/2023\/11\/footer-logo.svg","contentUrl":"https:\/\/extery.com\/wp-content\/uploads\/2023\/11\/footer-logo.svg","caption":"Extery "},"image":{"@id":"https:\/\/extery.com\/pl\/#\/schema\/logo\/image\/"}}]}},"_links":{"self":[{"href":"https:\/\/extery.com\/pl\/wp-json\/wp\/v2\/product\/59857","targetHints":{"allow":["GET"]}}],"collection":[{"href":"https:\/\/extery.com\/pl\/wp-json\/wp\/v2\/product"}],"about":[{"href":"https:\/\/extery.com\/pl\/wp-json\/wp\/v2\/types\/product"}],"replies":[{"embeddable":true,"href":"https:\/\/extery.com\/pl\/wp-json\/wp\/v2\/comments?post=59857"}],"wp:featuredmedia":[{"embeddable":true,"href":"https:\/\/extery.com\/pl\/wp-json\/wp\/v2\/media\/59868"}],"wp:attachment":[{"href":"https:\/\/extery.com\/pl\/wp-json\/wp\/v2\/media?parent=59857"}],"wp:term":[{"taxonomy":"product_brand","embeddable":true,"href":"https:\/\/extery.com\/pl\/wp-json\/wp\/v2\/product_brand?post=59857"},{"taxonomy":"product_cat","embeddable":true,"href":"https:\/\/extery.com\/pl\/wp-json\/wp\/v2\/product_cat?post=59857"},{"taxonomy":"product_tag","embeddable":true,"href":"https:\/\/extery.com\/pl\/wp-json\/wp\/v2\/product_tag?post=59857"}],"curies":[{"name":"wp","href":"https:\/\/api.w.org\/{rel}","templated":true}]}}