{"id":59877,"date":"2023-04-21T09:53:41","date_gmt":"2023-04-21T09:53:41","guid":{"rendered":"https:\/\/extery.com\/tooted\/stojak-rowerowy-klaar\/"},"modified":"2026-05-02T18:47:58","modified_gmt":"2026-05-02T18:47:58","slug":"stojak-rowerowy-klaar","status":"publish","type":"product","link":"https:\/\/extery.com\/pl\/produkty\/stojak-rowerowy-klaar\/","title":{"rendered":"Stojak rowerowy Klaar"},"content":{"rendered":"<p>Stojaki rowerowe Kaar 1000 i Kaar 300 zosta\u0142y zaprojektowane z my\u015bl\u0105 o rowerzystach oraz u\u017cytkownikach mobilnego stylu \u017cycia. Stojak rowerowy Kaar ma prost\u0105 form\u0119, jest funkcjonalny i solidny. Pa\u0142\u0105ki s\u0105 przymocowane do ramy, co u\u0142atwia monta\u017c stojaka i sprawia, \u017ce nie wymaga on kotwienia do pod\u0142o\u017ca. Modu\u0142owa konstrukcja stojaka rowerowego umo\u017cliwia wyd\u0142u\u017canie rz\u0119du stanowisk w zale\u017cno\u015bci od potrzeb.<\/p>\n<p>Stojaki rowerowe Kaar 1000 i Kaar 300 dost\u0119pne s\u0105 w dw\u00f3ch modu\u0142ach: z 3 pa\u0142\u0105kami oraz z 4 pa\u0142\u0105kami. Do jednego pa\u0142\u0105ka mo\u017cna bezpiecznie przypi\u0105\u0107 maksymalnie dwa rowery. Zalet\u0105 stojak\u00f3w rowerowych Kaar jest ich kompaktowa forma, prostota oraz wygoda u\u017cytkowania.<\/p>\n","protected":false},"excerpt":{"rendered":"<p>Stojaki rowerowe Kaar 1000 i Kaar 300 zosta\u0142y zaprojektowane z my\u015bl\u0105 o rowerzystach oraz u\u017cytkownikach mobilnego stylu \u017cycia. Stojak rowerowy Kaar ma prost\u0105 form\u0119, jest funkcjonalny i solidny. Pa\u0142\u0105ki s\u0105 przymocowane do ramy, co u\u0142atwia monta\u017c stojaka i sprawia, \u017ce nie wymaga on kotwienia do pod\u0142o\u017ca. Modu\u0142owa konstrukcja stojaka rowerowego umo\u017cliwia wyd\u0142u\u017canie rz\u0119du stanowisk w [&hellip;]<\/p>\n","protected":false},"featured_media":59878,"comment_status":"open","ping_status":"closed","template":"","meta":{"_acf_changed":false},"product_brand":[],"product_cat":[386],"product_tag":[],"class_list":{"0":"post-59877","1":"product","2":"type-product","3":"status-publish","4":"has-post-thumbnail","6":"product_cat-stojaki-rowerowe","7":"product-family-kaar","9":"first","10":"instock","11":"shipping-taxable","12":"product-type-simple"},"acf":[],"yoast_head":"<!-- This site is optimized with the Yoast SEO plugin v26.4 - https:\/\/yoast.com\/wordpress\/plugins\/seo\/ -->\n<title>Stojak rowerowy Klaar - Extery<\/title>\n<meta name=\"description\" content=\"Parking rowerowy Kaar Mini to idealne rozwi\u0105zanie dla ma\u0142ych rowerzyst\u00f3w! Wybierz odpowiedni modu\u0142 z naszej kolekcji!\" \/>\n<meta name=\"robots\" content=\"index, follow, max-snippet:-1, max-image-preview:large, max-video-preview:-1\" \/>\n<link rel=\"canonical\" href=\"https:\/\/extery.com\/pl\/produkty\/stojak-rowerowy-klaar\/\" \/>\n<meta property=\"og:locale\" content=\"pl_PL\" \/>\n<meta property=\"og:type\" content=\"article\" \/>\n<meta property=\"og:title\" content=\"Stojak rowerowy Klaar - Extery\" \/>\n<meta property=\"og:description\" content=\"Parking rowerowy Kaar Mini to idealne rozwi\u0105zanie dla ma\u0142ych rowerzyst\u00f3w! Wybierz odpowiedni modu\u0142 z naszej kolekcji!\" \/>\n<meta property=\"og:url\" content=\"https:\/\/extery.com\/pl\/produkty\/stojak-rowerowy-klaar\/\" \/>\n<meta property=\"og:site_name\" content=\"Extery\" \/>\n<meta property=\"article:modified_time\" content=\"2026-05-02T18:47:58+00:00\" \/>\n<meta property=\"og:image\" content=\"https:\/\/extery.com\/wp-content\/uploads\/2023\/04\/Kaar-1000-3-jalgrattaparkla-bicycle-parking-web-scaled.jpg\" \/>\n\t<meta property=\"og:image:width\" content=\"2560\" \/>\n\t<meta property=\"og:image:height\" content=\"1707\" \/>\n\t<meta property=\"og:image:type\" content=\"image\/jpeg\" \/>\n<meta name=\"twitter:card\" content=\"summary_large_image\" \/>\n<meta name=\"twitter:label1\" content=\"Szacowany czas czytania\" \/>\n\t<meta name=\"twitter:data1\" content=\"1 minuta\" \/>\n<script type=\"application\/ld+json\" class=\"yoast-schema-graph\">{\"@context\":\"https:\/\/schema.org\",\"@graph\":[{\"@type\":\"WebPage\",\"@id\":\"https:\/\/extery.com\/pl\/produkty\/stojak-rowerowy-klaar\/\",\"url\":\"https:\/\/extery.com\/pl\/produkty\/stojak-rowerowy-klaar\/\",\"name\":\"Stojak rowerowy Klaar - Extery\",\"isPartOf\":{\"@id\":\"https:\/\/extery.com\/pl\/#website\"},\"primaryImageOfPage\":{\"@id\":\"https:\/\/extery.com\/pl\/produkty\/stojak-rowerowy-klaar\/#primaryimage\"},\"image\":{\"@id\":\"https:\/\/extery.com\/pl\/produkty\/stojak-rowerowy-klaar\/#primaryimage\"},\"thumbnailUrl\":\"https:\/\/extery.com\/wp-content\/uploads\/2023\/04\/Kaar-1000-3-jalgrattaparkla-bicycle-parking-web-scaled.jpg\",\"datePublished\":\"2023-04-21T09:53:41+00:00\",\"dateModified\":\"2026-05-02T18:47:58+00:00\",\"description\":\"Parking rowerowy Kaar Mini to idealne rozwi\u0105zanie dla ma\u0142ych rowerzyst\u00f3w! Wybierz odpowiedni modu\u0142 z naszej kolekcji!\",\"breadcrumb\":{\"@id\":\"https:\/\/extery.com\/pl\/produkty\/stojak-rowerowy-klaar\/#breadcrumb\"},\"inLanguage\":\"pl-PL\",\"potentialAction\":[{\"@type\":\"ReadAction\",\"target\":[\"https:\/\/extery.com\/pl\/produkty\/stojak-rowerowy-klaar\/\"]}]},{\"@type\":\"ImageObject\",\"inLanguage\":\"pl-PL\",\"@id\":\"https:\/\/extery.com\/pl\/produkty\/stojak-rowerowy-klaar\/#primaryimage\",\"url\":\"https:\/\/extery.com\/wp-content\/uploads\/2023\/04\/Kaar-1000-3-jalgrattaparkla-bicycle-parking-web-scaled.jpg\",\"contentUrl\":\"https:\/\/extery.com\/wp-content\/uploads\/2023\/04\/Kaar-1000-3-jalgrattaparkla-bicycle-parking-web-scaled.jpg\",\"width\":2560,\"height\":1707},{\"@type\":\"BreadcrumbList\",\"@id\":\"https:\/\/extery.com\/pl\/produkty\/stojak-rowerowy-klaar\/#breadcrumb\",\"itemListElement\":[{\"@type\":\"ListItem\",\"position\":1,\"name\":\"Home\",\"item\":\"https:\/\/extery.com\/pl\/\"},{\"@type\":\"ListItem\",\"position\":2,\"name\":\"Produkty\",\"item\":\"https:\/\/extery.com\/tooted\/\"},{\"@type\":\"ListItem\",\"position\":3,\"name\":\"Stojak rowerowy Klaar\"}]},{\"@type\":\"WebSite\",\"@id\":\"https:\/\/extery.com\/pl\/#website\",\"url\":\"https:\/\/extery.com\/pl\/\",\"name\":\"Extery\",\"description\":\"\",\"publisher\":{\"@id\":\"https:\/\/extery.com\/pl\/#organization\"},\"potentialAction\":[{\"@type\":\"SearchAction\",\"target\":{\"@type\":\"EntryPoint\",\"urlTemplate\":\"https:\/\/extery.com\/pl\/?s={search_term_string}\"},\"query-input\":{\"@type\":\"PropertyValueSpecification\",\"valueRequired\":true,\"valueName\":\"search_term_string\"}}],\"inLanguage\":\"pl-PL\"},{\"@type\":\"Organization\",\"@id\":\"https:\/\/extery.com\/pl\/#organization\",\"name\":\"Extery\",\"url\":\"https:\/\/extery.com\/pl\/\",\"logo\":{\"@type\":\"ImageObject\",\"inLanguage\":\"pl-PL\",\"@id\":\"https:\/\/extery.com\/pl\/#\/schema\/logo\/image\/\",\"url\":\"https:\/\/extery.com\/wp-content\/uploads\/2023\/11\/footer-logo.svg\",\"contentUrl\":\"https:\/\/extery.com\/wp-content\/uploads\/2023\/11\/footer-logo.svg\",\"caption\":\"Extery \"},\"image\":{\"@id\":\"https:\/\/extery.com\/pl\/#\/schema\/logo\/image\/\"}}]}<\/script>\n<!-- \/ Yoast SEO plugin. -->","yoast_head_json":{"title":"Stojak rowerowy Klaar - Extery","description":"Parking rowerowy Kaar Mini to idealne rozwi\u0105zanie dla ma\u0142ych rowerzyst\u00f3w! Wybierz odpowiedni modu\u0142 z naszej kolekcji!","robots":{"index":"index","follow":"follow","max-snippet":"max-snippet:-1","max-image-preview":"max-image-preview:large","max-video-preview":"max-video-preview:-1"},"canonical":"https:\/\/extery.com\/pl\/produkty\/stojak-rowerowy-klaar\/","og_locale":"pl_PL","og_type":"article","og_title":"Stojak rowerowy Klaar - Extery","og_description":"Parking rowerowy Kaar Mini to idealne rozwi\u0105zanie dla ma\u0142ych rowerzyst\u00f3w! Wybierz odpowiedni modu\u0142 z naszej kolekcji!","og_url":"https:\/\/extery.com\/pl\/produkty\/stojak-rowerowy-klaar\/","og_site_name":"Extery","article_modified_time":"2026-05-02T18:47:58+00:00","og_image":[{"width":2560,"height":1707,"url":"https:\/\/extery.com\/wp-content\/uploads\/2023\/04\/Kaar-1000-3-jalgrattaparkla-bicycle-parking-web-scaled.jpg","type":"image\/jpeg"}],"twitter_card":"summary_large_image","twitter_misc":{"Szacowany czas czytania":"1 minuta"},"schema":{"@context":"https:\/\/schema.org","@graph":[{"@type":"WebPage","@id":"https:\/\/extery.com\/pl\/produkty\/stojak-rowerowy-klaar\/","url":"https:\/\/extery.com\/pl\/produkty\/stojak-rowerowy-klaar\/","name":"Stojak rowerowy Klaar - Extery","isPartOf":{"@id":"https:\/\/extery.com\/pl\/#website"},"primaryImageOfPage":{"@id":"https:\/\/extery.com\/pl\/produkty\/stojak-rowerowy-klaar\/#primaryimage"},"image":{"@id":"https:\/\/extery.com\/pl\/produkty\/stojak-rowerowy-klaar\/#primaryimage"},"thumbnailUrl":"https:\/\/extery.com\/wp-content\/uploads\/2023\/04\/Kaar-1000-3-jalgrattaparkla-bicycle-parking-web-scaled.jpg","datePublished":"2023-04-21T09:53:41+00:00","dateModified":"2026-05-02T18:47:58+00:00","description":"Parking rowerowy Kaar Mini to idealne rozwi\u0105zanie dla ma\u0142ych rowerzyst\u00f3w! Wybierz odpowiedni modu\u0142 z naszej kolekcji!","breadcrumb":{"@id":"https:\/\/extery.com\/pl\/produkty\/stojak-rowerowy-klaar\/#breadcrumb"},"inLanguage":"pl-PL","potentialAction":[{"@type":"ReadAction","target":["https:\/\/extery.com\/pl\/produkty\/stojak-rowerowy-klaar\/"]}]},{"@type":"ImageObject","inLanguage":"pl-PL","@id":"https:\/\/extery.com\/pl\/produkty\/stojak-rowerowy-klaar\/#primaryimage","url":"https:\/\/extery.com\/wp-content\/uploads\/2023\/04\/Kaar-1000-3-jalgrattaparkla-bicycle-parking-web-scaled.jpg","contentUrl":"https:\/\/extery.com\/wp-content\/uploads\/2023\/04\/Kaar-1000-3-jalgrattaparkla-bicycle-parking-web-scaled.jpg","width":2560,"height":1707},{"@type":"BreadcrumbList","@id":"https:\/\/extery.com\/pl\/produkty\/stojak-rowerowy-klaar\/#breadcrumb","itemListElement":[{"@type":"ListItem","position":1,"name":"Home","item":"https:\/\/extery.com\/pl\/"},{"@type":"ListItem","position":2,"name":"Produkty","item":"https:\/\/extery.com\/tooted\/"},{"@type":"ListItem","position":3,"name":"Stojak rowerowy Klaar"}]},{"@type":"WebSite","@id":"https:\/\/extery.com\/pl\/#website","url":"https:\/\/extery.com\/pl\/","name":"Extery","description":"","publisher":{"@id":"https:\/\/extery.com\/pl\/#organization"},"potentialAction":[{"@type":"SearchAction","target":{"@type":"EntryPoint","urlTemplate":"https:\/\/extery.com\/pl\/?s={search_term_string}"},"query-input":{"@type":"PropertyValueSpecification","valueRequired":true,"valueName":"search_term_string"}}],"inLanguage":"pl-PL"},{"@type":"Organization","@id":"https:\/\/extery.com\/pl\/#organization","name":"Extery","url":"https:\/\/extery.com\/pl\/","logo":{"@type":"ImageObject","inLanguage":"pl-PL","@id":"https:\/\/extery.com\/pl\/#\/schema\/logo\/image\/","url":"https:\/\/extery.com\/wp-content\/uploads\/2023\/11\/footer-logo.svg","contentUrl":"https:\/\/extery.com\/wp-content\/uploads\/2023\/11\/footer-logo.svg","caption":"Extery "},"image":{"@id":"https:\/\/extery.com\/pl\/#\/schema\/logo\/image\/"}}]}},"_links":{"self":[{"href":"https:\/\/extery.com\/pl\/wp-json\/wp\/v2\/product\/59877","targetHints":{"allow":["GET"]}}],"collection":[{"href":"https:\/\/extery.com\/pl\/wp-json\/wp\/v2\/product"}],"about":[{"href":"https:\/\/extery.com\/pl\/wp-json\/wp\/v2\/types\/product"}],"replies":[{"embeddable":true,"href":"https:\/\/extery.com\/pl\/wp-json\/wp\/v2\/comments?post=59877"}],"wp:featuredmedia":[{"embeddable":true,"href":"https:\/\/extery.com\/pl\/wp-json\/wp\/v2\/media\/59878"}],"wp:attachment":[{"href":"https:\/\/extery.com\/pl\/wp-json\/wp\/v2\/media?parent=59877"}],"wp:term":[{"taxonomy":"product_brand","embeddable":true,"href":"https:\/\/extery.com\/pl\/wp-json\/wp\/v2\/product_brand?post=59877"},{"taxonomy":"product_cat","embeddable":true,"href":"https:\/\/extery.com\/pl\/wp-json\/wp\/v2\/product_cat?post=59877"},{"taxonomy":"product_tag","embeddable":true,"href":"https:\/\/extery.com\/pl\/wp-json\/wp\/v2\/product_tag?post=59877"}],"curies":[{"name":"wp","href":"https:\/\/api.w.org\/{rel}","templated":true}]}}