{"id":59883,"date":"2023-03-20T14:59:32","date_gmt":"2023-03-20T14:59:32","guid":{"rendered":"https:\/\/extery.com\/tooted\/stojak-rowerowy-klaar-mini\/"},"modified":"2026-05-02T18:46:03","modified_gmt":"2026-05-02T18:46:03","slug":"stojak-rowerowy-klaar-mini","status":"publish","type":"product","link":"https:\/\/extery.com\/pl\/produkty\/stojak-rowerowy-klaar-mini\/","title":{"rendered":"Stojak rowerowy Klaar Mini"},"content":{"rendered":"<p>Stojak rowerowy Klaar Mini to rozwi\u0105zanie zaprojektowane z my\u015bl\u0105 o najm\u0142odszych u\u017cytkownikach rower\u00f3w. Model KLAAR MINI wyr\u00f3\u017cnia si\u0119 prost\u0105 i funkcjonaln\u0105 form\u0105, \u0142\u0105cz\u0105c estetyczny wygl\u0105d z trwa\u0142\u0105 i odporn\u0105 konstrukcj\u0105.<\/p>\n<p>\u0141uki s\u0105 przymocowane do ramy, co umo\u017cliwia \u0142atwy monta\u017c bez konieczno\u015bci kotwienia do pod\u0142o\u017ca. Dzi\u0119ki temu rozwi\u0105zanie zapewnia elastyczno\u015b\u0107 w ustawieniu i u\u017cytkowaniu. Modu\u0142owa konstrukcja stojaka Klaar Mini pozwala r\u00f3wnie\u017c na \u0142atwe wyd\u0142u\u017canie rz\u0119du w celu zwi\u0119kszenia liczby miejsc dla rower\u00f3w.<\/p>\n<p>Do wyboru s\u0105 dwa modu\u0142y wyposa\u017cone w 2 lub 4 pa\u0142\u0105ki, umo\u017cliwiaj\u0105ce bezpieczne przypi\u0119cie maksymalnie dw\u00f3ch rower\u00f3w do ka\u017cdego z nich. Dzi\u0119ki kompaktowym wymiarom i prostej konstrukcji stojak rowerowy KLAAR MINI stanowi praktyczne rozwi\u0105zanie do parkowania rower\u00f3w dzieci\u0119cych.<\/p>\n<p>&nbsp;<\/p>\n<p>&nbsp;<\/p>\n","protected":false},"excerpt":{"rendered":"<p>Stojak rowerowy Klaar Mini to rozwi\u0105zanie zaprojektowane z my\u015bl\u0105 o najm\u0142odszych u\u017cytkownikach rower\u00f3w. Model KLAAR MINI wyr\u00f3\u017cnia si\u0119 prost\u0105 i funkcjonaln\u0105 form\u0105, \u0142\u0105cz\u0105c estetyczny wygl\u0105d z trwa\u0142\u0105 i odporn\u0105 konstrukcj\u0105. \u0141uki s\u0105 przymocowane do ramy, co umo\u017cliwia \u0142atwy monta\u017c bez konieczno\u015bci kotwienia do pod\u0142o\u017ca. Dzi\u0119ki temu rozwi\u0105zanie zapewnia elastyczno\u015b\u0107 w ustawieniu i u\u017cytkowaniu. Modu\u0142owa konstrukcja [&hellip;]<\/p>\n","protected":false},"featured_media":59884,"comment_status":"open","ping_status":"closed","template":"","meta":{"_acf_changed":false},"product_brand":[],"product_cat":[386],"product_tag":[],"class_list":{"0":"post-59883","1":"product","2":"type-product","3":"status-publish","4":"has-post-thumbnail","6":"product_cat-stojaki-rowerowe","7":"product-family-kaar","9":"first","10":"instock","11":"shipping-taxable","12":"product-type-simple"},"acf":[],"yoast_head":"<!-- This site is optimized with the Yoast SEO plugin v26.4 - https:\/\/yoast.com\/wordpress\/plugins\/seo\/ -->\n<title>Stojak rowerowy Klaar Mini - Extery<\/title>\n<meta name=\"description\" content=\"Parking rowerowy Kaar Mini to idealne rozwi\u0105zanie dla ma\u0142ych rowerzyst\u00f3w! Wybierz odpowiedni modu\u0142 z naszej kolekcji!\" \/>\n<meta name=\"robots\" content=\"index, follow, max-snippet:-1, max-image-preview:large, max-video-preview:-1\" \/>\n<link rel=\"canonical\" href=\"https:\/\/extery.com\/pl\/produkty\/stojak-rowerowy-klaar-mini\/\" \/>\n<meta property=\"og:locale\" content=\"pl_PL\" \/>\n<meta property=\"og:type\" content=\"article\" \/>\n<meta property=\"og:title\" content=\"Stojak rowerowy Klaar Mini - Extery\" \/>\n<meta property=\"og:description\" content=\"Parking rowerowy Kaar Mini to idealne rozwi\u0105zanie dla ma\u0142ych rowerzyst\u00f3w! Wybierz odpowiedni modu\u0142 z naszej kolekcji!\" \/>\n<meta property=\"og:url\" content=\"https:\/\/extery.com\/pl\/produkty\/stojak-rowerowy-klaar-mini\/\" \/>\n<meta property=\"og:site_name\" content=\"Extery\" \/>\n<meta property=\"article:modified_time\" content=\"2026-05-02T18:46:03+00:00\" \/>\n<meta property=\"og:image\" content=\"https:\/\/extery.com\/wp-content\/uploads\/2023\/03\/Kaar-mini.jpg\" \/>\n\t<meta property=\"og:image:width\" content=\"2501\" \/>\n\t<meta property=\"og:image:height\" content=\"1667\" \/>\n\t<meta property=\"og:image:type\" content=\"image\/jpeg\" \/>\n<meta name=\"twitter:card\" content=\"summary_large_image\" \/>\n<meta name=\"twitter:label1\" content=\"Szacowany czas czytania\" \/>\n\t<meta name=\"twitter:data1\" content=\"1 minuta\" \/>\n<script type=\"application\/ld+json\" class=\"yoast-schema-graph\">{\"@context\":\"https:\/\/schema.org\",\"@graph\":[{\"@type\":\"WebPage\",\"@id\":\"https:\/\/extery.com\/pl\/produkty\/stojak-rowerowy-klaar-mini\/\",\"url\":\"https:\/\/extery.com\/pl\/produkty\/stojak-rowerowy-klaar-mini\/\",\"name\":\"Stojak rowerowy Klaar Mini - Extery\",\"isPartOf\":{\"@id\":\"https:\/\/extery.com\/pl\/#website\"},\"primaryImageOfPage\":{\"@id\":\"https:\/\/extery.com\/pl\/produkty\/stojak-rowerowy-klaar-mini\/#primaryimage\"},\"image\":{\"@id\":\"https:\/\/extery.com\/pl\/produkty\/stojak-rowerowy-klaar-mini\/#primaryimage\"},\"thumbnailUrl\":\"https:\/\/extery.com\/wp-content\/uploads\/2023\/03\/Kaar-mini.jpg\",\"datePublished\":\"2023-03-20T14:59:32+00:00\",\"dateModified\":\"2026-05-02T18:46:03+00:00\",\"description\":\"Parking rowerowy Kaar Mini to idealne rozwi\u0105zanie dla ma\u0142ych rowerzyst\u00f3w! Wybierz odpowiedni modu\u0142 z naszej kolekcji!\",\"breadcrumb\":{\"@id\":\"https:\/\/extery.com\/pl\/produkty\/stojak-rowerowy-klaar-mini\/#breadcrumb\"},\"inLanguage\":\"pl-PL\",\"potentialAction\":[{\"@type\":\"ReadAction\",\"target\":[\"https:\/\/extery.com\/pl\/produkty\/stojak-rowerowy-klaar-mini\/\"]}]},{\"@type\":\"ImageObject\",\"inLanguage\":\"pl-PL\",\"@id\":\"https:\/\/extery.com\/pl\/produkty\/stojak-rowerowy-klaar-mini\/#primaryimage\",\"url\":\"https:\/\/extery.com\/wp-content\/uploads\/2023\/03\/Kaar-mini.jpg\",\"contentUrl\":\"https:\/\/extery.com\/wp-content\/uploads\/2023\/03\/Kaar-mini.jpg\",\"width\":2501,\"height\":1667},{\"@type\":\"BreadcrumbList\",\"@id\":\"https:\/\/extery.com\/pl\/produkty\/stojak-rowerowy-klaar-mini\/#breadcrumb\",\"itemListElement\":[{\"@type\":\"ListItem\",\"position\":1,\"name\":\"Home\",\"item\":\"https:\/\/extery.com\/pl\/\"},{\"@type\":\"ListItem\",\"position\":2,\"name\":\"Produkty\",\"item\":\"https:\/\/extery.com\/tooted\/\"},{\"@type\":\"ListItem\",\"position\":3,\"name\":\"Stojak rowerowy Klaar Mini\"}]},{\"@type\":\"WebSite\",\"@id\":\"https:\/\/extery.com\/pl\/#website\",\"url\":\"https:\/\/extery.com\/pl\/\",\"name\":\"Extery\",\"description\":\"\",\"publisher\":{\"@id\":\"https:\/\/extery.com\/pl\/#organization\"},\"potentialAction\":[{\"@type\":\"SearchAction\",\"target\":{\"@type\":\"EntryPoint\",\"urlTemplate\":\"https:\/\/extery.com\/pl\/?s={search_term_string}\"},\"query-input\":{\"@type\":\"PropertyValueSpecification\",\"valueRequired\":true,\"valueName\":\"search_term_string\"}}],\"inLanguage\":\"pl-PL\"},{\"@type\":\"Organization\",\"@id\":\"https:\/\/extery.com\/pl\/#organization\",\"name\":\"Extery\",\"url\":\"https:\/\/extery.com\/pl\/\",\"logo\":{\"@type\":\"ImageObject\",\"inLanguage\":\"pl-PL\",\"@id\":\"https:\/\/extery.com\/pl\/#\/schema\/logo\/image\/\",\"url\":\"https:\/\/extery.com\/wp-content\/uploads\/2023\/11\/footer-logo.svg\",\"contentUrl\":\"https:\/\/extery.com\/wp-content\/uploads\/2023\/11\/footer-logo.svg\",\"caption\":\"Extery \"},\"image\":{\"@id\":\"https:\/\/extery.com\/pl\/#\/schema\/logo\/image\/\"}}]}<\/script>\n<!-- \/ Yoast SEO plugin. -->","yoast_head_json":{"title":"Stojak rowerowy Klaar Mini - Extery","description":"Parking rowerowy Kaar Mini to idealne rozwi\u0105zanie dla ma\u0142ych rowerzyst\u00f3w! Wybierz odpowiedni modu\u0142 z naszej kolekcji!","robots":{"index":"index","follow":"follow","max-snippet":"max-snippet:-1","max-image-preview":"max-image-preview:large","max-video-preview":"max-video-preview:-1"},"canonical":"https:\/\/extery.com\/pl\/produkty\/stojak-rowerowy-klaar-mini\/","og_locale":"pl_PL","og_type":"article","og_title":"Stojak rowerowy Klaar Mini - Extery","og_description":"Parking rowerowy Kaar Mini to idealne rozwi\u0105zanie dla ma\u0142ych rowerzyst\u00f3w! Wybierz odpowiedni modu\u0142 z naszej kolekcji!","og_url":"https:\/\/extery.com\/pl\/produkty\/stojak-rowerowy-klaar-mini\/","og_site_name":"Extery","article_modified_time":"2026-05-02T18:46:03+00:00","og_image":[{"width":2501,"height":1667,"url":"https:\/\/extery.com\/wp-content\/uploads\/2023\/03\/Kaar-mini.jpg","type":"image\/jpeg"}],"twitter_card":"summary_large_image","twitter_misc":{"Szacowany czas czytania":"1 minuta"},"schema":{"@context":"https:\/\/schema.org","@graph":[{"@type":"WebPage","@id":"https:\/\/extery.com\/pl\/produkty\/stojak-rowerowy-klaar-mini\/","url":"https:\/\/extery.com\/pl\/produkty\/stojak-rowerowy-klaar-mini\/","name":"Stojak rowerowy Klaar Mini - Extery","isPartOf":{"@id":"https:\/\/extery.com\/pl\/#website"},"primaryImageOfPage":{"@id":"https:\/\/extery.com\/pl\/produkty\/stojak-rowerowy-klaar-mini\/#primaryimage"},"image":{"@id":"https:\/\/extery.com\/pl\/produkty\/stojak-rowerowy-klaar-mini\/#primaryimage"},"thumbnailUrl":"https:\/\/extery.com\/wp-content\/uploads\/2023\/03\/Kaar-mini.jpg","datePublished":"2023-03-20T14:59:32+00:00","dateModified":"2026-05-02T18:46:03+00:00","description":"Parking rowerowy Kaar Mini to idealne rozwi\u0105zanie dla ma\u0142ych rowerzyst\u00f3w! Wybierz odpowiedni modu\u0142 z naszej kolekcji!","breadcrumb":{"@id":"https:\/\/extery.com\/pl\/produkty\/stojak-rowerowy-klaar-mini\/#breadcrumb"},"inLanguage":"pl-PL","potentialAction":[{"@type":"ReadAction","target":["https:\/\/extery.com\/pl\/produkty\/stojak-rowerowy-klaar-mini\/"]}]},{"@type":"ImageObject","inLanguage":"pl-PL","@id":"https:\/\/extery.com\/pl\/produkty\/stojak-rowerowy-klaar-mini\/#primaryimage","url":"https:\/\/extery.com\/wp-content\/uploads\/2023\/03\/Kaar-mini.jpg","contentUrl":"https:\/\/extery.com\/wp-content\/uploads\/2023\/03\/Kaar-mini.jpg","width":2501,"height":1667},{"@type":"BreadcrumbList","@id":"https:\/\/extery.com\/pl\/produkty\/stojak-rowerowy-klaar-mini\/#breadcrumb","itemListElement":[{"@type":"ListItem","position":1,"name":"Home","item":"https:\/\/extery.com\/pl\/"},{"@type":"ListItem","position":2,"name":"Produkty","item":"https:\/\/extery.com\/tooted\/"},{"@type":"ListItem","position":3,"name":"Stojak rowerowy Klaar Mini"}]},{"@type":"WebSite","@id":"https:\/\/extery.com\/pl\/#website","url":"https:\/\/extery.com\/pl\/","name":"Extery","description":"","publisher":{"@id":"https:\/\/extery.com\/pl\/#organization"},"potentialAction":[{"@type":"SearchAction","target":{"@type":"EntryPoint","urlTemplate":"https:\/\/extery.com\/pl\/?s={search_term_string}"},"query-input":{"@type":"PropertyValueSpecification","valueRequired":true,"valueName":"search_term_string"}}],"inLanguage":"pl-PL"},{"@type":"Organization","@id":"https:\/\/extery.com\/pl\/#organization","name":"Extery","url":"https:\/\/extery.com\/pl\/","logo":{"@type":"ImageObject","inLanguage":"pl-PL","@id":"https:\/\/extery.com\/pl\/#\/schema\/logo\/image\/","url":"https:\/\/extery.com\/wp-content\/uploads\/2023\/11\/footer-logo.svg","contentUrl":"https:\/\/extery.com\/wp-content\/uploads\/2023\/11\/footer-logo.svg","caption":"Extery "},"image":{"@id":"https:\/\/extery.com\/pl\/#\/schema\/logo\/image\/"}}]}},"_links":{"self":[{"href":"https:\/\/extery.com\/pl\/wp-json\/wp\/v2\/product\/59883","targetHints":{"allow":["GET"]}}],"collection":[{"href":"https:\/\/extery.com\/pl\/wp-json\/wp\/v2\/product"}],"about":[{"href":"https:\/\/extery.com\/pl\/wp-json\/wp\/v2\/types\/product"}],"replies":[{"embeddable":true,"href":"https:\/\/extery.com\/pl\/wp-json\/wp\/v2\/comments?post=59883"}],"wp:featuredmedia":[{"embeddable":true,"href":"https:\/\/extery.com\/pl\/wp-json\/wp\/v2\/media\/59884"}],"wp:attachment":[{"href":"https:\/\/extery.com\/pl\/wp-json\/wp\/v2\/media?parent=59883"}],"wp:term":[{"taxonomy":"product_brand","embeddable":true,"href":"https:\/\/extery.com\/pl\/wp-json\/wp\/v2\/product_brand?post=59883"},{"taxonomy":"product_cat","embeddable":true,"href":"https:\/\/extery.com\/pl\/wp-json\/wp\/v2\/product_cat?post=59883"},{"taxonomy":"product_tag","embeddable":true,"href":"https:\/\/extery.com\/pl\/wp-json\/wp\/v2\/product_tag?post=59883"}],"curies":[{"name":"wp","href":"https:\/\/api.w.org\/{rel}","templated":true}]}}