{"id":59917,"date":"2020-11-11T08:15:18","date_gmt":"2020-11-11T08:15:18","guid":{"rendered":"https:\/\/extery.com\/tooted\/lawka-parkowa-klaar-steel-bez-oparcia\/"},"modified":"2026-05-04T06:58:34","modified_gmt":"2026-05-04T06:58:34","slug":"lawka-parkowa-klaar-steel-bez-oparcia","status":"publish","type":"product","link":"https:\/\/extery.com\/pl\/produkty\/lawka-parkowa-klaar-steel-bez-oparcia\/","title":{"rendered":"\u0141awka parkowa Klaar Steel, bez oparcia"},"content":{"rendered":"<p>\u0141awka parkowa Klaar Steel wyr\u00f3\u017cnia si\u0119 prostym stylem i trwa\u0142\u0105 konstrukcj\u0105.<\/p>\n<p>Racjonalno\u015b\u0107, neutralno\u015b\u0107 oraz precyzyjne, estetyczne wyko\u0144czenie element\u00f3w charakteryzuj\u0105ce seri\u0119 Klaar to cechy, kt\u00f3re nie trac\u0105 na aktualno\u015bci ani nie podlegaj\u0105 szybko zmieniaj\u0105cym si\u0119 trendom. Czysto\u015b\u0107 i lekko\u015b\u0107 formy oraz szeroki wyb\u00f3r materia\u0142\u00f3w sprawiaj\u0105, \u017ce Klaar znajduje zastosowanie w wielu nowoczesnych kontekstach architektonicznych, oferuj\u0105c rozwi\u0105zania odpowiadaj\u0105ce zr\u00f3\u017cnicowanym wymaganiom.<\/p>\n<p>Linia obejmuje trzyosobowe \u0142awki parkowe, na kt\u00f3rych mo\u017cna wygodnie usi\u0105\u015b\u0107 i oprze\u0107 plecy, wpatruj\u0105c si\u0119 w morze, pojedyncze krzes\u0142a oferuj\u0105ce chwil\u0119 wytchnienia i mo\u017cliwo\u015b\u0107 odosobnienia w zgie\u0142ku miejskiego placu, a tak\u017ce siedziska i sto\u0142y umo\u017cliwiaj\u0105ce tworzenie stref piknikowych w parku.<\/p>\n","protected":false},"excerpt":{"rendered":"<p>\u0141awka parkowa Klaar Steel wyr\u00f3\u017cnia si\u0119 prostym stylem i trwa\u0142\u0105 konstrukcj\u0105. Racjonalno\u015b\u0107, neutralno\u015b\u0107 oraz precyzyjne, estetyczne wyko\u0144czenie element\u00f3w charakteryzuj\u0105ce seri\u0119 Klaar to cechy, kt\u00f3re nie trac\u0105 na aktualno\u015bci ani nie podlegaj\u0105 szybko zmieniaj\u0105cym si\u0119 trendom. Czysto\u015b\u0107 i lekko\u015b\u0107 formy oraz szeroki wyb\u00f3r materia\u0142\u00f3w sprawiaj\u0105, \u017ce Klaar znajduje zastosowanie w wielu nowoczesnych kontekstach architektonicznych, oferuj\u0105c rozwi\u0105zania [&hellip;]<\/p>\n","protected":false},"featured_media":59918,"comment_status":"open","ping_status":"closed","template":"","meta":{"_acf_changed":false},"product_brand":[],"product_cat":[369],"product_tag":[],"class_list":{"0":"post-59917","1":"product","2":"type-product","3":"status-publish","4":"has-post-thumbnail","6":"product_cat-lawki-parkowe-bez-oparcia","7":"product-family-klaar-steel","9":"first","10":"instock","11":"shipping-taxable","12":"product-type-simple"},"acf":[],"yoast_head":"<!-- This site is optimized with the Yoast SEO plugin v26.4 - https:\/\/yoast.com\/wordpress\/plugins\/seo\/ -->\n<title>\u0141awka parkowa Klaar Steel, bez oparcia - Extery<\/title>\n<meta name=\"description\" content=\"\u0141awka parkowa Klaar Steel \u0142\u0105czy w sobie styl i trwa\u0142o\u015b\u0107. Wyrazisty i lekki kszta\u0142t sprawia, \u017ce \u200b\u200b\u0142awka Klaar idealnie pasuje do r\u00f3\u017cnorodnych kontekst\u00f3w architektonicznych.\" \/>\n<meta name=\"robots\" content=\"index, follow, max-snippet:-1, max-image-preview:large, max-video-preview:-1\" \/>\n<link rel=\"canonical\" href=\"https:\/\/extery.com\/pl\/produkty\/lawka-parkowa-klaar-steel-bez-oparcia\/\" \/>\n<meta property=\"og:locale\" content=\"pl_PL\" \/>\n<meta property=\"og:type\" content=\"article\" \/>\n<meta property=\"og:title\" content=\"\u0141awka parkowa Klaar Steel, bez oparcia - Extery\" \/>\n<meta property=\"og:description\" content=\"\u0141awka parkowa Klaar Steel \u0142\u0105czy w sobie styl i trwa\u0142o\u015b\u0107. Wyrazisty i lekki kszta\u0142t sprawia, \u017ce \u200b\u200b\u0142awka Klaar idealnie pasuje do r\u00f3\u017cnorodnych kontekst\u00f3w architektonicznych.\" \/>\n<meta property=\"og:url\" content=\"https:\/\/extery.com\/pl\/produkty\/lawka-parkowa-klaar-steel-bez-oparcia\/\" \/>\n<meta property=\"og:site_name\" content=\"Extery\" \/>\n<meta property=\"article:modified_time\" content=\"2026-05-04T06:58:34+00:00\" \/>\n<meta property=\"og:image\" content=\"https:\/\/extery.com\/wp-content\/uploads\/2020\/11\/Klaar-Steel-J-E-scaled.jpg\" \/>\n\t<meta property=\"og:image:width\" content=\"2560\" \/>\n\t<meta property=\"og:image:height\" content=\"1707\" \/>\n\t<meta property=\"og:image:type\" content=\"image\/jpeg\" \/>\n<meta name=\"twitter:card\" content=\"summary_large_image\" \/>\n<meta name=\"twitter:label1\" content=\"Szacowany czas czytania\" \/>\n\t<meta name=\"twitter:data1\" content=\"1 minuta\" \/>\n<script type=\"application\/ld+json\" class=\"yoast-schema-graph\">{\"@context\":\"https:\/\/schema.org\",\"@graph\":[{\"@type\":\"WebPage\",\"@id\":\"https:\/\/extery.com\/pl\/produkty\/lawka-parkowa-klaar-steel-bez-oparcia\/\",\"url\":\"https:\/\/extery.com\/pl\/produkty\/lawka-parkowa-klaar-steel-bez-oparcia\/\",\"name\":\"\u0141awka parkowa Klaar Steel, bez oparcia - Extery\",\"isPartOf\":{\"@id\":\"https:\/\/extery.com\/pl\/#website\"},\"primaryImageOfPage\":{\"@id\":\"https:\/\/extery.com\/pl\/produkty\/lawka-parkowa-klaar-steel-bez-oparcia\/#primaryimage\"},\"image\":{\"@id\":\"https:\/\/extery.com\/pl\/produkty\/lawka-parkowa-klaar-steel-bez-oparcia\/#primaryimage\"},\"thumbnailUrl\":\"https:\/\/extery.com\/wp-content\/uploads\/2020\/11\/Klaar-Steel-J-E-scaled.jpg\",\"datePublished\":\"2020-11-11T08:15:18+00:00\",\"dateModified\":\"2026-05-04T06:58:34+00:00\",\"description\":\"\u0141awka parkowa Klaar Steel \u0142\u0105czy w sobie styl i trwa\u0142o\u015b\u0107. Wyrazisty i lekki kszta\u0142t sprawia, \u017ce \u200b\u200b\u0142awka Klaar idealnie pasuje do r\u00f3\u017cnorodnych kontekst\u00f3w architektonicznych.\",\"breadcrumb\":{\"@id\":\"https:\/\/extery.com\/pl\/produkty\/lawka-parkowa-klaar-steel-bez-oparcia\/#breadcrumb\"},\"inLanguage\":\"pl-PL\",\"potentialAction\":[{\"@type\":\"ReadAction\",\"target\":[\"https:\/\/extery.com\/pl\/produkty\/lawka-parkowa-klaar-steel-bez-oparcia\/\"]}]},{\"@type\":\"ImageObject\",\"inLanguage\":\"pl-PL\",\"@id\":\"https:\/\/extery.com\/pl\/produkty\/lawka-parkowa-klaar-steel-bez-oparcia\/#primaryimage\",\"url\":\"https:\/\/extery.com\/wp-content\/uploads\/2020\/11\/Klaar-Steel-J-E-scaled.jpg\",\"contentUrl\":\"https:\/\/extery.com\/wp-content\/uploads\/2020\/11\/Klaar-Steel-J-E-scaled.jpg\",\"width\":2560,\"height\":1707},{\"@type\":\"BreadcrumbList\",\"@id\":\"https:\/\/extery.com\/pl\/produkty\/lawka-parkowa-klaar-steel-bez-oparcia\/#breadcrumb\",\"itemListElement\":[{\"@type\":\"ListItem\",\"position\":1,\"name\":\"Home\",\"item\":\"https:\/\/extery.com\/pl\/\"},{\"@type\":\"ListItem\",\"position\":2,\"name\":\"Produkty\",\"item\":\"https:\/\/extery.com\/tooted\/\"},{\"@type\":\"ListItem\",\"position\":3,\"name\":\"\u0141awka parkowa Klaar Steel, bez oparcia\"}]},{\"@type\":\"WebSite\",\"@id\":\"https:\/\/extery.com\/pl\/#website\",\"url\":\"https:\/\/extery.com\/pl\/\",\"name\":\"Extery\",\"description\":\"\",\"publisher\":{\"@id\":\"https:\/\/extery.com\/pl\/#organization\"},\"potentialAction\":[{\"@type\":\"SearchAction\",\"target\":{\"@type\":\"EntryPoint\",\"urlTemplate\":\"https:\/\/extery.com\/pl\/?s={search_term_string}\"},\"query-input\":{\"@type\":\"PropertyValueSpecification\",\"valueRequired\":true,\"valueName\":\"search_term_string\"}}],\"inLanguage\":\"pl-PL\"},{\"@type\":\"Organization\",\"@id\":\"https:\/\/extery.com\/pl\/#organization\",\"name\":\"Extery\",\"url\":\"https:\/\/extery.com\/pl\/\",\"logo\":{\"@type\":\"ImageObject\",\"inLanguage\":\"pl-PL\",\"@id\":\"https:\/\/extery.com\/pl\/#\/schema\/logo\/image\/\",\"url\":\"https:\/\/extery.com\/wp-content\/uploads\/2023\/11\/footer-logo.svg\",\"contentUrl\":\"https:\/\/extery.com\/wp-content\/uploads\/2023\/11\/footer-logo.svg\",\"caption\":\"Extery \"},\"image\":{\"@id\":\"https:\/\/extery.com\/pl\/#\/schema\/logo\/image\/\"}}]}<\/script>\n<!-- \/ Yoast SEO plugin. -->","yoast_head_json":{"title":"\u0141awka parkowa Klaar Steel, bez oparcia - Extery","description":"\u0141awka parkowa Klaar Steel \u0142\u0105czy w sobie styl i trwa\u0142o\u015b\u0107. Wyrazisty i lekki kszta\u0142t sprawia, \u017ce \u200b\u200b\u0142awka Klaar idealnie pasuje do r\u00f3\u017cnorodnych kontekst\u00f3w architektonicznych.","robots":{"index":"index","follow":"follow","max-snippet":"max-snippet:-1","max-image-preview":"max-image-preview:large","max-video-preview":"max-video-preview:-1"},"canonical":"https:\/\/extery.com\/pl\/produkty\/lawka-parkowa-klaar-steel-bez-oparcia\/","og_locale":"pl_PL","og_type":"article","og_title":"\u0141awka parkowa Klaar Steel, bez oparcia - Extery","og_description":"\u0141awka parkowa Klaar Steel \u0142\u0105czy w sobie styl i trwa\u0142o\u015b\u0107. Wyrazisty i lekki kszta\u0142t sprawia, \u017ce \u200b\u200b\u0142awka Klaar idealnie pasuje do r\u00f3\u017cnorodnych kontekst\u00f3w architektonicznych.","og_url":"https:\/\/extery.com\/pl\/produkty\/lawka-parkowa-klaar-steel-bez-oparcia\/","og_site_name":"Extery","article_modified_time":"2026-05-04T06:58:34+00:00","og_image":[{"width":2560,"height":1707,"url":"https:\/\/extery.com\/wp-content\/uploads\/2020\/11\/Klaar-Steel-J-E-scaled.jpg","type":"image\/jpeg"}],"twitter_card":"summary_large_image","twitter_misc":{"Szacowany czas czytania":"1 minuta"},"schema":{"@context":"https:\/\/schema.org","@graph":[{"@type":"WebPage","@id":"https:\/\/extery.com\/pl\/produkty\/lawka-parkowa-klaar-steel-bez-oparcia\/","url":"https:\/\/extery.com\/pl\/produkty\/lawka-parkowa-klaar-steel-bez-oparcia\/","name":"\u0141awka parkowa Klaar Steel, bez oparcia - Extery","isPartOf":{"@id":"https:\/\/extery.com\/pl\/#website"},"primaryImageOfPage":{"@id":"https:\/\/extery.com\/pl\/produkty\/lawka-parkowa-klaar-steel-bez-oparcia\/#primaryimage"},"image":{"@id":"https:\/\/extery.com\/pl\/produkty\/lawka-parkowa-klaar-steel-bez-oparcia\/#primaryimage"},"thumbnailUrl":"https:\/\/extery.com\/wp-content\/uploads\/2020\/11\/Klaar-Steel-J-E-scaled.jpg","datePublished":"2020-11-11T08:15:18+00:00","dateModified":"2026-05-04T06:58:34+00:00","description":"\u0141awka parkowa Klaar Steel \u0142\u0105czy w sobie styl i trwa\u0142o\u015b\u0107. Wyrazisty i lekki kszta\u0142t sprawia, \u017ce \u200b\u200b\u0142awka Klaar idealnie pasuje do r\u00f3\u017cnorodnych kontekst\u00f3w architektonicznych.","breadcrumb":{"@id":"https:\/\/extery.com\/pl\/produkty\/lawka-parkowa-klaar-steel-bez-oparcia\/#breadcrumb"},"inLanguage":"pl-PL","potentialAction":[{"@type":"ReadAction","target":["https:\/\/extery.com\/pl\/produkty\/lawka-parkowa-klaar-steel-bez-oparcia\/"]}]},{"@type":"ImageObject","inLanguage":"pl-PL","@id":"https:\/\/extery.com\/pl\/produkty\/lawka-parkowa-klaar-steel-bez-oparcia\/#primaryimage","url":"https:\/\/extery.com\/wp-content\/uploads\/2020\/11\/Klaar-Steel-J-E-scaled.jpg","contentUrl":"https:\/\/extery.com\/wp-content\/uploads\/2020\/11\/Klaar-Steel-J-E-scaled.jpg","width":2560,"height":1707},{"@type":"BreadcrumbList","@id":"https:\/\/extery.com\/pl\/produkty\/lawka-parkowa-klaar-steel-bez-oparcia\/#breadcrumb","itemListElement":[{"@type":"ListItem","position":1,"name":"Home","item":"https:\/\/extery.com\/pl\/"},{"@type":"ListItem","position":2,"name":"Produkty","item":"https:\/\/extery.com\/tooted\/"},{"@type":"ListItem","position":3,"name":"\u0141awka parkowa Klaar Steel, bez oparcia"}]},{"@type":"WebSite","@id":"https:\/\/extery.com\/pl\/#website","url":"https:\/\/extery.com\/pl\/","name":"Extery","description":"","publisher":{"@id":"https:\/\/extery.com\/pl\/#organization"},"potentialAction":[{"@type":"SearchAction","target":{"@type":"EntryPoint","urlTemplate":"https:\/\/extery.com\/pl\/?s={search_term_string}"},"query-input":{"@type":"PropertyValueSpecification","valueRequired":true,"valueName":"search_term_string"}}],"inLanguage":"pl-PL"},{"@type":"Organization","@id":"https:\/\/extery.com\/pl\/#organization","name":"Extery","url":"https:\/\/extery.com\/pl\/","logo":{"@type":"ImageObject","inLanguage":"pl-PL","@id":"https:\/\/extery.com\/pl\/#\/schema\/logo\/image\/","url":"https:\/\/extery.com\/wp-content\/uploads\/2023\/11\/footer-logo.svg","contentUrl":"https:\/\/extery.com\/wp-content\/uploads\/2023\/11\/footer-logo.svg","caption":"Extery "},"image":{"@id":"https:\/\/extery.com\/pl\/#\/schema\/logo\/image\/"}}]}},"_links":{"self":[{"href":"https:\/\/extery.com\/pl\/wp-json\/wp\/v2\/product\/59917","targetHints":{"allow":["GET"]}}],"collection":[{"href":"https:\/\/extery.com\/pl\/wp-json\/wp\/v2\/product"}],"about":[{"href":"https:\/\/extery.com\/pl\/wp-json\/wp\/v2\/types\/product"}],"replies":[{"embeddable":true,"href":"https:\/\/extery.com\/pl\/wp-json\/wp\/v2\/comments?post=59917"}],"wp:featuredmedia":[{"embeddable":true,"href":"https:\/\/extery.com\/pl\/wp-json\/wp\/v2\/media\/59918"}],"wp:attachment":[{"href":"https:\/\/extery.com\/pl\/wp-json\/wp\/v2\/media?parent=59917"}],"wp:term":[{"taxonomy":"product_brand","embeddable":true,"href":"https:\/\/extery.com\/pl\/wp-json\/wp\/v2\/product_brand?post=59917"},{"taxonomy":"product_cat","embeddable":true,"href":"https:\/\/extery.com\/pl\/wp-json\/wp\/v2\/product_cat?post=59917"},{"taxonomy":"product_tag","embeddable":true,"href":"https:\/\/extery.com\/pl\/wp-json\/wp\/v2\/product_tag?post=59917"}],"curies":[{"name":"wp","href":"https:\/\/api.w.org\/{rel}","templated":true}]}}