{"id":59927,"date":"2020-11-12T15:36:35","date_gmt":"2020-11-12T15:36:35","guid":{"rendered":"https:\/\/extery.com\/tooted\/kosz-na-smieci-look3-do-segregacji\/"},"modified":"2026-05-05T12:22:38","modified_gmt":"2026-05-05T12:22:38","slug":"kosz-na-smieci-look3-do-segregacji","status":"publish","type":"product","link":"https:\/\/extery.com\/pl\/produkty\/kosz-na-smieci-look3-do-segregacji\/","title":{"rendered":"Kosz na \u015bmieci Look@3 do segregacji"},"content":{"rendered":"<p>Litter bin Look@3 with three trash containers is ideal for litter sorting in public places.<\/p>\n<p>Elegant and discrete Look series has been created for contemporary city space. Being unnoticeable it may become coquettish advertising space.<br \/>\nLook is ideal for designing public space. Various containers are suitable for the use of passages between top-line office buildings, filling stations and in the yards of modern blocks of flats or on pet playgrounds. Equipped with several compartments the containers of this series enable storage of pre-sorted waste. Together with biodegradable plastic bags Look extricates you from waste in a delicate and environmentally friendly way.<\/p>\n","protected":false},"excerpt":{"rendered":"<p>Litter bin Look@3 with three trash containers is ideal for litter sorting in public places. Elegant and discrete Look series has been created for contemporary city space. Being unnoticeable it may become coquettish advertising space. Look is ideal for designing public space. Various containers are suitable for the use of passages between top-line office buildings, [&hellip;]<\/p>\n","protected":false},"featured_media":59928,"comment_status":"open","ping_status":"closed","template":"","meta":{"_acf_changed":false},"product_brand":[],"product_cat":[375],"product_tag":[],"class_list":{"0":"post-59927","1":"product","2":"type-product","3":"status-publish","4":"has-post-thumbnail","6":"product_cat-kosze-na-smieci","7":"product-family-look","9":"first","10":"instock","11":"shipping-taxable","12":"product-type-simple"},"acf":[],"yoast_head":"<!-- This site is optimized with the Yoast SEO plugin v26.4 - https:\/\/yoast.com\/wordpress\/plugins\/seo\/ -->\n<title>Kosz na \u015bmieci Look@3 do segregacji - Extery<\/title>\n<meta name=\"description\" content=\"Kosz na \u015bmieci Look@3 z trzema pojemnikami idealnie nadaje si\u0119 do segregacji \u015bmieci w miejscach publicznych. Elegancki i dyskretny Look zosta\u0142 stworzony z my\u015bl\u0105 o wsp\u00f3\u0142czesnej przestrzeni miejskiej.\" \/>\n<meta name=\"robots\" content=\"index, follow, max-snippet:-1, max-image-preview:large, max-video-preview:-1\" \/>\n<link rel=\"canonical\" href=\"https:\/\/extery.com\/pl\/produkty\/kosz-na-smieci-look3-do-segregacji\/\" \/>\n<meta property=\"og:locale\" content=\"pl_PL\" \/>\n<meta property=\"og:type\" content=\"article\" \/>\n<meta property=\"og:title\" content=\"Kosz na \u015bmieci Look@3 do segregacji - Extery\" \/>\n<meta property=\"og:description\" content=\"Kosz na \u015bmieci Look@3 z trzema pojemnikami idealnie nadaje si\u0119 do segregacji \u015bmieci w miejscach publicznych. Elegancki i dyskretny Look zosta\u0142 stworzony z my\u015bl\u0105 o wsp\u00f3\u0142czesnej przestrzeni miejskiej.\" \/>\n<meta property=\"og:url\" content=\"https:\/\/extery.com\/pl\/produkty\/kosz-na-smieci-look3-do-segregacji\/\" \/>\n<meta property=\"og:site_name\" content=\"Extery\" \/>\n<meta property=\"article:modified_time\" content=\"2026-05-05T12:22:38+00:00\" \/>\n<meta property=\"og:image\" content=\"https:\/\/extery.com\/wp-content\/uploads\/2020\/11\/Look@3-kulg.jpg\" \/>\n\t<meta property=\"og:image:width\" content=\"900\" \/>\n\t<meta property=\"og:image:height\" content=\"660\" \/>\n\t<meta property=\"og:image:type\" content=\"image\/jpeg\" \/>\n<meta name=\"twitter:card\" content=\"summary_large_image\" \/>\n<meta name=\"twitter:label1\" content=\"Szacowany czas czytania\" \/>\n\t<meta name=\"twitter:data1\" content=\"1 minuta\" \/>\n<script type=\"application\/ld+json\" class=\"yoast-schema-graph\">{\"@context\":\"https:\/\/schema.org\",\"@graph\":[{\"@type\":\"WebPage\",\"@id\":\"https:\/\/extery.com\/pl\/produkty\/kosz-na-smieci-look3-do-segregacji\/\",\"url\":\"https:\/\/extery.com\/pl\/produkty\/kosz-na-smieci-look3-do-segregacji\/\",\"name\":\"Kosz na \u015bmieci Look@3 do segregacji - Extery\",\"isPartOf\":{\"@id\":\"https:\/\/extery.com\/pl\/#website\"},\"primaryImageOfPage\":{\"@id\":\"https:\/\/extery.com\/pl\/produkty\/kosz-na-smieci-look3-do-segregacji\/#primaryimage\"},\"image\":{\"@id\":\"https:\/\/extery.com\/pl\/produkty\/kosz-na-smieci-look3-do-segregacji\/#primaryimage\"},\"thumbnailUrl\":\"https:\/\/extery.com\/wp-content\/uploads\/2020\/11\/Look@3-kulg.jpg\",\"datePublished\":\"2020-11-12T15:36:35+00:00\",\"dateModified\":\"2026-05-05T12:22:38+00:00\",\"description\":\"Kosz na \u015bmieci Look@3 z trzema pojemnikami idealnie nadaje si\u0119 do segregacji \u015bmieci w miejscach publicznych. Elegancki i dyskretny Look zosta\u0142 stworzony z my\u015bl\u0105 o wsp\u00f3\u0142czesnej przestrzeni miejskiej.\",\"breadcrumb\":{\"@id\":\"https:\/\/extery.com\/pl\/produkty\/kosz-na-smieci-look3-do-segregacji\/#breadcrumb\"},\"inLanguage\":\"pl-PL\",\"potentialAction\":[{\"@type\":\"ReadAction\",\"target\":[\"https:\/\/extery.com\/pl\/produkty\/kosz-na-smieci-look3-do-segregacji\/\"]}]},{\"@type\":\"ImageObject\",\"inLanguage\":\"pl-PL\",\"@id\":\"https:\/\/extery.com\/pl\/produkty\/kosz-na-smieci-look3-do-segregacji\/#primaryimage\",\"url\":\"https:\/\/extery.com\/wp-content\/uploads\/2020\/11\/Look@3-kulg.jpg\",\"contentUrl\":\"https:\/\/extery.com\/wp-content\/uploads\/2020\/11\/Look@3-kulg.jpg\",\"width\":900,\"height\":660},{\"@type\":\"BreadcrumbList\",\"@id\":\"https:\/\/extery.com\/pl\/produkty\/kosz-na-smieci-look3-do-segregacji\/#breadcrumb\",\"itemListElement\":[{\"@type\":\"ListItem\",\"position\":1,\"name\":\"Home\",\"item\":\"https:\/\/extery.com\/pl\/\"},{\"@type\":\"ListItem\",\"position\":2,\"name\":\"Produkty\",\"item\":\"https:\/\/extery.com\/tooted\/\"},{\"@type\":\"ListItem\",\"position\":3,\"name\":\"Kosz na \u015bmieci Look@3 do segregacji\"}]},{\"@type\":\"WebSite\",\"@id\":\"https:\/\/extery.com\/pl\/#website\",\"url\":\"https:\/\/extery.com\/pl\/\",\"name\":\"Extery\",\"description\":\"\",\"publisher\":{\"@id\":\"https:\/\/extery.com\/pl\/#organization\"},\"potentialAction\":[{\"@type\":\"SearchAction\",\"target\":{\"@type\":\"EntryPoint\",\"urlTemplate\":\"https:\/\/extery.com\/pl\/?s={search_term_string}\"},\"query-input\":{\"@type\":\"PropertyValueSpecification\",\"valueRequired\":true,\"valueName\":\"search_term_string\"}}],\"inLanguage\":\"pl-PL\"},{\"@type\":\"Organization\",\"@id\":\"https:\/\/extery.com\/pl\/#organization\",\"name\":\"Extery\",\"url\":\"https:\/\/extery.com\/pl\/\",\"logo\":{\"@type\":\"ImageObject\",\"inLanguage\":\"pl-PL\",\"@id\":\"https:\/\/extery.com\/pl\/#\/schema\/logo\/image\/\",\"url\":\"https:\/\/extery.com\/wp-content\/uploads\/2023\/11\/footer-logo.svg\",\"contentUrl\":\"https:\/\/extery.com\/wp-content\/uploads\/2023\/11\/footer-logo.svg\",\"caption\":\"Extery \"},\"image\":{\"@id\":\"https:\/\/extery.com\/pl\/#\/schema\/logo\/image\/\"}}]}<\/script>\n<!-- \/ Yoast SEO plugin. -->","yoast_head_json":{"title":"Kosz na \u015bmieci Look@3 do segregacji - Extery","description":"Kosz na \u015bmieci Look@3 z trzema pojemnikami idealnie nadaje si\u0119 do segregacji \u015bmieci w miejscach publicznych. Elegancki i dyskretny Look zosta\u0142 stworzony z my\u015bl\u0105 o wsp\u00f3\u0142czesnej przestrzeni miejskiej.","robots":{"index":"index","follow":"follow","max-snippet":"max-snippet:-1","max-image-preview":"max-image-preview:large","max-video-preview":"max-video-preview:-1"},"canonical":"https:\/\/extery.com\/pl\/produkty\/kosz-na-smieci-look3-do-segregacji\/","og_locale":"pl_PL","og_type":"article","og_title":"Kosz na \u015bmieci Look@3 do segregacji - Extery","og_description":"Kosz na \u015bmieci Look@3 z trzema pojemnikami idealnie nadaje si\u0119 do segregacji \u015bmieci w miejscach publicznych. Elegancki i dyskretny Look zosta\u0142 stworzony z my\u015bl\u0105 o wsp\u00f3\u0142czesnej przestrzeni miejskiej.","og_url":"https:\/\/extery.com\/pl\/produkty\/kosz-na-smieci-look3-do-segregacji\/","og_site_name":"Extery","article_modified_time":"2026-05-05T12:22:38+00:00","og_image":[{"width":900,"height":660,"url":"https:\/\/extery.com\/wp-content\/uploads\/2020\/11\/Look@3-kulg.jpg","type":"image\/jpeg"}],"twitter_card":"summary_large_image","twitter_misc":{"Szacowany czas czytania":"1 minuta"},"schema":{"@context":"https:\/\/schema.org","@graph":[{"@type":"WebPage","@id":"https:\/\/extery.com\/pl\/produkty\/kosz-na-smieci-look3-do-segregacji\/","url":"https:\/\/extery.com\/pl\/produkty\/kosz-na-smieci-look3-do-segregacji\/","name":"Kosz na \u015bmieci Look@3 do segregacji - Extery","isPartOf":{"@id":"https:\/\/extery.com\/pl\/#website"},"primaryImageOfPage":{"@id":"https:\/\/extery.com\/pl\/produkty\/kosz-na-smieci-look3-do-segregacji\/#primaryimage"},"image":{"@id":"https:\/\/extery.com\/pl\/produkty\/kosz-na-smieci-look3-do-segregacji\/#primaryimage"},"thumbnailUrl":"https:\/\/extery.com\/wp-content\/uploads\/2020\/11\/Look@3-kulg.jpg","datePublished":"2020-11-12T15:36:35+00:00","dateModified":"2026-05-05T12:22:38+00:00","description":"Kosz na \u015bmieci Look@3 z trzema pojemnikami idealnie nadaje si\u0119 do segregacji \u015bmieci w miejscach publicznych. Elegancki i dyskretny Look zosta\u0142 stworzony z my\u015bl\u0105 o wsp\u00f3\u0142czesnej przestrzeni miejskiej.","breadcrumb":{"@id":"https:\/\/extery.com\/pl\/produkty\/kosz-na-smieci-look3-do-segregacji\/#breadcrumb"},"inLanguage":"pl-PL","potentialAction":[{"@type":"ReadAction","target":["https:\/\/extery.com\/pl\/produkty\/kosz-na-smieci-look3-do-segregacji\/"]}]},{"@type":"ImageObject","inLanguage":"pl-PL","@id":"https:\/\/extery.com\/pl\/produkty\/kosz-na-smieci-look3-do-segregacji\/#primaryimage","url":"https:\/\/extery.com\/wp-content\/uploads\/2020\/11\/Look@3-kulg.jpg","contentUrl":"https:\/\/extery.com\/wp-content\/uploads\/2020\/11\/Look@3-kulg.jpg","width":900,"height":660},{"@type":"BreadcrumbList","@id":"https:\/\/extery.com\/pl\/produkty\/kosz-na-smieci-look3-do-segregacji\/#breadcrumb","itemListElement":[{"@type":"ListItem","position":1,"name":"Home","item":"https:\/\/extery.com\/pl\/"},{"@type":"ListItem","position":2,"name":"Produkty","item":"https:\/\/extery.com\/tooted\/"},{"@type":"ListItem","position":3,"name":"Kosz na \u015bmieci Look@3 do segregacji"}]},{"@type":"WebSite","@id":"https:\/\/extery.com\/pl\/#website","url":"https:\/\/extery.com\/pl\/","name":"Extery","description":"","publisher":{"@id":"https:\/\/extery.com\/pl\/#organization"},"potentialAction":[{"@type":"SearchAction","target":{"@type":"EntryPoint","urlTemplate":"https:\/\/extery.com\/pl\/?s={search_term_string}"},"query-input":{"@type":"PropertyValueSpecification","valueRequired":true,"valueName":"search_term_string"}}],"inLanguage":"pl-PL"},{"@type":"Organization","@id":"https:\/\/extery.com\/pl\/#organization","name":"Extery","url":"https:\/\/extery.com\/pl\/","logo":{"@type":"ImageObject","inLanguage":"pl-PL","@id":"https:\/\/extery.com\/pl\/#\/schema\/logo\/image\/","url":"https:\/\/extery.com\/wp-content\/uploads\/2023\/11\/footer-logo.svg","contentUrl":"https:\/\/extery.com\/wp-content\/uploads\/2023\/11\/footer-logo.svg","caption":"Extery "},"image":{"@id":"https:\/\/extery.com\/pl\/#\/schema\/logo\/image\/"}}]}},"_links":{"self":[{"href":"https:\/\/extery.com\/pl\/wp-json\/wp\/v2\/product\/59927","targetHints":{"allow":["GET"]}}],"collection":[{"href":"https:\/\/extery.com\/pl\/wp-json\/wp\/v2\/product"}],"about":[{"href":"https:\/\/extery.com\/pl\/wp-json\/wp\/v2\/types\/product"}],"replies":[{"embeddable":true,"href":"https:\/\/extery.com\/pl\/wp-json\/wp\/v2\/comments?post=59927"}],"wp:featuredmedia":[{"embeddable":true,"href":"https:\/\/extery.com\/pl\/wp-json\/wp\/v2\/media\/59928"}],"wp:attachment":[{"href":"https:\/\/extery.com\/pl\/wp-json\/wp\/v2\/media?parent=59927"}],"wp:term":[{"taxonomy":"product_brand","embeddable":true,"href":"https:\/\/extery.com\/pl\/wp-json\/wp\/v2\/product_brand?post=59927"},{"taxonomy":"product_cat","embeddable":true,"href":"https:\/\/extery.com\/pl\/wp-json\/wp\/v2\/product_cat?post=59927"},{"taxonomy":"product_tag","embeddable":true,"href":"https:\/\/extery.com\/pl\/wp-json\/wp\/v2\/product_tag?post=59927"}],"curies":[{"name":"wp","href":"https:\/\/api.w.org\/{rel}","templated":true}]}}