{"id":59945,"date":"2020-11-12T11:21:10","date_gmt":"2020-11-12T11:21:10","guid":{"rendered":"https:\/\/extery.com\/tooted\/kosz-na-smieci-look-70\/"},"modified":"2026-05-02T18:30:52","modified_gmt":"2026-05-02T18:30:52","slug":"kosz-na-smieci-look-70","status":"publish","type":"product","link":"https:\/\/extery.com\/pl\/produkty\/kosz-na-smieci-look-70\/","title":{"rendered":"Kosz na \u015bmieci Look 70"},"content":{"rendered":"<p>Kosz na \u015bmieci Look 70 charakteryzuje si\u0119 prost\u0105, dyskretn\u0105 form\u0105, dzi\u0119ki kt\u00f3rej dobrze wpisuje si\u0119 w wsp\u00f3\u0142czesn\u0105 przestrze\u0144 miejsk\u0105. Konstrukcja zosta\u0142a zaprojektowana w spos\u00f3b umo\u017cliwiaj\u0105cy integracj\u0119 elementu z otoczeniem, a jednocze\u015bnie pozwala na wykorzystanie powierzchni kosza jako no\u015bnika informacji lub komunikacji wizualnej.<\/p>\n<p>Seria Look przeznaczona jest do zastosowania w r\u00f3\u017cnych typach przestrzeni publicznych, takich jak ci\u0105gi piesze mi\u0119dzy budynkami biurowymi, stacje paliw, dziedzi\u0144ce osiedli mieszkaniowych czy strefy rekreacyjne dla zwierz\u0105t.<\/p>\n<p>Wybrane modele z tej serii mog\u0105 by\u0107 wyposa\u017cone w kilka kom\u00f3r, co umo\u017cliwia prowadzenie selektywnej zbi\u00f3rki odpad\u00f3w w przestrzeni publicznej. Konstrukcja pozwala r\u00f3wnie\u017c na stosowanie work\u00f3w biodegradowalnych, wspieraj\u0105c rozwi\u0105zania sprzyjaj\u0105ce ograniczaniu wp\u0142ywu odpad\u00f3w na \u015brodowisko.<\/p>\n","protected":false},"excerpt":{"rendered":"<p>Kosz na \u015bmieci Look 70 charakteryzuje si\u0119 prost\u0105, dyskretn\u0105 form\u0105, dzi\u0119ki kt\u00f3rej dobrze wpisuje si\u0119 w wsp\u00f3\u0142czesn\u0105 przestrze\u0144 miejsk\u0105. Konstrukcja zosta\u0142a zaprojektowana w spos\u00f3b umo\u017cliwiaj\u0105cy integracj\u0119 elementu z otoczeniem, a jednocze\u015bnie pozwala na wykorzystanie powierzchni kosza jako no\u015bnika informacji lub komunikacji wizualnej. Seria Look przeznaczona jest do zastosowania w r\u00f3\u017cnych typach przestrzeni publicznych, takich jak [&hellip;]<\/p>\n","protected":false},"featured_media":59946,"comment_status":"open","ping_status":"closed","template":"","meta":{"_acf_changed":false},"product_brand":[],"product_cat":[375],"product_tag":[],"class_list":{"0":"post-59945","1":"product","2":"type-product","3":"status-publish","4":"has-post-thumbnail","6":"product_cat-kosze-na-smieci","7":"product-family-look","9":"first","10":"instock","11":"shipping-taxable","12":"product-type-simple"},"acf":[],"yoast_head":"<!-- This site is optimized with the Yoast SEO plugin v26.4 - https:\/\/yoast.com\/wordpress\/plugins\/seo\/ -->\n<title>Kosz na \u015bmieci Look 70 - Extery<\/title>\n<meta name=\"description\" content=\"Litter bin Look 70 is elegant and discrete. Look series has been created for contemporary city space. Being unnoticeable it may become coquettish advertising space.\" \/>\n<meta name=\"robots\" content=\"index, follow, max-snippet:-1, max-image-preview:large, max-video-preview:-1\" \/>\n<link rel=\"canonical\" href=\"https:\/\/extery.com\/pl\/produkty\/kosz-na-smieci-look-70\/\" \/>\n<meta property=\"og:locale\" content=\"pl_PL\" \/>\n<meta property=\"og:type\" content=\"article\" \/>\n<meta property=\"og:title\" content=\"Kosz na \u015bmieci Look 70 - Extery\" \/>\n<meta property=\"og:description\" content=\"Litter bin Look 70 is elegant and discrete. Look series has been created for contemporary city space. Being unnoticeable it may become coquettish advertising space.\" \/>\n<meta property=\"og:url\" content=\"https:\/\/extery.com\/pl\/produkty\/kosz-na-smieci-look-70\/\" \/>\n<meta property=\"og:site_name\" content=\"Extery\" \/>\n<meta property=\"article:modified_time\" content=\"2026-05-02T18:30:52+00:00\" \/>\n<meta property=\"og:image\" content=\"https:\/\/extery.com\/wp-content\/uploads\/2020\/11\/Look70-E-scaled.jpg\" \/>\n\t<meta property=\"og:image:width\" content=\"2560\" \/>\n\t<meta property=\"og:image:height\" content=\"1707\" \/>\n\t<meta property=\"og:image:type\" content=\"image\/jpeg\" \/>\n<meta name=\"twitter:card\" content=\"summary_large_image\" \/>\n<meta name=\"twitter:label1\" content=\"Szacowany czas czytania\" \/>\n\t<meta name=\"twitter:data1\" content=\"1 minuta\" \/>\n<script type=\"application\/ld+json\" class=\"yoast-schema-graph\">{\"@context\":\"https:\/\/schema.org\",\"@graph\":[{\"@type\":\"WebPage\",\"@id\":\"https:\/\/extery.com\/pl\/produkty\/kosz-na-smieci-look-70\/\",\"url\":\"https:\/\/extery.com\/pl\/produkty\/kosz-na-smieci-look-70\/\",\"name\":\"Kosz na \u015bmieci Look 70 - Extery\",\"isPartOf\":{\"@id\":\"https:\/\/extery.com\/pl\/#website\"},\"primaryImageOfPage\":{\"@id\":\"https:\/\/extery.com\/pl\/produkty\/kosz-na-smieci-look-70\/#primaryimage\"},\"image\":{\"@id\":\"https:\/\/extery.com\/pl\/produkty\/kosz-na-smieci-look-70\/#primaryimage\"},\"thumbnailUrl\":\"https:\/\/extery.com\/wp-content\/uploads\/2020\/11\/Look70-E-scaled.jpg\",\"datePublished\":\"2020-11-12T11:21:10+00:00\",\"dateModified\":\"2026-05-02T18:30:52+00:00\",\"description\":\"Litter bin Look 70 is elegant and discrete. Look series has been created for contemporary city space. Being unnoticeable it may become coquettish advertising space.\",\"breadcrumb\":{\"@id\":\"https:\/\/extery.com\/pl\/produkty\/kosz-na-smieci-look-70\/#breadcrumb\"},\"inLanguage\":\"pl-PL\",\"potentialAction\":[{\"@type\":\"ReadAction\",\"target\":[\"https:\/\/extery.com\/pl\/produkty\/kosz-na-smieci-look-70\/\"]}]},{\"@type\":\"ImageObject\",\"inLanguage\":\"pl-PL\",\"@id\":\"https:\/\/extery.com\/pl\/produkty\/kosz-na-smieci-look-70\/#primaryimage\",\"url\":\"https:\/\/extery.com\/wp-content\/uploads\/2020\/11\/Look70-E-scaled.jpg\",\"contentUrl\":\"https:\/\/extery.com\/wp-content\/uploads\/2020\/11\/Look70-E-scaled.jpg\",\"width\":2560,\"height\":1707},{\"@type\":\"BreadcrumbList\",\"@id\":\"https:\/\/extery.com\/pl\/produkty\/kosz-na-smieci-look-70\/#breadcrumb\",\"itemListElement\":[{\"@type\":\"ListItem\",\"position\":1,\"name\":\"Home\",\"item\":\"https:\/\/extery.com\/pl\/\"},{\"@type\":\"ListItem\",\"position\":2,\"name\":\"Produkty\",\"item\":\"https:\/\/extery.com\/tooted\/\"},{\"@type\":\"ListItem\",\"position\":3,\"name\":\"Kosz na \u015bmieci Look 70\"}]},{\"@type\":\"WebSite\",\"@id\":\"https:\/\/extery.com\/pl\/#website\",\"url\":\"https:\/\/extery.com\/pl\/\",\"name\":\"Extery\",\"description\":\"\",\"publisher\":{\"@id\":\"https:\/\/extery.com\/pl\/#organization\"},\"potentialAction\":[{\"@type\":\"SearchAction\",\"target\":{\"@type\":\"EntryPoint\",\"urlTemplate\":\"https:\/\/extery.com\/pl\/?s={search_term_string}\"},\"query-input\":{\"@type\":\"PropertyValueSpecification\",\"valueRequired\":true,\"valueName\":\"search_term_string\"}}],\"inLanguage\":\"pl-PL\"},{\"@type\":\"Organization\",\"@id\":\"https:\/\/extery.com\/pl\/#organization\",\"name\":\"Extery\",\"url\":\"https:\/\/extery.com\/pl\/\",\"logo\":{\"@type\":\"ImageObject\",\"inLanguage\":\"pl-PL\",\"@id\":\"https:\/\/extery.com\/pl\/#\/schema\/logo\/image\/\",\"url\":\"https:\/\/extery.com\/wp-content\/uploads\/2023\/11\/footer-logo.svg\",\"contentUrl\":\"https:\/\/extery.com\/wp-content\/uploads\/2023\/11\/footer-logo.svg\",\"caption\":\"Extery \"},\"image\":{\"@id\":\"https:\/\/extery.com\/pl\/#\/schema\/logo\/image\/\"}}]}<\/script>\n<!-- \/ Yoast SEO plugin. -->","yoast_head_json":{"title":"Kosz na \u015bmieci Look 70 - Extery","description":"Litter bin Look 70 is elegant and discrete. Look series has been created for contemporary city space. Being unnoticeable it may become coquettish advertising space.","robots":{"index":"index","follow":"follow","max-snippet":"max-snippet:-1","max-image-preview":"max-image-preview:large","max-video-preview":"max-video-preview:-1"},"canonical":"https:\/\/extery.com\/pl\/produkty\/kosz-na-smieci-look-70\/","og_locale":"pl_PL","og_type":"article","og_title":"Kosz na \u015bmieci Look 70 - Extery","og_description":"Litter bin Look 70 is elegant and discrete. Look series has been created for contemporary city space. Being unnoticeable it may become coquettish advertising space.","og_url":"https:\/\/extery.com\/pl\/produkty\/kosz-na-smieci-look-70\/","og_site_name":"Extery","article_modified_time":"2026-05-02T18:30:52+00:00","og_image":[{"width":2560,"height":1707,"url":"https:\/\/extery.com\/wp-content\/uploads\/2020\/11\/Look70-E-scaled.jpg","type":"image\/jpeg"}],"twitter_card":"summary_large_image","twitter_misc":{"Szacowany czas czytania":"1 minuta"},"schema":{"@context":"https:\/\/schema.org","@graph":[{"@type":"WebPage","@id":"https:\/\/extery.com\/pl\/produkty\/kosz-na-smieci-look-70\/","url":"https:\/\/extery.com\/pl\/produkty\/kosz-na-smieci-look-70\/","name":"Kosz na \u015bmieci Look 70 - Extery","isPartOf":{"@id":"https:\/\/extery.com\/pl\/#website"},"primaryImageOfPage":{"@id":"https:\/\/extery.com\/pl\/produkty\/kosz-na-smieci-look-70\/#primaryimage"},"image":{"@id":"https:\/\/extery.com\/pl\/produkty\/kosz-na-smieci-look-70\/#primaryimage"},"thumbnailUrl":"https:\/\/extery.com\/wp-content\/uploads\/2020\/11\/Look70-E-scaled.jpg","datePublished":"2020-11-12T11:21:10+00:00","dateModified":"2026-05-02T18:30:52+00:00","description":"Litter bin Look 70 is elegant and discrete. Look series has been created for contemporary city space. Being unnoticeable it may become coquettish advertising space.","breadcrumb":{"@id":"https:\/\/extery.com\/pl\/produkty\/kosz-na-smieci-look-70\/#breadcrumb"},"inLanguage":"pl-PL","potentialAction":[{"@type":"ReadAction","target":["https:\/\/extery.com\/pl\/produkty\/kosz-na-smieci-look-70\/"]}]},{"@type":"ImageObject","inLanguage":"pl-PL","@id":"https:\/\/extery.com\/pl\/produkty\/kosz-na-smieci-look-70\/#primaryimage","url":"https:\/\/extery.com\/wp-content\/uploads\/2020\/11\/Look70-E-scaled.jpg","contentUrl":"https:\/\/extery.com\/wp-content\/uploads\/2020\/11\/Look70-E-scaled.jpg","width":2560,"height":1707},{"@type":"BreadcrumbList","@id":"https:\/\/extery.com\/pl\/produkty\/kosz-na-smieci-look-70\/#breadcrumb","itemListElement":[{"@type":"ListItem","position":1,"name":"Home","item":"https:\/\/extery.com\/pl\/"},{"@type":"ListItem","position":2,"name":"Produkty","item":"https:\/\/extery.com\/tooted\/"},{"@type":"ListItem","position":3,"name":"Kosz na \u015bmieci Look 70"}]},{"@type":"WebSite","@id":"https:\/\/extery.com\/pl\/#website","url":"https:\/\/extery.com\/pl\/","name":"Extery","description":"","publisher":{"@id":"https:\/\/extery.com\/pl\/#organization"},"potentialAction":[{"@type":"SearchAction","target":{"@type":"EntryPoint","urlTemplate":"https:\/\/extery.com\/pl\/?s={search_term_string}"},"query-input":{"@type":"PropertyValueSpecification","valueRequired":true,"valueName":"search_term_string"}}],"inLanguage":"pl-PL"},{"@type":"Organization","@id":"https:\/\/extery.com\/pl\/#organization","name":"Extery","url":"https:\/\/extery.com\/pl\/","logo":{"@type":"ImageObject","inLanguage":"pl-PL","@id":"https:\/\/extery.com\/pl\/#\/schema\/logo\/image\/","url":"https:\/\/extery.com\/wp-content\/uploads\/2023\/11\/footer-logo.svg","contentUrl":"https:\/\/extery.com\/wp-content\/uploads\/2023\/11\/footer-logo.svg","caption":"Extery "},"image":{"@id":"https:\/\/extery.com\/pl\/#\/schema\/logo\/image\/"}}]}},"_links":{"self":[{"href":"https:\/\/extery.com\/pl\/wp-json\/wp\/v2\/product\/59945","targetHints":{"allow":["GET"]}}],"collection":[{"href":"https:\/\/extery.com\/pl\/wp-json\/wp\/v2\/product"}],"about":[{"href":"https:\/\/extery.com\/pl\/wp-json\/wp\/v2\/types\/product"}],"replies":[{"embeddable":true,"href":"https:\/\/extery.com\/pl\/wp-json\/wp\/v2\/comments?post=59945"}],"wp:featuredmedia":[{"embeddable":true,"href":"https:\/\/extery.com\/pl\/wp-json\/wp\/v2\/media\/59946"}],"wp:attachment":[{"href":"https:\/\/extery.com\/pl\/wp-json\/wp\/v2\/media?parent=59945"}],"wp:term":[{"taxonomy":"product_brand","embeddable":true,"href":"https:\/\/extery.com\/pl\/wp-json\/wp\/v2\/product_brand?post=59945"},{"taxonomy":"product_cat","embeddable":true,"href":"https:\/\/extery.com\/pl\/wp-json\/wp\/v2\/product_cat?post=59945"},{"taxonomy":"product_tag","embeddable":true,"href":"https:\/\/extery.com\/pl\/wp-json\/wp\/v2\/product_tag?post=59945"}],"curies":[{"name":"wp","href":"https:\/\/api.w.org\/{rel}","templated":true}]}}