{"id":60173,"date":"2020-11-11T10:20:10","date_gmt":"2020-11-11T10:20:10","guid":{"rendered":"https:\/\/extery.com\/tooted\/lawka-parkowa-tava\/"},"modified":"2026-04-30T11:18:42","modified_gmt":"2026-04-30T11:18:42","slug":"lawka-parkowa-tava","status":"publish","type":"product","link":"https:\/\/extery.com\/pl\/produkty\/lawka-parkowa-tava\/","title":{"rendered":"\u0141awka parkowa Tava"},"content":{"rendered":"<p>\u0141awka parkowa TAVA zosta\u0142a stworzona, aby idealnie wpisywa\u0107 si\u0119 w miejsk\u0105 przestrze\u0144 architektoniczn\u0105 lub stanowi\u0107 efektowny akcent w spokojnym otoczeniu. Solidne i szerokie powierzchnie drewniane w po\u0142\u0105czeniu z przemy\u015blanym zastosowaniem blachy stalowej tworz\u0105 stabiln\u0105 konstrukcj\u0119 tej \u0142awki.<\/p>\n<p>Wizja projektanta zaowocowa\u0142a abstrakcyjn\u0105, dopracowan\u0105 i zach\u0119caj\u0105c\u0105 form\u0105, kt\u00f3ra zapewnia bezpieczne miejsce na chwil\u0119 refleksji dla os\u00f3b spaceruj\u0105cych po mie\u015bcie.<\/p>\n","protected":false},"excerpt":{"rendered":"<p>\u0141awka parkowa TAVA zosta\u0142a stworzona, aby idealnie wpisywa\u0107 si\u0119 w miejsk\u0105 przestrze\u0144 architektoniczn\u0105 lub stanowi\u0107 efektowny akcent w spokojnym otoczeniu. Solidne i szerokie powierzchnie drewniane w po\u0142\u0105czeniu z przemy\u015blanym zastosowaniem blachy stalowej tworz\u0105 stabiln\u0105 konstrukcj\u0119 tej \u0142awki. Wizja projektanta zaowocowa\u0142a abstrakcyjn\u0105, dopracowan\u0105 i zach\u0119caj\u0105c\u0105 form\u0105, kt\u00f3ra zapewnia bezpieczne miejsce na chwil\u0119 refleksji dla os\u00f3b spaceruj\u0105cych [&hellip;]<\/p>\n","protected":false},"featured_media":60174,"comment_status":"open","ping_status":"closed","template":"","meta":{"_acf_changed":false},"product_brand":[],"product_cat":[365],"product_tag":[],"class_list":{"0":"post-60173","1":"product","2":"type-product","3":"status-publish","4":"has-post-thumbnail","6":"product_cat-lawki-parkowe-z-oparciami","7":"product-family-tava","9":"first","10":"instock","11":"shipping-taxable","12":"product-type-simple"},"acf":[],"yoast_head":"<!-- This site is optimized with the Yoast SEO plugin v26.4 - https:\/\/yoast.com\/wordpress\/plugins\/seo\/ -->\n<title>\u0141awka parkowa Tava - Extery<\/title>\n<meta name=\"description\" content=\"Park bench TAVA has been created to suit urban architectural environments, or to be presented as an eye-catcher in calm surroundings.\u0141awka parkowa TAVA zosta\u0142a zaprojektowana tak, aby wpasowywa\u0142a si\u0119 w miejskie otoczenie architektoniczne lub stanowi\u0142a przyci\u0105gaj\u0105cy wzrok element w spokojnym otoczeniu.\" \/>\n<meta name=\"robots\" content=\"index, follow, max-snippet:-1, max-image-preview:large, max-video-preview:-1\" \/>\n<link rel=\"canonical\" href=\"https:\/\/extery.com\/pl\/produkty\/lawka-parkowa-tava\/\" \/>\n<meta property=\"og:locale\" content=\"pl_PL\" \/>\n<meta property=\"og:type\" content=\"article\" \/>\n<meta property=\"og:title\" content=\"\u0141awka parkowa Tava - Extery\" \/>\n<meta property=\"og:description\" content=\"Park bench TAVA has been created to suit urban architectural environments, or to be presented as an eye-catcher in calm surroundings.\u0141awka parkowa TAVA zosta\u0142a zaprojektowana tak, aby wpasowywa\u0142a si\u0119 w miejskie otoczenie architektoniczne lub stanowi\u0142a przyci\u0105gaj\u0105cy wzrok element w spokojnym otoczeniu.\" \/>\n<meta property=\"og:url\" content=\"https:\/\/extery.com\/pl\/produkty\/lawka-parkowa-tava\/\" \/>\n<meta property=\"og:site_name\" content=\"Extery\" \/>\n<meta property=\"article:modified_time\" content=\"2026-04-30T11:18:42+00:00\" \/>\n<meta property=\"og:image\" content=\"https:\/\/extery.com\/wp-content\/uploads\/2020\/12\/Tava-park-bench-pargipink-scaled.jpg\" \/>\n\t<meta property=\"og:image:width\" content=\"2560\" \/>\n\t<meta property=\"og:image:height\" content=\"1707\" \/>\n\t<meta property=\"og:image:type\" content=\"image\/jpeg\" \/>\n<meta name=\"twitter:card\" content=\"summary_large_image\" \/>\n<meta name=\"twitter:label1\" content=\"Szacowany czas czytania\" \/>\n\t<meta name=\"twitter:data1\" content=\"1 minuta\" \/>\n<script type=\"application\/ld+json\" class=\"yoast-schema-graph\">{\"@context\":\"https:\/\/schema.org\",\"@graph\":[{\"@type\":\"WebPage\",\"@id\":\"https:\/\/extery.com\/pl\/produkty\/lawka-parkowa-tava\/\",\"url\":\"https:\/\/extery.com\/pl\/produkty\/lawka-parkowa-tava\/\",\"name\":\"\u0141awka parkowa Tava - Extery\",\"isPartOf\":{\"@id\":\"https:\/\/extery.com\/pl\/#website\"},\"primaryImageOfPage\":{\"@id\":\"https:\/\/extery.com\/pl\/produkty\/lawka-parkowa-tava\/#primaryimage\"},\"image\":{\"@id\":\"https:\/\/extery.com\/pl\/produkty\/lawka-parkowa-tava\/#primaryimage\"},\"thumbnailUrl\":\"https:\/\/extery.com\/wp-content\/uploads\/2020\/12\/Tava-park-bench-pargipink-scaled.jpg\",\"datePublished\":\"2020-11-11T10:20:10+00:00\",\"dateModified\":\"2026-04-30T11:18:42+00:00\",\"description\":\"Park bench TAVA has been created to suit urban architectural environments, or to be presented as an eye-catcher in calm surroundings.\u0141awka parkowa TAVA zosta\u0142a zaprojektowana tak, aby wpasowywa\u0142a si\u0119 w miejskie otoczenie architektoniczne lub stanowi\u0142a przyci\u0105gaj\u0105cy wzrok element w spokojnym otoczeniu.\",\"breadcrumb\":{\"@id\":\"https:\/\/extery.com\/pl\/produkty\/lawka-parkowa-tava\/#breadcrumb\"},\"inLanguage\":\"pl-PL\",\"potentialAction\":[{\"@type\":\"ReadAction\",\"target\":[\"https:\/\/extery.com\/pl\/produkty\/lawka-parkowa-tava\/\"]}]},{\"@type\":\"ImageObject\",\"inLanguage\":\"pl-PL\",\"@id\":\"https:\/\/extery.com\/pl\/produkty\/lawka-parkowa-tava\/#primaryimage\",\"url\":\"https:\/\/extery.com\/wp-content\/uploads\/2020\/12\/Tava-park-bench-pargipink-scaled.jpg\",\"contentUrl\":\"https:\/\/extery.com\/wp-content\/uploads\/2020\/12\/Tava-park-bench-pargipink-scaled.jpg\",\"width\":2560,\"height\":1707,\"caption\":\"pargipink linnam\u00f6\u00f6bel v\u00e4lim\u00f6\u00f6bel\"},{\"@type\":\"BreadcrumbList\",\"@id\":\"https:\/\/extery.com\/pl\/produkty\/lawka-parkowa-tava\/#breadcrumb\",\"itemListElement\":[{\"@type\":\"ListItem\",\"position\":1,\"name\":\"Home\",\"item\":\"https:\/\/extery.com\/pl\/\"},{\"@type\":\"ListItem\",\"position\":2,\"name\":\"Produkty\",\"item\":\"https:\/\/extery.com\/tooted\/\"},{\"@type\":\"ListItem\",\"position\":3,\"name\":\"\u0141awka parkowa Tava\"}]},{\"@type\":\"WebSite\",\"@id\":\"https:\/\/extery.com\/pl\/#website\",\"url\":\"https:\/\/extery.com\/pl\/\",\"name\":\"Extery\",\"description\":\"\",\"publisher\":{\"@id\":\"https:\/\/extery.com\/pl\/#organization\"},\"potentialAction\":[{\"@type\":\"SearchAction\",\"target\":{\"@type\":\"EntryPoint\",\"urlTemplate\":\"https:\/\/extery.com\/pl\/?s={search_term_string}\"},\"query-input\":{\"@type\":\"PropertyValueSpecification\",\"valueRequired\":true,\"valueName\":\"search_term_string\"}}],\"inLanguage\":\"pl-PL\"},{\"@type\":\"Organization\",\"@id\":\"https:\/\/extery.com\/pl\/#organization\",\"name\":\"Extery\",\"url\":\"https:\/\/extery.com\/pl\/\",\"logo\":{\"@type\":\"ImageObject\",\"inLanguage\":\"pl-PL\",\"@id\":\"https:\/\/extery.com\/pl\/#\/schema\/logo\/image\/\",\"url\":\"https:\/\/extery.com\/wp-content\/uploads\/2023\/11\/footer-logo.svg\",\"contentUrl\":\"https:\/\/extery.com\/wp-content\/uploads\/2023\/11\/footer-logo.svg\",\"caption\":\"Extery \"},\"image\":{\"@id\":\"https:\/\/extery.com\/pl\/#\/schema\/logo\/image\/\"}}]}<\/script>\n<!-- \/ Yoast SEO plugin. -->","yoast_head_json":{"title":"\u0141awka parkowa Tava - Extery","description":"Park bench TAVA has been created to suit urban architectural environments, or to be presented as an eye-catcher in calm surroundings.\u0141awka parkowa TAVA zosta\u0142a zaprojektowana tak, aby wpasowywa\u0142a si\u0119 w miejskie otoczenie architektoniczne lub stanowi\u0142a przyci\u0105gaj\u0105cy wzrok element w spokojnym otoczeniu.","robots":{"index":"index","follow":"follow","max-snippet":"max-snippet:-1","max-image-preview":"max-image-preview:large","max-video-preview":"max-video-preview:-1"},"canonical":"https:\/\/extery.com\/pl\/produkty\/lawka-parkowa-tava\/","og_locale":"pl_PL","og_type":"article","og_title":"\u0141awka parkowa Tava - Extery","og_description":"Park bench TAVA has been created to suit urban architectural environments, or to be presented as an eye-catcher in calm surroundings.\u0141awka parkowa TAVA zosta\u0142a zaprojektowana tak, aby wpasowywa\u0142a si\u0119 w miejskie otoczenie architektoniczne lub stanowi\u0142a przyci\u0105gaj\u0105cy wzrok element w spokojnym otoczeniu.","og_url":"https:\/\/extery.com\/pl\/produkty\/lawka-parkowa-tava\/","og_site_name":"Extery","article_modified_time":"2026-04-30T11:18:42+00:00","og_image":[{"width":2560,"height":1707,"url":"https:\/\/extery.com\/wp-content\/uploads\/2020\/12\/Tava-park-bench-pargipink-scaled.jpg","type":"image\/jpeg"}],"twitter_card":"summary_large_image","twitter_misc":{"Szacowany czas czytania":"1 minuta"},"schema":{"@context":"https:\/\/schema.org","@graph":[{"@type":"WebPage","@id":"https:\/\/extery.com\/pl\/produkty\/lawka-parkowa-tava\/","url":"https:\/\/extery.com\/pl\/produkty\/lawka-parkowa-tava\/","name":"\u0141awka parkowa Tava - Extery","isPartOf":{"@id":"https:\/\/extery.com\/pl\/#website"},"primaryImageOfPage":{"@id":"https:\/\/extery.com\/pl\/produkty\/lawka-parkowa-tava\/#primaryimage"},"image":{"@id":"https:\/\/extery.com\/pl\/produkty\/lawka-parkowa-tava\/#primaryimage"},"thumbnailUrl":"https:\/\/extery.com\/wp-content\/uploads\/2020\/12\/Tava-park-bench-pargipink-scaled.jpg","datePublished":"2020-11-11T10:20:10+00:00","dateModified":"2026-04-30T11:18:42+00:00","description":"Park bench TAVA has been created to suit urban architectural environments, or to be presented as an eye-catcher in calm surroundings.\u0141awka parkowa TAVA zosta\u0142a zaprojektowana tak, aby wpasowywa\u0142a si\u0119 w miejskie otoczenie architektoniczne lub stanowi\u0142a przyci\u0105gaj\u0105cy wzrok element w spokojnym otoczeniu.","breadcrumb":{"@id":"https:\/\/extery.com\/pl\/produkty\/lawka-parkowa-tava\/#breadcrumb"},"inLanguage":"pl-PL","potentialAction":[{"@type":"ReadAction","target":["https:\/\/extery.com\/pl\/produkty\/lawka-parkowa-tava\/"]}]},{"@type":"ImageObject","inLanguage":"pl-PL","@id":"https:\/\/extery.com\/pl\/produkty\/lawka-parkowa-tava\/#primaryimage","url":"https:\/\/extery.com\/wp-content\/uploads\/2020\/12\/Tava-park-bench-pargipink-scaled.jpg","contentUrl":"https:\/\/extery.com\/wp-content\/uploads\/2020\/12\/Tava-park-bench-pargipink-scaled.jpg","width":2560,"height":1707,"caption":"pargipink linnam\u00f6\u00f6bel v\u00e4lim\u00f6\u00f6bel"},{"@type":"BreadcrumbList","@id":"https:\/\/extery.com\/pl\/produkty\/lawka-parkowa-tava\/#breadcrumb","itemListElement":[{"@type":"ListItem","position":1,"name":"Home","item":"https:\/\/extery.com\/pl\/"},{"@type":"ListItem","position":2,"name":"Produkty","item":"https:\/\/extery.com\/tooted\/"},{"@type":"ListItem","position":3,"name":"\u0141awka parkowa Tava"}]},{"@type":"WebSite","@id":"https:\/\/extery.com\/pl\/#website","url":"https:\/\/extery.com\/pl\/","name":"Extery","description":"","publisher":{"@id":"https:\/\/extery.com\/pl\/#organization"},"potentialAction":[{"@type":"SearchAction","target":{"@type":"EntryPoint","urlTemplate":"https:\/\/extery.com\/pl\/?s={search_term_string}"},"query-input":{"@type":"PropertyValueSpecification","valueRequired":true,"valueName":"search_term_string"}}],"inLanguage":"pl-PL"},{"@type":"Organization","@id":"https:\/\/extery.com\/pl\/#organization","name":"Extery","url":"https:\/\/extery.com\/pl\/","logo":{"@type":"ImageObject","inLanguage":"pl-PL","@id":"https:\/\/extery.com\/pl\/#\/schema\/logo\/image\/","url":"https:\/\/extery.com\/wp-content\/uploads\/2023\/11\/footer-logo.svg","contentUrl":"https:\/\/extery.com\/wp-content\/uploads\/2023\/11\/footer-logo.svg","caption":"Extery "},"image":{"@id":"https:\/\/extery.com\/pl\/#\/schema\/logo\/image\/"}}]}},"_links":{"self":[{"href":"https:\/\/extery.com\/pl\/wp-json\/wp\/v2\/product\/60173","targetHints":{"allow":["GET"]}}],"collection":[{"href":"https:\/\/extery.com\/pl\/wp-json\/wp\/v2\/product"}],"about":[{"href":"https:\/\/extery.com\/pl\/wp-json\/wp\/v2\/types\/product"}],"replies":[{"embeddable":true,"href":"https:\/\/extery.com\/pl\/wp-json\/wp\/v2\/comments?post=60173"}],"wp:featuredmedia":[{"embeddable":true,"href":"https:\/\/extery.com\/pl\/wp-json\/wp\/v2\/media\/60174"}],"wp:attachment":[{"href":"https:\/\/extery.com\/pl\/wp-json\/wp\/v2\/media?parent=60173"}],"wp:term":[{"taxonomy":"product_brand","embeddable":true,"href":"https:\/\/extery.com\/pl\/wp-json\/wp\/v2\/product_brand?post=60173"},{"taxonomy":"product_cat","embeddable":true,"href":"https:\/\/extery.com\/pl\/wp-json\/wp\/v2\/product_cat?post=60173"},{"taxonomy":"product_tag","embeddable":true,"href":"https:\/\/extery.com\/pl\/wp-json\/wp\/v2\/product_tag?post=60173"}],"curies":[{"name":"wp","href":"https:\/\/api.w.org\/{rel}","templated":true}]}}