{"id":60199,"date":"2020-11-13T08:30:36","date_gmt":"2020-11-13T08:30:36","guid":{"rendered":"https:\/\/extery.com\/tooted\/stojak-rowerowy-vee\/"},"modified":"2026-05-02T18:53:04","modified_gmt":"2026-05-02T18:53:04","slug":"stojak-rowerowy-vee","status":"publish","type":"product","link":"https:\/\/extery.com\/pl\/produkty\/stojak-rowerowy-vee\/","title":{"rendered":"Stojak rowerowy Vee"},"content":{"rendered":"<p>Stojak rowerowy Vee to rozwi\u0105zanie umo\u017cliwiaj\u0105ce bezpieczne przypi\u0119cie zar\u00f3wno ramy, jak i ko\u0142a roweru. Konstrukcja oparta na dw\u00f3ch p\u0119tlach zapewnia stabilne podparcie \u2013 d\u0142u\u017csza podtrzymuje ram\u0119, natomiast kr\u00f3tsza stabilizuje przednie ko\u0142o.<\/p>\n<p>Takie rozwi\u0105zanie ogranicza ryzyko przemieszczania si\u0119 roweru oraz minimalizuje mo\u017cliwo\u015b\u0107 uszkodzenia ramy podczas u\u017cytkowania.<\/p>\n<p>Czasami wystarczy drobny detal, aby miejski krajobraz sta\u0142 si\u0119 idealny.<\/p>\n<p>Wyko\u0144czenie: malowanie proszkowe lub pow\u0142oka elastomerowa o zwi\u0119kszonej odporno\u015bci.<\/p>\n","protected":false},"excerpt":{"rendered":"<p>Stojak rowerowy Vee to rozwi\u0105zanie umo\u017cliwiaj\u0105ce bezpieczne przypi\u0119cie zar\u00f3wno ramy, jak i ko\u0142a roweru. Konstrukcja oparta na dw\u00f3ch p\u0119tlach zapewnia stabilne podparcie \u2013 d\u0142u\u017csza podtrzymuje ram\u0119, natomiast kr\u00f3tsza stabilizuje przednie ko\u0142o. Takie rozwi\u0105zanie ogranicza ryzyko przemieszczania si\u0119 roweru oraz minimalizuje mo\u017cliwo\u015b\u0107 uszkodzenia ramy podczas u\u017cytkowania. Czasami wystarczy drobny detal, aby miejski krajobraz sta\u0142 si\u0119 idealny. [&hellip;]<\/p>\n","protected":false},"featured_media":60200,"comment_status":"open","ping_status":"closed","template":"","meta":{"_acf_changed":false},"product_brand":[],"product_cat":[386],"product_tag":[],"class_list":{"0":"post-60199","1":"product","2":"type-product","3":"status-publish","4":"has-post-thumbnail","6":"product_cat-stojaki-rowerowe","7":"product-family-vee","9":"first","10":"instock","11":"shipping-taxable","12":"product-type-simple"},"acf":[],"yoast_head":"<!-- This site is optimized with the Yoast SEO plugin v26.4 - https:\/\/yoast.com\/wordpress\/plugins\/seo\/ -->\n<title>Stojak rowerowy Vee - Extery<\/title>\n<meta name=\"description\" content=\"Baga\u017cnik rowerowy Vee to wyj\u0105tkowy i efektowny baga\u017cnik rowerowy, kt\u00f3ry umo\u017cliwia zablokowanie zar\u00f3wno obr\u0119czy ko\u0142a, jak i ramy. Zaprojektowany, aby idealnie wkomponowa\u0107 si\u0119 w miejski krajobraz.\" \/>\n<meta name=\"robots\" content=\"index, follow, max-snippet:-1, max-image-preview:large, max-video-preview:-1\" \/>\n<link rel=\"canonical\" href=\"https:\/\/extery.com\/pl\/produkty\/stojak-rowerowy-vee\/\" \/>\n<meta property=\"og:locale\" content=\"pl_PL\" \/>\n<meta property=\"og:type\" content=\"article\" \/>\n<meta property=\"og:title\" content=\"Stojak rowerowy Vee - Extery\" \/>\n<meta property=\"og:description\" content=\"Baga\u017cnik rowerowy Vee to wyj\u0105tkowy i efektowny baga\u017cnik rowerowy, kt\u00f3ry umo\u017cliwia zablokowanie zar\u00f3wno obr\u0119czy ko\u0142a, jak i ramy. Zaprojektowany, aby idealnie wkomponowa\u0107 si\u0119 w miejski krajobraz.\" \/>\n<meta property=\"og:url\" content=\"https:\/\/extery.com\/pl\/produkty\/stojak-rowerowy-vee\/\" \/>\n<meta property=\"og:site_name\" content=\"Extery\" \/>\n<meta property=\"article:modified_time\" content=\"2026-05-02T18:53:04+00:00\" \/>\n<meta property=\"og:image\" content=\"https:\/\/extery.com\/wp-content\/uploads\/2020\/11\/Vee-rattahoidja-E-scaled.jpg\" \/>\n\t<meta property=\"og:image:width\" content=\"2560\" \/>\n\t<meta property=\"og:image:height\" content=\"1707\" \/>\n\t<meta property=\"og:image:type\" content=\"image\/jpeg\" \/>\n<meta name=\"twitter:card\" content=\"summary_large_image\" \/>\n<meta name=\"twitter:label1\" content=\"Szacowany czas czytania\" \/>\n\t<meta name=\"twitter:data1\" content=\"1 minuta\" \/>\n<script type=\"application\/ld+json\" class=\"yoast-schema-graph\">{\"@context\":\"https:\/\/schema.org\",\"@graph\":[{\"@type\":\"WebPage\",\"@id\":\"https:\/\/extery.com\/pl\/produkty\/stojak-rowerowy-vee\/\",\"url\":\"https:\/\/extery.com\/pl\/produkty\/stojak-rowerowy-vee\/\",\"name\":\"Stojak rowerowy Vee - Extery\",\"isPartOf\":{\"@id\":\"https:\/\/extery.com\/pl\/#website\"},\"primaryImageOfPage\":{\"@id\":\"https:\/\/extery.com\/pl\/produkty\/stojak-rowerowy-vee\/#primaryimage\"},\"image\":{\"@id\":\"https:\/\/extery.com\/pl\/produkty\/stojak-rowerowy-vee\/#primaryimage\"},\"thumbnailUrl\":\"https:\/\/extery.com\/wp-content\/uploads\/2020\/11\/Vee-rattahoidja-E-scaled.jpg\",\"datePublished\":\"2020-11-13T08:30:36+00:00\",\"dateModified\":\"2026-05-02T18:53:04+00:00\",\"description\":\"Baga\u017cnik rowerowy Vee to wyj\u0105tkowy i efektowny baga\u017cnik rowerowy, kt\u00f3ry umo\u017cliwia zablokowanie zar\u00f3wno obr\u0119czy ko\u0142a, jak i ramy. Zaprojektowany, aby idealnie wkomponowa\u0107 si\u0119 w miejski krajobraz.\",\"breadcrumb\":{\"@id\":\"https:\/\/extery.com\/pl\/produkty\/stojak-rowerowy-vee\/#breadcrumb\"},\"inLanguage\":\"pl-PL\",\"potentialAction\":[{\"@type\":\"ReadAction\",\"target\":[\"https:\/\/extery.com\/pl\/produkty\/stojak-rowerowy-vee\/\"]}]},{\"@type\":\"ImageObject\",\"inLanguage\":\"pl-PL\",\"@id\":\"https:\/\/extery.com\/pl\/produkty\/stojak-rowerowy-vee\/#primaryimage\",\"url\":\"https:\/\/extery.com\/wp-content\/uploads\/2020\/11\/Vee-rattahoidja-E-scaled.jpg\",\"contentUrl\":\"https:\/\/extery.com\/wp-content\/uploads\/2020\/11\/Vee-rattahoidja-E-scaled.jpg\",\"width\":2560,\"height\":1707},{\"@type\":\"BreadcrumbList\",\"@id\":\"https:\/\/extery.com\/pl\/produkty\/stojak-rowerowy-vee\/#breadcrumb\",\"itemListElement\":[{\"@type\":\"ListItem\",\"position\":1,\"name\":\"Home\",\"item\":\"https:\/\/extery.com\/pl\/\"},{\"@type\":\"ListItem\",\"position\":2,\"name\":\"Produkty\",\"item\":\"https:\/\/extery.com\/tooted\/\"},{\"@type\":\"ListItem\",\"position\":3,\"name\":\"Stojak rowerowy Vee\"}]},{\"@type\":\"WebSite\",\"@id\":\"https:\/\/extery.com\/pl\/#website\",\"url\":\"https:\/\/extery.com\/pl\/\",\"name\":\"Extery\",\"description\":\"\",\"publisher\":{\"@id\":\"https:\/\/extery.com\/pl\/#organization\"},\"potentialAction\":[{\"@type\":\"SearchAction\",\"target\":{\"@type\":\"EntryPoint\",\"urlTemplate\":\"https:\/\/extery.com\/pl\/?s={search_term_string}\"},\"query-input\":{\"@type\":\"PropertyValueSpecification\",\"valueRequired\":true,\"valueName\":\"search_term_string\"}}],\"inLanguage\":\"pl-PL\"},{\"@type\":\"Organization\",\"@id\":\"https:\/\/extery.com\/pl\/#organization\",\"name\":\"Extery\",\"url\":\"https:\/\/extery.com\/pl\/\",\"logo\":{\"@type\":\"ImageObject\",\"inLanguage\":\"pl-PL\",\"@id\":\"https:\/\/extery.com\/pl\/#\/schema\/logo\/image\/\",\"url\":\"https:\/\/extery.com\/wp-content\/uploads\/2023\/11\/footer-logo.svg\",\"contentUrl\":\"https:\/\/extery.com\/wp-content\/uploads\/2023\/11\/footer-logo.svg\",\"caption\":\"Extery \"},\"image\":{\"@id\":\"https:\/\/extery.com\/pl\/#\/schema\/logo\/image\/\"}}]}<\/script>\n<!-- \/ Yoast SEO plugin. -->","yoast_head_json":{"title":"Stojak rowerowy Vee - Extery","description":"Baga\u017cnik rowerowy Vee to wyj\u0105tkowy i efektowny baga\u017cnik rowerowy, kt\u00f3ry umo\u017cliwia zablokowanie zar\u00f3wno obr\u0119czy ko\u0142a, jak i ramy. Zaprojektowany, aby idealnie wkomponowa\u0107 si\u0119 w miejski krajobraz.","robots":{"index":"index","follow":"follow","max-snippet":"max-snippet:-1","max-image-preview":"max-image-preview:large","max-video-preview":"max-video-preview:-1"},"canonical":"https:\/\/extery.com\/pl\/produkty\/stojak-rowerowy-vee\/","og_locale":"pl_PL","og_type":"article","og_title":"Stojak rowerowy Vee - Extery","og_description":"Baga\u017cnik rowerowy Vee to wyj\u0105tkowy i efektowny baga\u017cnik rowerowy, kt\u00f3ry umo\u017cliwia zablokowanie zar\u00f3wno obr\u0119czy ko\u0142a, jak i ramy. Zaprojektowany, aby idealnie wkomponowa\u0107 si\u0119 w miejski krajobraz.","og_url":"https:\/\/extery.com\/pl\/produkty\/stojak-rowerowy-vee\/","og_site_name":"Extery","article_modified_time":"2026-05-02T18:53:04+00:00","og_image":[{"width":2560,"height":1707,"url":"https:\/\/extery.com\/wp-content\/uploads\/2020\/11\/Vee-rattahoidja-E-scaled.jpg","type":"image\/jpeg"}],"twitter_card":"summary_large_image","twitter_misc":{"Szacowany czas czytania":"1 minuta"},"schema":{"@context":"https:\/\/schema.org","@graph":[{"@type":"WebPage","@id":"https:\/\/extery.com\/pl\/produkty\/stojak-rowerowy-vee\/","url":"https:\/\/extery.com\/pl\/produkty\/stojak-rowerowy-vee\/","name":"Stojak rowerowy Vee - Extery","isPartOf":{"@id":"https:\/\/extery.com\/pl\/#website"},"primaryImageOfPage":{"@id":"https:\/\/extery.com\/pl\/produkty\/stojak-rowerowy-vee\/#primaryimage"},"image":{"@id":"https:\/\/extery.com\/pl\/produkty\/stojak-rowerowy-vee\/#primaryimage"},"thumbnailUrl":"https:\/\/extery.com\/wp-content\/uploads\/2020\/11\/Vee-rattahoidja-E-scaled.jpg","datePublished":"2020-11-13T08:30:36+00:00","dateModified":"2026-05-02T18:53:04+00:00","description":"Baga\u017cnik rowerowy Vee to wyj\u0105tkowy i efektowny baga\u017cnik rowerowy, kt\u00f3ry umo\u017cliwia zablokowanie zar\u00f3wno obr\u0119czy ko\u0142a, jak i ramy. Zaprojektowany, aby idealnie wkomponowa\u0107 si\u0119 w miejski krajobraz.","breadcrumb":{"@id":"https:\/\/extery.com\/pl\/produkty\/stojak-rowerowy-vee\/#breadcrumb"},"inLanguage":"pl-PL","potentialAction":[{"@type":"ReadAction","target":["https:\/\/extery.com\/pl\/produkty\/stojak-rowerowy-vee\/"]}]},{"@type":"ImageObject","inLanguage":"pl-PL","@id":"https:\/\/extery.com\/pl\/produkty\/stojak-rowerowy-vee\/#primaryimage","url":"https:\/\/extery.com\/wp-content\/uploads\/2020\/11\/Vee-rattahoidja-E-scaled.jpg","contentUrl":"https:\/\/extery.com\/wp-content\/uploads\/2020\/11\/Vee-rattahoidja-E-scaled.jpg","width":2560,"height":1707},{"@type":"BreadcrumbList","@id":"https:\/\/extery.com\/pl\/produkty\/stojak-rowerowy-vee\/#breadcrumb","itemListElement":[{"@type":"ListItem","position":1,"name":"Home","item":"https:\/\/extery.com\/pl\/"},{"@type":"ListItem","position":2,"name":"Produkty","item":"https:\/\/extery.com\/tooted\/"},{"@type":"ListItem","position":3,"name":"Stojak rowerowy Vee"}]},{"@type":"WebSite","@id":"https:\/\/extery.com\/pl\/#website","url":"https:\/\/extery.com\/pl\/","name":"Extery","description":"","publisher":{"@id":"https:\/\/extery.com\/pl\/#organization"},"potentialAction":[{"@type":"SearchAction","target":{"@type":"EntryPoint","urlTemplate":"https:\/\/extery.com\/pl\/?s={search_term_string}"},"query-input":{"@type":"PropertyValueSpecification","valueRequired":true,"valueName":"search_term_string"}}],"inLanguage":"pl-PL"},{"@type":"Organization","@id":"https:\/\/extery.com\/pl\/#organization","name":"Extery","url":"https:\/\/extery.com\/pl\/","logo":{"@type":"ImageObject","inLanguage":"pl-PL","@id":"https:\/\/extery.com\/pl\/#\/schema\/logo\/image\/","url":"https:\/\/extery.com\/wp-content\/uploads\/2023\/11\/footer-logo.svg","contentUrl":"https:\/\/extery.com\/wp-content\/uploads\/2023\/11\/footer-logo.svg","caption":"Extery "},"image":{"@id":"https:\/\/extery.com\/pl\/#\/schema\/logo\/image\/"}}]}},"_links":{"self":[{"href":"https:\/\/extery.com\/pl\/wp-json\/wp\/v2\/product\/60199","targetHints":{"allow":["GET"]}}],"collection":[{"href":"https:\/\/extery.com\/pl\/wp-json\/wp\/v2\/product"}],"about":[{"href":"https:\/\/extery.com\/pl\/wp-json\/wp\/v2\/types\/product"}],"replies":[{"embeddable":true,"href":"https:\/\/extery.com\/pl\/wp-json\/wp\/v2\/comments?post=60199"}],"wp:featuredmedia":[{"embeddable":true,"href":"https:\/\/extery.com\/pl\/wp-json\/wp\/v2\/media\/60200"}],"wp:attachment":[{"href":"https:\/\/extery.com\/pl\/wp-json\/wp\/v2\/media?parent=60199"}],"wp:term":[{"taxonomy":"product_brand","embeddable":true,"href":"https:\/\/extery.com\/pl\/wp-json\/wp\/v2\/product_brand?post=60199"},{"taxonomy":"product_cat","embeddable":true,"href":"https:\/\/extery.com\/pl\/wp-json\/wp\/v2\/product_cat?post=60199"},{"taxonomy":"product_tag","embeddable":true,"href":"https:\/\/extery.com\/pl\/wp-json\/wp\/v2\/product_tag?post=60199"}],"curies":[{"name":"wp","href":"https:\/\/api.w.org\/{rel}","templated":true}]}}