{"id":60207,"date":"2023-10-03T11:18:37","date_gmt":"2023-10-03T11:18:37","guid":{"rendered":"https:\/\/extery.com\/tooted\/krzeslo-podwojne-veer\/"},"modified":"2026-05-02T16:16:57","modified_gmt":"2026-05-02T16:16:57","slug":"krzeslo-podwojne-veer","status":"publish","type":"product","link":"https:\/\/extery.com\/pl\/produkty\/krzeslo-podwojne-veer\/","title":{"rendered":"Krzes\u0142o podw\u00f3jne Veer"},"content":{"rendered":"<p>Krzes\u0142o Veer \u2013 dzi\u0119ki swojej funkcjonalnej klarowno\u015bci oraz konstrukcji przepuszczaj\u0105cej \u015bwiat\u0142o i powietrze \u2013 sprawdza si\u0119 jako subtelne dope\u0142nienie architektury lub tworzy przyjemny kontrast w naturalnym otoczeniu.<\/p>\n<p>Przyjazny dla u\u017cytkownika projekt zapewnia kilka r\u00f3\u017cnych i wygodnych pozycji dla osoby odpoczywaj\u0105cej na \u0142awce. Cech\u0105 wyr\u00f3\u017cniaj\u0105c\u0105 krzes\u0142o Veer jest pozioma powierzchnia na ko\u0144cu oparcia. Znajduje si\u0119 ona na idealnej wysoko\u015bci, aby stanowi\u0107 podparcie dla ramienia podczas trzymania telefonu, ksi\u0105\u017cki lub kubka z kaw\u0105. Ponadto w projekcie Veer zastosowano zaokr\u0105glone, rurowe formy, co pot\u0119guje skojarzenia z sof\u0105 w salonie i wprowadza domowy komfort do przestrzeni publicznych. Veer o\u017cywia ka\u017cd\u0105 przestrze\u0144 publiczn\u0105, tworz\u0105c dynamiczne i pe\u0142ne \u017cycia miejsca.<\/p>\n<p>Produkty z rodziny Veer s\u0105 dost\u0119pne w trzech standardowych szeroko\u015bciach: klasycznej szeroko\u015bci \u0142awki parkowej, kt\u00f3ra dzi\u0119ki charakterystycznemu kszta\u0142towi serii Veer przypomina sof\u0119; rozmiarze fotela, kt\u00f3ry oferuje wszechstronne mo\u017cliwo\u015bci aran\u017cacji mebli w przestrzeni; oraz po\u015brednim rozmiarze podw\u00f3jnym (lovechair), kt\u00f3ry jest idealny zar\u00f3wno do swobodnego wypoczynku w pojedynk\u0119, jak i do dzielenia si\u0119 sekretami z blisk\u0105 osob\u0105. <strong><a href=\"https:\/\/extery.com\/pl\/rodziny-produktow\/#veer-en\">Kliknij tutaj<\/a><\/strong>, aby zobaczy\u0107 wi\u0119cej produkt\u00f3w z rodziny Veer.<\/p>\n<p>Meble miejskie Extery pomagaj\u0105 tworzy\u0107 t\u0119tni\u0105ce \u017cyciem przestrzenie zewn\u0119trzne, o\u017cywiaj\u0105c i dodaj\u0105c blasku ka\u017cdej przestrzeni publicznej. \u0141awka parkowa Veer oferuje w\u0142a\u015bnie to \u201eco\u015b\u201d, co czyni przestrze\u0144 publiczn\u0105 bardziej atrakcyjn\u0105 i zach\u0119caj\u0105c\u0105.<\/p>\n<p>Podnie\u015b estetyk\u0119 i funkcjonalno\u015b\u0107 przestrzeni zewn\u0119trznej i wybierz rodzin\u0119 siedzisk Veer do kolejnego projektu miejskiego!<\/p>\n","protected":false},"excerpt":{"rendered":"<p>Krzes\u0142o Veer \u2013 dzi\u0119ki swojej funkcjonalnej klarowno\u015bci oraz konstrukcji przepuszczaj\u0105cej \u015bwiat\u0142o i powietrze \u2013 sprawdza si\u0119 jako subtelne dope\u0142nienie architektury lub tworzy przyjemny kontrast w naturalnym otoczeniu. Przyjazny dla u\u017cytkownika projekt zapewnia kilka r\u00f3\u017cnych i wygodnych pozycji dla osoby odpoczywaj\u0105cej na \u0142awce. Cech\u0105 wyr\u00f3\u017cniaj\u0105c\u0105 krzes\u0142o Veer jest pozioma powierzchnia na ko\u0144cu oparcia. Znajduje si\u0119 ona [&hellip;]<\/p>\n","protected":false},"featured_media":60208,"comment_status":"open","ping_status":"closed","template":"","meta":{"_acf_changed":false},"product_brand":[],"product_cat":[365,367],"product_tag":[],"class_list":{"0":"post-60207","1":"product","2":"type-product","3":"status-publish","4":"has-post-thumbnail","6":"product_cat-lawki-parkowe-z-oparciami","7":"product_cat-krzesla-pufy","8":"product-family-veer","10":"first","11":"instock","12":"shipping-taxable","13":"product-type-simple"},"acf":[],"yoast_head":"<!-- This site is optimized with the Yoast SEO plugin v26.4 - https:\/\/yoast.com\/wordpress\/plugins\/seo\/ -->\n<title>Krzes\u0142o podw\u00f3jne Veer - Extery<\/title>\n<meta name=\"description\" content=\"Fotel parkowy Veer zosta\u0142 zaprojektowany z my\u015bl\u0105 o schodach i \u015bcianach ogrodowych. Zaprojektowany z my\u015bl\u0105 o maksymalnym komforcie. Wybierz odpowiedni\u0105 \u0142awk\u0119 z naszej kolekcji!\" \/>\n<meta name=\"robots\" content=\"index, follow, max-snippet:-1, max-image-preview:large, max-video-preview:-1\" \/>\n<link rel=\"canonical\" href=\"https:\/\/extery.com\/pl\/produkty\/krzeslo-podwojne-veer\/\" \/>\n<meta property=\"og:locale\" content=\"pl_PL\" \/>\n<meta property=\"og:type\" content=\"article\" \/>\n<meta property=\"og:title\" content=\"Krzes\u0142o podw\u00f3jne Veer - Extery\" \/>\n<meta property=\"og:description\" content=\"Fotel parkowy Veer zosta\u0142 zaprojektowany z my\u015bl\u0105 o schodach i \u015bcianach ogrodowych. Zaprojektowany z my\u015bl\u0105 o maksymalnym komforcie. Wybierz odpowiedni\u0105 \u0142awk\u0119 z naszej kolekcji!\" \/>\n<meta property=\"og:url\" content=\"https:\/\/extery.com\/pl\/produkty\/krzeslo-podwojne-veer\/\" \/>\n<meta property=\"og:site_name\" content=\"Extery\" \/>\n<meta property=\"article:modified_time\" content=\"2026-05-02T16:16:57+00:00\" \/>\n<meta property=\"og:image\" content=\"https:\/\/extery.com\/wp-content\/uploads\/2026\/01\/Veer-1200-roosa-v1_jt2-EXTERY-urban-furniture-park-bench-pargipink-puistonpenkki-sols.jpg\" \/>\n\t<meta property=\"og:image:width\" content=\"1440\" \/>\n\t<meta property=\"og:image:height\" content=\"960\" \/>\n\t<meta property=\"og:image:type\" content=\"image\/jpeg\" \/>\n<meta name=\"twitter:card\" content=\"summary_large_image\" \/>\n<meta name=\"twitter:label1\" content=\"Szacowany czas czytania\" \/>\n\t<meta name=\"twitter:data1\" content=\"2 minuty\" \/>\n<script type=\"application\/ld+json\" class=\"yoast-schema-graph\">{\"@context\":\"https:\/\/schema.org\",\"@graph\":[{\"@type\":\"WebPage\",\"@id\":\"https:\/\/extery.com\/pl\/produkty\/krzeslo-podwojne-veer\/\",\"url\":\"https:\/\/extery.com\/pl\/produkty\/krzeslo-podwojne-veer\/\",\"name\":\"Krzes\u0142o podw\u00f3jne Veer - Extery\",\"isPartOf\":{\"@id\":\"https:\/\/extery.com\/pl\/#website\"},\"primaryImageOfPage\":{\"@id\":\"https:\/\/extery.com\/pl\/produkty\/krzeslo-podwojne-veer\/#primaryimage\"},\"image\":{\"@id\":\"https:\/\/extery.com\/pl\/produkty\/krzeslo-podwojne-veer\/#primaryimage\"},\"thumbnailUrl\":\"https:\/\/extery.com\/wp-content\/uploads\/2026\/01\/Veer-1200-roosa-v1_jt2-EXTERY-urban-furniture-park-bench-pargipink-puistonpenkki-sols.jpg\",\"datePublished\":\"2023-10-03T11:18:37+00:00\",\"dateModified\":\"2026-05-02T16:16:57+00:00\",\"description\":\"Fotel parkowy Veer zosta\u0142 zaprojektowany z my\u015bl\u0105 o schodach i \u015bcianach ogrodowych. Zaprojektowany z my\u015bl\u0105 o maksymalnym komforcie. Wybierz odpowiedni\u0105 \u0142awk\u0119 z naszej kolekcji!\",\"breadcrumb\":{\"@id\":\"https:\/\/extery.com\/pl\/produkty\/krzeslo-podwojne-veer\/#breadcrumb\"},\"inLanguage\":\"pl-PL\",\"potentialAction\":[{\"@type\":\"ReadAction\",\"target\":[\"https:\/\/extery.com\/pl\/produkty\/krzeslo-podwojne-veer\/\"]}]},{\"@type\":\"ImageObject\",\"inLanguage\":\"pl-PL\",\"@id\":\"https:\/\/extery.com\/pl\/produkty\/krzeslo-podwojne-veer\/#primaryimage\",\"url\":\"https:\/\/extery.com\/wp-content\/uploads\/2026\/01\/Veer-1200-roosa-v1_jt2-EXTERY-urban-furniture-park-bench-pargipink-puistonpenkki-sols.jpg\",\"contentUrl\":\"https:\/\/extery.com\/wp-content\/uploads\/2026\/01\/Veer-1200-roosa-v1_jt2-EXTERY-urban-furniture-park-bench-pargipink-puistonpenkki-sols.jpg\",\"width\":1440,\"height\":960},{\"@type\":\"BreadcrumbList\",\"@id\":\"https:\/\/extery.com\/pl\/produkty\/krzeslo-podwojne-veer\/#breadcrumb\",\"itemListElement\":[{\"@type\":\"ListItem\",\"position\":1,\"name\":\"Home\",\"item\":\"https:\/\/extery.com\/pl\/\"},{\"@type\":\"ListItem\",\"position\":2,\"name\":\"Produkty\",\"item\":\"https:\/\/extery.com\/tooted\/\"},{\"@type\":\"ListItem\",\"position\":3,\"name\":\"Krzes\u0142o podw\u00f3jne Veer\"}]},{\"@type\":\"WebSite\",\"@id\":\"https:\/\/extery.com\/pl\/#website\",\"url\":\"https:\/\/extery.com\/pl\/\",\"name\":\"Extery\",\"description\":\"\",\"publisher\":{\"@id\":\"https:\/\/extery.com\/pl\/#organization\"},\"potentialAction\":[{\"@type\":\"SearchAction\",\"target\":{\"@type\":\"EntryPoint\",\"urlTemplate\":\"https:\/\/extery.com\/pl\/?s={search_term_string}\"},\"query-input\":{\"@type\":\"PropertyValueSpecification\",\"valueRequired\":true,\"valueName\":\"search_term_string\"}}],\"inLanguage\":\"pl-PL\"},{\"@type\":\"Organization\",\"@id\":\"https:\/\/extery.com\/pl\/#organization\",\"name\":\"Extery\",\"url\":\"https:\/\/extery.com\/pl\/\",\"logo\":{\"@type\":\"ImageObject\",\"inLanguage\":\"pl-PL\",\"@id\":\"https:\/\/extery.com\/pl\/#\/schema\/logo\/image\/\",\"url\":\"https:\/\/extery.com\/wp-content\/uploads\/2023\/11\/footer-logo.svg\",\"contentUrl\":\"https:\/\/extery.com\/wp-content\/uploads\/2023\/11\/footer-logo.svg\",\"caption\":\"Extery \"},\"image\":{\"@id\":\"https:\/\/extery.com\/pl\/#\/schema\/logo\/image\/\"}}]}<\/script>\n<!-- \/ Yoast SEO plugin. -->","yoast_head_json":{"title":"Krzes\u0142o podw\u00f3jne Veer - Extery","description":"Fotel parkowy Veer zosta\u0142 zaprojektowany z my\u015bl\u0105 o schodach i \u015bcianach ogrodowych. Zaprojektowany z my\u015bl\u0105 o maksymalnym komforcie. Wybierz odpowiedni\u0105 \u0142awk\u0119 z naszej kolekcji!","robots":{"index":"index","follow":"follow","max-snippet":"max-snippet:-1","max-image-preview":"max-image-preview:large","max-video-preview":"max-video-preview:-1"},"canonical":"https:\/\/extery.com\/pl\/produkty\/krzeslo-podwojne-veer\/","og_locale":"pl_PL","og_type":"article","og_title":"Krzes\u0142o podw\u00f3jne Veer - Extery","og_description":"Fotel parkowy Veer zosta\u0142 zaprojektowany z my\u015bl\u0105 o schodach i \u015bcianach ogrodowych. Zaprojektowany z my\u015bl\u0105 o maksymalnym komforcie. Wybierz odpowiedni\u0105 \u0142awk\u0119 z naszej kolekcji!","og_url":"https:\/\/extery.com\/pl\/produkty\/krzeslo-podwojne-veer\/","og_site_name":"Extery","article_modified_time":"2026-05-02T16:16:57+00:00","og_image":[{"width":1440,"height":960,"url":"https:\/\/extery.com\/wp-content\/uploads\/2026\/01\/Veer-1200-roosa-v1_jt2-EXTERY-urban-furniture-park-bench-pargipink-puistonpenkki-sols.jpg","type":"image\/jpeg"}],"twitter_card":"summary_large_image","twitter_misc":{"Szacowany czas czytania":"2 minuty"},"schema":{"@context":"https:\/\/schema.org","@graph":[{"@type":"WebPage","@id":"https:\/\/extery.com\/pl\/produkty\/krzeslo-podwojne-veer\/","url":"https:\/\/extery.com\/pl\/produkty\/krzeslo-podwojne-veer\/","name":"Krzes\u0142o podw\u00f3jne Veer - Extery","isPartOf":{"@id":"https:\/\/extery.com\/pl\/#website"},"primaryImageOfPage":{"@id":"https:\/\/extery.com\/pl\/produkty\/krzeslo-podwojne-veer\/#primaryimage"},"image":{"@id":"https:\/\/extery.com\/pl\/produkty\/krzeslo-podwojne-veer\/#primaryimage"},"thumbnailUrl":"https:\/\/extery.com\/wp-content\/uploads\/2026\/01\/Veer-1200-roosa-v1_jt2-EXTERY-urban-furniture-park-bench-pargipink-puistonpenkki-sols.jpg","datePublished":"2023-10-03T11:18:37+00:00","dateModified":"2026-05-02T16:16:57+00:00","description":"Fotel parkowy Veer zosta\u0142 zaprojektowany z my\u015bl\u0105 o schodach i \u015bcianach ogrodowych. Zaprojektowany z my\u015bl\u0105 o maksymalnym komforcie. Wybierz odpowiedni\u0105 \u0142awk\u0119 z naszej kolekcji!","breadcrumb":{"@id":"https:\/\/extery.com\/pl\/produkty\/krzeslo-podwojne-veer\/#breadcrumb"},"inLanguage":"pl-PL","potentialAction":[{"@type":"ReadAction","target":["https:\/\/extery.com\/pl\/produkty\/krzeslo-podwojne-veer\/"]}]},{"@type":"ImageObject","inLanguage":"pl-PL","@id":"https:\/\/extery.com\/pl\/produkty\/krzeslo-podwojne-veer\/#primaryimage","url":"https:\/\/extery.com\/wp-content\/uploads\/2026\/01\/Veer-1200-roosa-v1_jt2-EXTERY-urban-furniture-park-bench-pargipink-puistonpenkki-sols.jpg","contentUrl":"https:\/\/extery.com\/wp-content\/uploads\/2026\/01\/Veer-1200-roosa-v1_jt2-EXTERY-urban-furniture-park-bench-pargipink-puistonpenkki-sols.jpg","width":1440,"height":960},{"@type":"BreadcrumbList","@id":"https:\/\/extery.com\/pl\/produkty\/krzeslo-podwojne-veer\/#breadcrumb","itemListElement":[{"@type":"ListItem","position":1,"name":"Home","item":"https:\/\/extery.com\/pl\/"},{"@type":"ListItem","position":2,"name":"Produkty","item":"https:\/\/extery.com\/tooted\/"},{"@type":"ListItem","position":3,"name":"Krzes\u0142o podw\u00f3jne Veer"}]},{"@type":"WebSite","@id":"https:\/\/extery.com\/pl\/#website","url":"https:\/\/extery.com\/pl\/","name":"Extery","description":"","publisher":{"@id":"https:\/\/extery.com\/pl\/#organization"},"potentialAction":[{"@type":"SearchAction","target":{"@type":"EntryPoint","urlTemplate":"https:\/\/extery.com\/pl\/?s={search_term_string}"},"query-input":{"@type":"PropertyValueSpecification","valueRequired":true,"valueName":"search_term_string"}}],"inLanguage":"pl-PL"},{"@type":"Organization","@id":"https:\/\/extery.com\/pl\/#organization","name":"Extery","url":"https:\/\/extery.com\/pl\/","logo":{"@type":"ImageObject","inLanguage":"pl-PL","@id":"https:\/\/extery.com\/pl\/#\/schema\/logo\/image\/","url":"https:\/\/extery.com\/wp-content\/uploads\/2023\/11\/footer-logo.svg","contentUrl":"https:\/\/extery.com\/wp-content\/uploads\/2023\/11\/footer-logo.svg","caption":"Extery "},"image":{"@id":"https:\/\/extery.com\/pl\/#\/schema\/logo\/image\/"}}]}},"_links":{"self":[{"href":"https:\/\/extery.com\/pl\/wp-json\/wp\/v2\/product\/60207","targetHints":{"allow":["GET"]}}],"collection":[{"href":"https:\/\/extery.com\/pl\/wp-json\/wp\/v2\/product"}],"about":[{"href":"https:\/\/extery.com\/pl\/wp-json\/wp\/v2\/types\/product"}],"replies":[{"embeddable":true,"href":"https:\/\/extery.com\/pl\/wp-json\/wp\/v2\/comments?post=60207"}],"wp:featuredmedia":[{"embeddable":true,"href":"https:\/\/extery.com\/pl\/wp-json\/wp\/v2\/media\/60208"}],"wp:attachment":[{"href":"https:\/\/extery.com\/pl\/wp-json\/wp\/v2\/media?parent=60207"}],"wp:term":[{"taxonomy":"product_brand","embeddable":true,"href":"https:\/\/extery.com\/pl\/wp-json\/wp\/v2\/product_brand?post=60207"},{"taxonomy":"product_cat","embeddable":true,"href":"https:\/\/extery.com\/pl\/wp-json\/wp\/v2\/product_cat?post=60207"},{"taxonomy":"product_tag","embeddable":true,"href":"https:\/\/extery.com\/pl\/wp-json\/wp\/v2\/product_tag?post=60207"}],"curies":[{"name":"wp","href":"https:\/\/api.w.org\/{rel}","templated":true}]}}