{"id":60253,"date":"2020-11-16T11:15:49","date_gmt":"2020-11-16T11:15:49","guid":{"rendered":"https:\/\/extery.com\/tooted\/krzeslo-voog\/"},"modified":"2026-04-30T11:59:06","modified_gmt":"2026-04-30T11:59:06","slug":"krzeslo-voog","status":"publish","type":"product","link":"https:\/\/extery.com\/pl\/produkty\/krzeslo-voog\/","title":{"rendered":"Krzes\u0142o Voog"},"content":{"rendered":"<p>Krzes\u0142o Voog jako element architektury krajobrazu. Voog to siedzisko z wij\u0105cym si\u0119 oparciem, kt\u00f3re wygl\u0105da, jakby wyp\u0142ywa\u0142o z ziemi. Harmonijny i wtapiaj\u0105cy si\u0119 w krajobraz mi\u0119kki kszta\u0142t przyci\u0105ga uwag\u0119 swoj\u0105 nienagann\u0105 dyskrecj\u0105.<\/p>\n<p>Do\u0142\u0105czane profile LED pomagaj\u0105 stworzy\u0107 odpowiedni\u0105 atmosfer\u0119 po zmroku.<\/p>\n<p>Rodzina Voog obejmuje klasyczn\u0105 trzyosobow\u0105 \u0142awk\u0119, krzes\u0142o oraz 2-osobowy le\u017cak.<\/p>\n","protected":false},"excerpt":{"rendered":"<p>Krzes\u0142o Voog jako element architektury krajobrazu. Voog to siedzisko z wij\u0105cym si\u0119 oparciem, kt\u00f3re wygl\u0105da, jakby wyp\u0142ywa\u0142o z ziemi. Harmonijny i wtapiaj\u0105cy si\u0119 w krajobraz mi\u0119kki kszta\u0142t przyci\u0105ga uwag\u0119 swoj\u0105 nienagann\u0105 dyskrecj\u0105. Do\u0142\u0105czane profile LED pomagaj\u0105 stworzy\u0107 odpowiedni\u0105 atmosfer\u0119 po zmroku. Rodzina Voog obejmuje klasyczn\u0105 trzyosobow\u0105 \u0142awk\u0119, krzes\u0142o oraz 2-osobowy le\u017cak.<\/p>\n","protected":false},"featured_media":60261,"comment_status":"open","ping_status":"closed","template":"","meta":{"_acf_changed":false},"product_brand":[],"product_cat":[367],"product_tag":[],"class_list":{"0":"post-60253","1":"product","2":"type-product","3":"status-publish","4":"has-post-thumbnail","6":"product_cat-krzesla-pufy","7":"product-family-voog","9":"first","10":"instock","11":"shipping-taxable","12":"product-type-simple"},"acf":[],"yoast_head":"<!-- This site is optimized with the Yoast SEO plugin v26.4 - https:\/\/yoast.com\/wordpress\/plugins\/seo\/ -->\n<title>Krzes\u0142o Voog - Extery<\/title>\n<meta name=\"description\" content=\"Krzes\u0142o Voog jako element aran\u017cacji krajobrazu. Voog to siedzisko z w\u0119\u017cowatym oparciem, kt\u00f3re sprawia wra\u017cenie, jakby wyp\u0142ywa\u0142o z ziemi.\" \/>\n<meta name=\"robots\" content=\"index, follow, max-snippet:-1, max-image-preview:large, max-video-preview:-1\" \/>\n<link rel=\"canonical\" href=\"https:\/\/extery.com\/pl\/produkty\/krzeslo-voog\/\" \/>\n<meta property=\"og:locale\" content=\"pl_PL\" \/>\n<meta property=\"og:type\" content=\"article\" \/>\n<meta property=\"og:title\" content=\"Krzes\u0142o Voog - Extery\" \/>\n<meta property=\"og:description\" content=\"Krzes\u0142o Voog jako element aran\u017cacji krajobrazu. Voog to siedzisko z w\u0119\u017cowatym oparciem, kt\u00f3re sprawia wra\u017cenie, jakby wyp\u0142ywa\u0142o z ziemi.\" \/>\n<meta property=\"og:url\" content=\"https:\/\/extery.com\/pl\/produkty\/krzeslo-voog\/\" \/>\n<meta property=\"og:site_name\" content=\"Extery\" \/>\n<meta property=\"article:modified_time\" content=\"2026-04-30T11:59:06+00:00\" \/>\n<meta property=\"og:image\" content=\"https:\/\/extery.com\/wp-content\/uploads\/2020\/12\/chair-voog-tool-scaled.jpg\" \/>\n\t<meta property=\"og:image:width\" content=\"2560\" \/>\n\t<meta property=\"og:image:height\" content=\"1707\" \/>\n\t<meta property=\"og:image:type\" content=\"image\/jpeg\" \/>\n<meta name=\"twitter:card\" content=\"summary_large_image\" \/>\n<meta name=\"twitter:label1\" content=\"Szacowany czas czytania\" \/>\n\t<meta name=\"twitter:data1\" content=\"1 minuta\" \/>\n<script type=\"application\/ld+json\" class=\"yoast-schema-graph\">{\"@context\":\"https:\/\/schema.org\",\"@graph\":[{\"@type\":\"WebPage\",\"@id\":\"https:\/\/extery.com\/pl\/produkty\/krzeslo-voog\/\",\"url\":\"https:\/\/extery.com\/pl\/produkty\/krzeslo-voog\/\",\"name\":\"Krzes\u0142o Voog - Extery\",\"isPartOf\":{\"@id\":\"https:\/\/extery.com\/pl\/#website\"},\"primaryImageOfPage\":{\"@id\":\"https:\/\/extery.com\/pl\/produkty\/krzeslo-voog\/#primaryimage\"},\"image\":{\"@id\":\"https:\/\/extery.com\/pl\/produkty\/krzeslo-voog\/#primaryimage\"},\"thumbnailUrl\":\"https:\/\/extery.com\/wp-content\/uploads\/2020\/12\/chair-voog-tool-scaled.jpg\",\"datePublished\":\"2020-11-16T11:15:49+00:00\",\"dateModified\":\"2026-04-30T11:59:06+00:00\",\"description\":\"Krzes\u0142o Voog jako element aran\u017cacji krajobrazu. Voog to siedzisko z w\u0119\u017cowatym oparciem, kt\u00f3re sprawia wra\u017cenie, jakby wyp\u0142ywa\u0142o z ziemi.\",\"breadcrumb\":{\"@id\":\"https:\/\/extery.com\/pl\/produkty\/krzeslo-voog\/#breadcrumb\"},\"inLanguage\":\"pl-PL\",\"potentialAction\":[{\"@type\":\"ReadAction\",\"target\":[\"https:\/\/extery.com\/pl\/produkty\/krzeslo-voog\/\"]}]},{\"@type\":\"ImageObject\",\"inLanguage\":\"pl-PL\",\"@id\":\"https:\/\/extery.com\/pl\/produkty\/krzeslo-voog\/#primaryimage\",\"url\":\"https:\/\/extery.com\/wp-content\/uploads\/2020\/12\/chair-voog-tool-scaled.jpg\",\"contentUrl\":\"https:\/\/extery.com\/wp-content\/uploads\/2020\/12\/chair-voog-tool-scaled.jpg\",\"width\":2560,\"height\":1707},{\"@type\":\"BreadcrumbList\",\"@id\":\"https:\/\/extery.com\/pl\/produkty\/krzeslo-voog\/#breadcrumb\",\"itemListElement\":[{\"@type\":\"ListItem\",\"position\":1,\"name\":\"Home\",\"item\":\"https:\/\/extery.com\/pl\/\"},{\"@type\":\"ListItem\",\"position\":2,\"name\":\"Produkty\",\"item\":\"https:\/\/extery.com\/tooted\/\"},{\"@type\":\"ListItem\",\"position\":3,\"name\":\"Krzes\u0142o Voog\"}]},{\"@type\":\"WebSite\",\"@id\":\"https:\/\/extery.com\/pl\/#website\",\"url\":\"https:\/\/extery.com\/pl\/\",\"name\":\"Extery\",\"description\":\"\",\"publisher\":{\"@id\":\"https:\/\/extery.com\/pl\/#organization\"},\"potentialAction\":[{\"@type\":\"SearchAction\",\"target\":{\"@type\":\"EntryPoint\",\"urlTemplate\":\"https:\/\/extery.com\/pl\/?s={search_term_string}\"},\"query-input\":{\"@type\":\"PropertyValueSpecification\",\"valueRequired\":true,\"valueName\":\"search_term_string\"}}],\"inLanguage\":\"pl-PL\"},{\"@type\":\"Organization\",\"@id\":\"https:\/\/extery.com\/pl\/#organization\",\"name\":\"Extery\",\"url\":\"https:\/\/extery.com\/pl\/\",\"logo\":{\"@type\":\"ImageObject\",\"inLanguage\":\"pl-PL\",\"@id\":\"https:\/\/extery.com\/pl\/#\/schema\/logo\/image\/\",\"url\":\"https:\/\/extery.com\/wp-content\/uploads\/2023\/11\/footer-logo.svg\",\"contentUrl\":\"https:\/\/extery.com\/wp-content\/uploads\/2023\/11\/footer-logo.svg\",\"caption\":\"Extery \"},\"image\":{\"@id\":\"https:\/\/extery.com\/pl\/#\/schema\/logo\/image\/\"}}]}<\/script>\n<!-- \/ Yoast SEO plugin. -->","yoast_head_json":{"title":"Krzes\u0142o Voog - Extery","description":"Krzes\u0142o Voog jako element aran\u017cacji krajobrazu. Voog to siedzisko z w\u0119\u017cowatym oparciem, kt\u00f3re sprawia wra\u017cenie, jakby wyp\u0142ywa\u0142o z ziemi.","robots":{"index":"index","follow":"follow","max-snippet":"max-snippet:-1","max-image-preview":"max-image-preview:large","max-video-preview":"max-video-preview:-1"},"canonical":"https:\/\/extery.com\/pl\/produkty\/krzeslo-voog\/","og_locale":"pl_PL","og_type":"article","og_title":"Krzes\u0142o Voog - Extery","og_description":"Krzes\u0142o Voog jako element aran\u017cacji krajobrazu. Voog to siedzisko z w\u0119\u017cowatym oparciem, kt\u00f3re sprawia wra\u017cenie, jakby wyp\u0142ywa\u0142o z ziemi.","og_url":"https:\/\/extery.com\/pl\/produkty\/krzeslo-voog\/","og_site_name":"Extery","article_modified_time":"2026-04-30T11:59:06+00:00","og_image":[{"width":2560,"height":1707,"url":"https:\/\/extery.com\/wp-content\/uploads\/2020\/12\/chair-voog-tool-scaled.jpg","type":"image\/jpeg"}],"twitter_card":"summary_large_image","twitter_misc":{"Szacowany czas czytania":"1 minuta"},"schema":{"@context":"https:\/\/schema.org","@graph":[{"@type":"WebPage","@id":"https:\/\/extery.com\/pl\/produkty\/krzeslo-voog\/","url":"https:\/\/extery.com\/pl\/produkty\/krzeslo-voog\/","name":"Krzes\u0142o Voog - Extery","isPartOf":{"@id":"https:\/\/extery.com\/pl\/#website"},"primaryImageOfPage":{"@id":"https:\/\/extery.com\/pl\/produkty\/krzeslo-voog\/#primaryimage"},"image":{"@id":"https:\/\/extery.com\/pl\/produkty\/krzeslo-voog\/#primaryimage"},"thumbnailUrl":"https:\/\/extery.com\/wp-content\/uploads\/2020\/12\/chair-voog-tool-scaled.jpg","datePublished":"2020-11-16T11:15:49+00:00","dateModified":"2026-04-30T11:59:06+00:00","description":"Krzes\u0142o Voog jako element aran\u017cacji krajobrazu. Voog to siedzisko z w\u0119\u017cowatym oparciem, kt\u00f3re sprawia wra\u017cenie, jakby wyp\u0142ywa\u0142o z ziemi.","breadcrumb":{"@id":"https:\/\/extery.com\/pl\/produkty\/krzeslo-voog\/#breadcrumb"},"inLanguage":"pl-PL","potentialAction":[{"@type":"ReadAction","target":["https:\/\/extery.com\/pl\/produkty\/krzeslo-voog\/"]}]},{"@type":"ImageObject","inLanguage":"pl-PL","@id":"https:\/\/extery.com\/pl\/produkty\/krzeslo-voog\/#primaryimage","url":"https:\/\/extery.com\/wp-content\/uploads\/2020\/12\/chair-voog-tool-scaled.jpg","contentUrl":"https:\/\/extery.com\/wp-content\/uploads\/2020\/12\/chair-voog-tool-scaled.jpg","width":2560,"height":1707},{"@type":"BreadcrumbList","@id":"https:\/\/extery.com\/pl\/produkty\/krzeslo-voog\/#breadcrumb","itemListElement":[{"@type":"ListItem","position":1,"name":"Home","item":"https:\/\/extery.com\/pl\/"},{"@type":"ListItem","position":2,"name":"Produkty","item":"https:\/\/extery.com\/tooted\/"},{"@type":"ListItem","position":3,"name":"Krzes\u0142o Voog"}]},{"@type":"WebSite","@id":"https:\/\/extery.com\/pl\/#website","url":"https:\/\/extery.com\/pl\/","name":"Extery","description":"","publisher":{"@id":"https:\/\/extery.com\/pl\/#organization"},"potentialAction":[{"@type":"SearchAction","target":{"@type":"EntryPoint","urlTemplate":"https:\/\/extery.com\/pl\/?s={search_term_string}"},"query-input":{"@type":"PropertyValueSpecification","valueRequired":true,"valueName":"search_term_string"}}],"inLanguage":"pl-PL"},{"@type":"Organization","@id":"https:\/\/extery.com\/pl\/#organization","name":"Extery","url":"https:\/\/extery.com\/pl\/","logo":{"@type":"ImageObject","inLanguage":"pl-PL","@id":"https:\/\/extery.com\/pl\/#\/schema\/logo\/image\/","url":"https:\/\/extery.com\/wp-content\/uploads\/2023\/11\/footer-logo.svg","contentUrl":"https:\/\/extery.com\/wp-content\/uploads\/2023\/11\/footer-logo.svg","caption":"Extery "},"image":{"@id":"https:\/\/extery.com\/pl\/#\/schema\/logo\/image\/"}}]}},"_links":{"self":[{"href":"https:\/\/extery.com\/pl\/wp-json\/wp\/v2\/product\/60253","targetHints":{"allow":["GET"]}}],"collection":[{"href":"https:\/\/extery.com\/pl\/wp-json\/wp\/v2\/product"}],"about":[{"href":"https:\/\/extery.com\/pl\/wp-json\/wp\/v2\/types\/product"}],"replies":[{"embeddable":true,"href":"https:\/\/extery.com\/pl\/wp-json\/wp\/v2\/comments?post=60253"}],"wp:featuredmedia":[{"embeddable":true,"href":"https:\/\/extery.com\/pl\/wp-json\/wp\/v2\/media\/60261"}],"wp:attachment":[{"href":"https:\/\/extery.com\/pl\/wp-json\/wp\/v2\/media?parent=60253"}],"wp:term":[{"taxonomy":"product_brand","embeddable":true,"href":"https:\/\/extery.com\/pl\/wp-json\/wp\/v2\/product_brand?post=60253"},{"taxonomy":"product_cat","embeddable":true,"href":"https:\/\/extery.com\/pl\/wp-json\/wp\/v2\/product_cat?post=60253"},{"taxonomy":"product_tag","embeddable":true,"href":"https:\/\/extery.com\/pl\/wp-json\/wp\/v2\/product_tag?post=60253"}],"curies":[{"name":"wp","href":"https:\/\/api.w.org\/{rel}","templated":true}]}}