{"id":60363,"date":"2020-11-16T12:32:18","date_gmt":"2020-11-16T12:32:18","guid":{"rendered":"https:\/\/extery.com\/tooted\/siedzisko-nippon-cube\/"},"modified":"2026-05-02T17:09:00","modified_gmt":"2026-05-02T17:09:00","slug":"siedzisko-nippon-cube","status":"publish","type":"product","link":"https:\/\/extery.com\/pl\/produkty\/siedzisko-nippon-cube\/","title":{"rendered":"Siedzisko Nippon cube"},"content":{"rendered":"<p>Siedzisko Nippon Cube charakteryzuje si\u0119 prost\u0105, geometryczn\u0105 form\u0105 opart\u0105 na czystych, architektonicznych bry\u0142ach. Element ustawiany bezpo\u015brednio na pod\u0142o\u017cu tworzy stabilny i czytelny akcent w przestrzeni publicznej.<\/p>\n<p>Dzi\u0119ki pow\u015bci\u0105gliwej formie siedzisko dobrze wpisuje si\u0119 w r\u00f3\u017cne typy otoczenia \u2013 od nowoczesnych przestrzeni miejskich po bardziej zr\u00f3\u017cnicowane konteksty architektoniczne, w kt\u00f3rych pozostaje dyskretnym elementem wyposa\u017cenia.<\/p>\n<p>Mo\u017cliwo\u015b\u0107 powtarzalnego ustawiania modu\u0142\u00f3w wzd\u0142u\u017c kraw\u0119dzi plac\u00f3w, ci\u0105g\u00f3w pieszych lub promenad pozwala na tworzenie uporz\u0105dkowanych uk\u0142ad\u00f3w siedzisk oraz podkre\u015blenie charakteru przestrzeni poprzez prost\u0105, rytmiczn\u0105 kompozycj\u0119 element\u00f3w.<\/p>\n","protected":false},"excerpt":{"rendered":"<p>Siedzisko Nippon Cube charakteryzuje si\u0119 prost\u0105, geometryczn\u0105 form\u0105 opart\u0105 na czystych, architektonicznych bry\u0142ach. Element ustawiany bezpo\u015brednio na pod\u0142o\u017cu tworzy stabilny i czytelny akcent w przestrzeni publicznej. Dzi\u0119ki pow\u015bci\u0105gliwej formie siedzisko dobrze wpisuje si\u0119 w r\u00f3\u017cne typy otoczenia \u2013 od nowoczesnych przestrzeni miejskich po bardziej zr\u00f3\u017cnicowane konteksty architektoniczne, w kt\u00f3rych pozostaje dyskretnym elementem wyposa\u017cenia. Mo\u017cliwo\u015b\u0107 powtarzalnego [&hellip;]<\/p>\n","protected":false},"featured_media":60365,"comment_status":"open","ping_status":"closed","template":"","meta":{"_acf_changed":false},"product_brand":[],"product_cat":[367],"product_tag":[],"class_list":{"0":"post-60363","1":"product","2":"type-product","3":"status-publish","4":"has-post-thumbnail","6":"product_cat-krzesla-pufy","7":"product-family-nippon","9":"first","10":"instock","11":"shipping-taxable","12":"product-type-simple"},"acf":[],"yoast_head":"<!-- This site is optimized with the Yoast SEO plugin v26.4 - https:\/\/yoast.com\/wordpress\/plugins\/seo\/ -->\n<title>Siedzisko Nippon cube - Extery<\/title>\n<meta name=\"description\" content=\"Siedzenie Nippon Cube to prosta \u0142awka o przejrzystych bry\u0142ach, kt\u00f3ra stoi na ziemi niczym spok\u00f3j.\" \/>\n<meta name=\"robots\" content=\"index, follow, max-snippet:-1, max-image-preview:large, max-video-preview:-1\" \/>\n<link rel=\"canonical\" href=\"https:\/\/extery.com\/pl\/produkty\/siedzisko-nippon-cube\/\" \/>\n<meta property=\"og:locale\" content=\"pl_PL\" \/>\n<meta property=\"og:type\" content=\"article\" \/>\n<meta property=\"og:title\" content=\"Siedzisko Nippon cube - Extery\" \/>\n<meta property=\"og:description\" content=\"Siedzenie Nippon Cube to prosta \u0142awka o przejrzystych bry\u0142ach, kt\u00f3ra stoi na ziemi niczym spok\u00f3j.\" \/>\n<meta property=\"og:url\" content=\"https:\/\/extery.com\/pl\/produkty\/siedzisko-nippon-cube\/\" \/>\n<meta property=\"og:site_name\" content=\"Extery\" \/>\n<meta property=\"article:modified_time\" content=\"2026-05-02T17:09:00+00:00\" \/>\n<meta property=\"og:image\" content=\"https:\/\/extery.com\/wp-content\/uploads\/2020\/11\/nipponkuup_eest-scaled.jpg\" \/>\n\t<meta property=\"og:image:width\" content=\"2560\" \/>\n\t<meta property=\"og:image:height\" content=\"1702\" \/>\n\t<meta property=\"og:image:type\" content=\"image\/jpeg\" \/>\n<meta name=\"twitter:card\" content=\"summary_large_image\" \/>\n<meta name=\"twitter:label1\" content=\"Szacowany czas czytania\" \/>\n\t<meta name=\"twitter:data1\" content=\"1 minuta\" \/>\n<script type=\"application\/ld+json\" class=\"yoast-schema-graph\">{\"@context\":\"https:\/\/schema.org\",\"@graph\":[{\"@type\":\"WebPage\",\"@id\":\"https:\/\/extery.com\/pl\/produkty\/siedzisko-nippon-cube\/\",\"url\":\"https:\/\/extery.com\/pl\/produkty\/siedzisko-nippon-cube\/\",\"name\":\"Siedzisko Nippon cube - Extery\",\"isPartOf\":{\"@id\":\"https:\/\/extery.com\/pl\/#website\"},\"primaryImageOfPage\":{\"@id\":\"https:\/\/extery.com\/pl\/produkty\/siedzisko-nippon-cube\/#primaryimage\"},\"image\":{\"@id\":\"https:\/\/extery.com\/pl\/produkty\/siedzisko-nippon-cube\/#primaryimage\"},\"thumbnailUrl\":\"https:\/\/extery.com\/wp-content\/uploads\/2020\/11\/nipponkuup_eest-scaled.jpg\",\"datePublished\":\"2020-11-16T12:32:18+00:00\",\"dateModified\":\"2026-05-02T17:09:00+00:00\",\"description\":\"Siedzenie Nippon Cube to prosta \u0142awka o przejrzystych bry\u0142ach, kt\u00f3ra stoi na ziemi niczym spok\u00f3j.\",\"breadcrumb\":{\"@id\":\"https:\/\/extery.com\/pl\/produkty\/siedzisko-nippon-cube\/#breadcrumb\"},\"inLanguage\":\"pl-PL\",\"potentialAction\":[{\"@type\":\"ReadAction\",\"target\":[\"https:\/\/extery.com\/pl\/produkty\/siedzisko-nippon-cube\/\"]}]},{\"@type\":\"ImageObject\",\"inLanguage\":\"pl-PL\",\"@id\":\"https:\/\/extery.com\/pl\/produkty\/siedzisko-nippon-cube\/#primaryimage\",\"url\":\"https:\/\/extery.com\/wp-content\/uploads\/2020\/11\/nipponkuup_eest-scaled.jpg\",\"contentUrl\":\"https:\/\/extery.com\/wp-content\/uploads\/2020\/11\/nipponkuup_eest-scaled.jpg\",\"width\":2560,\"height\":1702},{\"@type\":\"BreadcrumbList\",\"@id\":\"https:\/\/extery.com\/pl\/produkty\/siedzisko-nippon-cube\/#breadcrumb\",\"itemListElement\":[{\"@type\":\"ListItem\",\"position\":1,\"name\":\"Home\",\"item\":\"https:\/\/extery.com\/pl\/\"},{\"@type\":\"ListItem\",\"position\":2,\"name\":\"Produkty\",\"item\":\"https:\/\/extery.com\/tooted\/\"},{\"@type\":\"ListItem\",\"position\":3,\"name\":\"Siedzisko Nippon cube\"}]},{\"@type\":\"WebSite\",\"@id\":\"https:\/\/extery.com\/pl\/#website\",\"url\":\"https:\/\/extery.com\/pl\/\",\"name\":\"Extery\",\"description\":\"\",\"publisher\":{\"@id\":\"https:\/\/extery.com\/pl\/#organization\"},\"potentialAction\":[{\"@type\":\"SearchAction\",\"target\":{\"@type\":\"EntryPoint\",\"urlTemplate\":\"https:\/\/extery.com\/pl\/?s={search_term_string}\"},\"query-input\":{\"@type\":\"PropertyValueSpecification\",\"valueRequired\":true,\"valueName\":\"search_term_string\"}}],\"inLanguage\":\"pl-PL\"},{\"@type\":\"Organization\",\"@id\":\"https:\/\/extery.com\/pl\/#organization\",\"name\":\"Extery\",\"url\":\"https:\/\/extery.com\/pl\/\",\"logo\":{\"@type\":\"ImageObject\",\"inLanguage\":\"pl-PL\",\"@id\":\"https:\/\/extery.com\/pl\/#\/schema\/logo\/image\/\",\"url\":\"https:\/\/extery.com\/wp-content\/uploads\/2023\/11\/footer-logo.svg\",\"contentUrl\":\"https:\/\/extery.com\/wp-content\/uploads\/2023\/11\/footer-logo.svg\",\"caption\":\"Extery \"},\"image\":{\"@id\":\"https:\/\/extery.com\/pl\/#\/schema\/logo\/image\/\"}}]}<\/script>\n<!-- \/ Yoast SEO plugin. -->","yoast_head_json":{"title":"Siedzisko Nippon cube - Extery","description":"Siedzenie Nippon Cube to prosta \u0142awka o przejrzystych bry\u0142ach, kt\u00f3ra stoi na ziemi niczym spok\u00f3j.","robots":{"index":"index","follow":"follow","max-snippet":"max-snippet:-1","max-image-preview":"max-image-preview:large","max-video-preview":"max-video-preview:-1"},"canonical":"https:\/\/extery.com\/pl\/produkty\/siedzisko-nippon-cube\/","og_locale":"pl_PL","og_type":"article","og_title":"Siedzisko Nippon cube - Extery","og_description":"Siedzenie Nippon Cube to prosta \u0142awka o przejrzystych bry\u0142ach, kt\u00f3ra stoi na ziemi niczym spok\u00f3j.","og_url":"https:\/\/extery.com\/pl\/produkty\/siedzisko-nippon-cube\/","og_site_name":"Extery","article_modified_time":"2026-05-02T17:09:00+00:00","og_image":[{"width":2560,"height":1702,"url":"https:\/\/extery.com\/wp-content\/uploads\/2020\/11\/nipponkuup_eest-scaled.jpg","type":"image\/jpeg"}],"twitter_card":"summary_large_image","twitter_misc":{"Szacowany czas czytania":"1 minuta"},"schema":{"@context":"https:\/\/schema.org","@graph":[{"@type":"WebPage","@id":"https:\/\/extery.com\/pl\/produkty\/siedzisko-nippon-cube\/","url":"https:\/\/extery.com\/pl\/produkty\/siedzisko-nippon-cube\/","name":"Siedzisko Nippon cube - Extery","isPartOf":{"@id":"https:\/\/extery.com\/pl\/#website"},"primaryImageOfPage":{"@id":"https:\/\/extery.com\/pl\/produkty\/siedzisko-nippon-cube\/#primaryimage"},"image":{"@id":"https:\/\/extery.com\/pl\/produkty\/siedzisko-nippon-cube\/#primaryimage"},"thumbnailUrl":"https:\/\/extery.com\/wp-content\/uploads\/2020\/11\/nipponkuup_eest-scaled.jpg","datePublished":"2020-11-16T12:32:18+00:00","dateModified":"2026-05-02T17:09:00+00:00","description":"Siedzenie Nippon Cube to prosta \u0142awka o przejrzystych bry\u0142ach, kt\u00f3ra stoi na ziemi niczym spok\u00f3j.","breadcrumb":{"@id":"https:\/\/extery.com\/pl\/produkty\/siedzisko-nippon-cube\/#breadcrumb"},"inLanguage":"pl-PL","potentialAction":[{"@type":"ReadAction","target":["https:\/\/extery.com\/pl\/produkty\/siedzisko-nippon-cube\/"]}]},{"@type":"ImageObject","inLanguage":"pl-PL","@id":"https:\/\/extery.com\/pl\/produkty\/siedzisko-nippon-cube\/#primaryimage","url":"https:\/\/extery.com\/wp-content\/uploads\/2020\/11\/nipponkuup_eest-scaled.jpg","contentUrl":"https:\/\/extery.com\/wp-content\/uploads\/2020\/11\/nipponkuup_eest-scaled.jpg","width":2560,"height":1702},{"@type":"BreadcrumbList","@id":"https:\/\/extery.com\/pl\/produkty\/siedzisko-nippon-cube\/#breadcrumb","itemListElement":[{"@type":"ListItem","position":1,"name":"Home","item":"https:\/\/extery.com\/pl\/"},{"@type":"ListItem","position":2,"name":"Produkty","item":"https:\/\/extery.com\/tooted\/"},{"@type":"ListItem","position":3,"name":"Siedzisko Nippon cube"}]},{"@type":"WebSite","@id":"https:\/\/extery.com\/pl\/#website","url":"https:\/\/extery.com\/pl\/","name":"Extery","description":"","publisher":{"@id":"https:\/\/extery.com\/pl\/#organization"},"potentialAction":[{"@type":"SearchAction","target":{"@type":"EntryPoint","urlTemplate":"https:\/\/extery.com\/pl\/?s={search_term_string}"},"query-input":{"@type":"PropertyValueSpecification","valueRequired":true,"valueName":"search_term_string"}}],"inLanguage":"pl-PL"},{"@type":"Organization","@id":"https:\/\/extery.com\/pl\/#organization","name":"Extery","url":"https:\/\/extery.com\/pl\/","logo":{"@type":"ImageObject","inLanguage":"pl-PL","@id":"https:\/\/extery.com\/pl\/#\/schema\/logo\/image\/","url":"https:\/\/extery.com\/wp-content\/uploads\/2023\/11\/footer-logo.svg","contentUrl":"https:\/\/extery.com\/wp-content\/uploads\/2023\/11\/footer-logo.svg","caption":"Extery "},"image":{"@id":"https:\/\/extery.com\/pl\/#\/schema\/logo\/image\/"}}]}},"_links":{"self":[{"href":"https:\/\/extery.com\/pl\/wp-json\/wp\/v2\/product\/60363","targetHints":{"allow":["GET"]}}],"collection":[{"href":"https:\/\/extery.com\/pl\/wp-json\/wp\/v2\/product"}],"about":[{"href":"https:\/\/extery.com\/pl\/wp-json\/wp\/v2\/types\/product"}],"replies":[{"embeddable":true,"href":"https:\/\/extery.com\/pl\/wp-json\/wp\/v2\/comments?post=60363"}],"wp:featuredmedia":[{"embeddable":true,"href":"https:\/\/extery.com\/pl\/wp-json\/wp\/v2\/media\/60365"}],"wp:attachment":[{"href":"https:\/\/extery.com\/pl\/wp-json\/wp\/v2\/media?parent=60363"}],"wp:term":[{"taxonomy":"product_brand","embeddable":true,"href":"https:\/\/extery.com\/pl\/wp-json\/wp\/v2\/product_brand?post=60363"},{"taxonomy":"product_cat","embeddable":true,"href":"https:\/\/extery.com\/pl\/wp-json\/wp\/v2\/product_cat?post=60363"},{"taxonomy":"product_tag","embeddable":true,"href":"https:\/\/extery.com\/pl\/wp-json\/wp\/v2\/product_tag?post=60363"}],"curies":[{"name":"wp","href":"https:\/\/api.w.org\/{rel}","templated":true}]}}