{"id":63582,"date":"2025-05-21T08:44:30","date_gmt":"2025-05-21T08:44:30","guid":{"rendered":"https:\/\/extery.com\/tooted\/lawka-parkowa-modulowa-jada-set19\/"},"modified":"2026-04-30T12:23:52","modified_gmt":"2026-04-30T12:23:52","slug":"modulowa-lawka-parkowa-jada-set19","status":"publish","type":"product","link":"https:\/\/extery.com\/pl\/produkty\/modulowa-lawka-parkowa-jada-set19\/","title":{"rendered":"modu\u0142owa \u0142awka parkowa JADA SET19"},"content":{"rendered":"<p>\u0141awka parkowa Jada SET19 to po\u0142\u0105czenie prostych modu\u0142\u00f3w modu\u0142owych systemu mebli Jada, dodatkowych opar\u0107 i donic.<\/p>\n<p>Modu\u0142owa \u0142awka parkowa Jada to modu\u0142owy system mebli miejskich, kt\u00f3ry pozwala na \u0142atwe tworzenie kompletnych miejsc do siedzenia. Mo\u017cesz tworzy\u0107 niesko\u0144czone kombinacje, aby wyko\u0144czy\u0107 miejskie place, place zabaw, kr\u0119te alejki lub wype\u0142ni\u0107 plac zaskakuj\u0105cymi konfiguracjami.<\/p>\n<p>Aby zobaczy\u0107 wi\u0119cej zestaw\u00f3w z modu\u0142\u00f3w Jada, kliknij <span style=\"color: #0000ff;\"><strong><a style=\"color: #0000ff;\" href=\"https:\/\/extery.com\/pl\/kategoria-produktu\/lawki-modulowe\/\">tutaj<\/a><\/strong><\/span>.<\/p>\n<p>Dowiedz si\u0119 wi\u0119cej o donicach Jada <span style=\"color: #0000ff;\"><strong><a style=\"color: #0000ff;\" href=\"https:\/\/extery.com\/pl\/produkty\/doniczka-na-rosliny-jada\/\">tutaj<\/a><\/strong><\/span>.<\/p>\n<p>Oparcia mo\u017cna ustawi\u0107 obok siebie lub naprzeciw siebie, tworz\u0105c w ten spos\u00f3b strefy do le\u017cenia i oddzielne wn\u0119ki zapewniaj\u0105ce wi\u0119ksz\u0105 prywatno\u015b\u0107. Sto\u0142y mo\u017cna ustawi\u0107 w przytulnych, prywatnych wn\u0119kach lub wok\u00f3\u0142 miejsc siedz\u0105cych, aby sprzyja\u0107 integracji i tworzy\u0107 strefy spotka\u0144 towarzyskich.<\/p>\n<p>Modu\u0142owa konstrukcja Jady pozwala na stworzenie charakterystycznego rozwi\u0105zania dopasowanego do pomys\u0142u lub wymaga\u0144 przestrzennych.<\/p>\n<p>Twoja przestrze\u0144. Twoje pomys\u0142y. Rozwi\u0105zanie o nienagannej jako\u015bci od Extery.<\/p>\n","protected":false},"excerpt":{"rendered":"<p>\u0141awka parkowa Jada SET19 to po\u0142\u0105czenie prostych modu\u0142\u00f3w modu\u0142owych systemu mebli Jada, dodatkowych opar\u0107 i donic. Modu\u0142owa \u0142awka parkowa Jada to modu\u0142owy system mebli miejskich, kt\u00f3ry pozwala na \u0142atwe tworzenie kompletnych miejsc do siedzenia. Mo\u017cesz tworzy\u0107 niesko\u0144czone kombinacje, aby wyko\u0144czy\u0107 miejskie place, place zabaw, kr\u0119te alejki lub wype\u0142ni\u0107 plac zaskakuj\u0105cymi konfiguracjami. Aby zobaczy\u0107 wi\u0119cej zestaw\u00f3w [&hellip;]<\/p>\n","protected":false},"featured_media":63183,"comment_status":"open","ping_status":"closed","template":"","meta":{"_acf_changed":false},"product_brand":[],"product_cat":[365,381],"product_tag":[384],"class_list":{"0":"post-63582","1":"product","2":"type-product","3":"status-publish","4":"has-post-thumbnail","6":"product_cat-lawki-parkowe-z-oparciami","7":"product_cat-lawki-modulowe","8":"product_tag-nowy","9":"product-family-jada","11":"first","12":"instock","13":"shipping-taxable","14":"product-type-simple"},"acf":[],"yoast_head":"<!-- This site is optimized with the Yoast SEO plugin v26.4 - https:\/\/yoast.com\/wordpress\/plugins\/seo\/ -->\n<title>modu\u0142owa \u0142awka parkowa JADA SET19 - Extery<\/title>\n<meta name=\"description\" content=\"Modu\u0142owa \u0142awka parkowa Jada to modu\u0142owy system mebli miejskich, kt\u00f3ry pozwala na \u0142atwe tworzenie kompletnych miejsc do siedzenia. Mo\u017cesz tworzy\u0107 niesko\u0144czone kombinacje, aby ozdobi\u0107 miejskie skwery.\" \/>\n<meta name=\"robots\" content=\"index, follow, max-snippet:-1, max-image-preview:large, max-video-preview:-1\" \/>\n<link rel=\"canonical\" href=\"https:\/\/extery.com\/pl\/produkty\/modulowa-lawka-parkowa-jada-set19\/\" \/>\n<meta property=\"og:locale\" content=\"pl_PL\" \/>\n<meta property=\"og:type\" content=\"article\" \/>\n<meta property=\"og:title\" content=\"modu\u0142owa \u0142awka parkowa JADA SET19 - Extery\" \/>\n<meta property=\"og:description\" content=\"Modu\u0142owa \u0142awka parkowa Jada to modu\u0142owy system mebli miejskich, kt\u00f3ry pozwala na \u0142atwe tworzenie kompletnych miejsc do siedzenia. Mo\u017cesz tworzy\u0107 niesko\u0144czone kombinacje, aby ozdobi\u0107 miejskie skwery.\" \/>\n<meta property=\"og:url\" content=\"https:\/\/extery.com\/pl\/produkty\/modulowa-lawka-parkowa-jada-set19\/\" \/>\n<meta property=\"og:site_name\" content=\"Extery\" \/>\n<meta property=\"article:modified_time\" content=\"2026-04-30T12:23:52+00:00\" \/>\n<meta property=\"og:image\" content=\"https:\/\/extery.com\/wp-content\/uploads\/2025\/05\/Jada-19-EXTERY-park-bench-urban-furniture-vaike.jpg\" \/>\n\t<meta property=\"og:image:width\" content=\"1800\" \/>\n\t<meta property=\"og:image:height\" content=\"1245\" \/>\n\t<meta property=\"og:image:type\" content=\"image\/jpeg\" \/>\n<meta name=\"twitter:card\" content=\"summary_large_image\" \/>\n<meta name=\"twitter:label1\" content=\"Szacowany czas czytania\" \/>\n\t<meta name=\"twitter:data1\" content=\"1 minuta\" \/>\n<script type=\"application\/ld+json\" class=\"yoast-schema-graph\">{\"@context\":\"https:\/\/schema.org\",\"@graph\":[{\"@type\":\"WebPage\",\"@id\":\"https:\/\/extery.com\/pl\/produkty\/modulowa-lawka-parkowa-jada-set19\/\",\"url\":\"https:\/\/extery.com\/pl\/produkty\/modulowa-lawka-parkowa-jada-set19\/\",\"name\":\"modu\u0142owa \u0142awka parkowa JADA SET19 - Extery\",\"isPartOf\":{\"@id\":\"https:\/\/extery.com\/pl\/#website\"},\"primaryImageOfPage\":{\"@id\":\"https:\/\/extery.com\/pl\/produkty\/modulowa-lawka-parkowa-jada-set19\/#primaryimage\"},\"image\":{\"@id\":\"https:\/\/extery.com\/pl\/produkty\/modulowa-lawka-parkowa-jada-set19\/#primaryimage\"},\"thumbnailUrl\":\"https:\/\/extery.com\/wp-content\/uploads\/2025\/05\/Jada-19-EXTERY-park-bench-urban-furniture-vaike.jpg\",\"datePublished\":\"2025-05-21T08:44:30+00:00\",\"dateModified\":\"2026-04-30T12:23:52+00:00\",\"description\":\"Modu\u0142owa \u0142awka parkowa Jada to modu\u0142owy system mebli miejskich, kt\u00f3ry pozwala na \u0142atwe tworzenie kompletnych miejsc do siedzenia. Mo\u017cesz tworzy\u0107 niesko\u0144czone kombinacje, aby ozdobi\u0107 miejskie skwery.\",\"breadcrumb\":{\"@id\":\"https:\/\/extery.com\/pl\/produkty\/modulowa-lawka-parkowa-jada-set19\/#breadcrumb\"},\"inLanguage\":\"pl-PL\",\"potentialAction\":[{\"@type\":\"ReadAction\",\"target\":[\"https:\/\/extery.com\/pl\/produkty\/modulowa-lawka-parkowa-jada-set19\/\"]}]},{\"@type\":\"ImageObject\",\"inLanguage\":\"pl-PL\",\"@id\":\"https:\/\/extery.com\/pl\/produkty\/modulowa-lawka-parkowa-jada-set19\/#primaryimage\",\"url\":\"https:\/\/extery.com\/wp-content\/uploads\/2025\/05\/Jada-19-EXTERY-park-bench-urban-furniture-vaike.jpg\",\"contentUrl\":\"https:\/\/extery.com\/wp-content\/uploads\/2025\/05\/Jada-19-EXTERY-park-bench-urban-furniture-vaike.jpg\",\"width\":1800,\"height\":1245},{\"@type\":\"BreadcrumbList\",\"@id\":\"https:\/\/extery.com\/pl\/produkty\/modulowa-lawka-parkowa-jada-set19\/#breadcrumb\",\"itemListElement\":[{\"@type\":\"ListItem\",\"position\":1,\"name\":\"Home\",\"item\":\"https:\/\/extery.com\/pl\/\"},{\"@type\":\"ListItem\",\"position\":2,\"name\":\"Produkty\",\"item\":\"https:\/\/extery.com\/tooted\/\"},{\"@type\":\"ListItem\",\"position\":3,\"name\":\"modu\u0142owa \u0142awka parkowa JADA SET19\"}]},{\"@type\":\"WebSite\",\"@id\":\"https:\/\/extery.com\/pl\/#website\",\"url\":\"https:\/\/extery.com\/pl\/\",\"name\":\"Extery\",\"description\":\"\",\"publisher\":{\"@id\":\"https:\/\/extery.com\/pl\/#organization\"},\"potentialAction\":[{\"@type\":\"SearchAction\",\"target\":{\"@type\":\"EntryPoint\",\"urlTemplate\":\"https:\/\/extery.com\/pl\/?s={search_term_string}\"},\"query-input\":{\"@type\":\"PropertyValueSpecification\",\"valueRequired\":true,\"valueName\":\"search_term_string\"}}],\"inLanguage\":\"pl-PL\"},{\"@type\":\"Organization\",\"@id\":\"https:\/\/extery.com\/pl\/#organization\",\"name\":\"Extery\",\"url\":\"https:\/\/extery.com\/pl\/\",\"logo\":{\"@type\":\"ImageObject\",\"inLanguage\":\"pl-PL\",\"@id\":\"https:\/\/extery.com\/pl\/#\/schema\/logo\/image\/\",\"url\":\"https:\/\/extery.com\/wp-content\/uploads\/2023\/11\/footer-logo.svg\",\"contentUrl\":\"https:\/\/extery.com\/wp-content\/uploads\/2023\/11\/footer-logo.svg\",\"caption\":\"Extery \"},\"image\":{\"@id\":\"https:\/\/extery.com\/pl\/#\/schema\/logo\/image\/\"}}]}<\/script>\n<!-- \/ Yoast SEO plugin. -->","yoast_head_json":{"title":"modu\u0142owa \u0142awka parkowa JADA SET19 - Extery","description":"Modu\u0142owa \u0142awka parkowa Jada to modu\u0142owy system mebli miejskich, kt\u00f3ry pozwala na \u0142atwe tworzenie kompletnych miejsc do siedzenia. Mo\u017cesz tworzy\u0107 niesko\u0144czone kombinacje, aby ozdobi\u0107 miejskie skwery.","robots":{"index":"index","follow":"follow","max-snippet":"max-snippet:-1","max-image-preview":"max-image-preview:large","max-video-preview":"max-video-preview:-1"},"canonical":"https:\/\/extery.com\/pl\/produkty\/modulowa-lawka-parkowa-jada-set19\/","og_locale":"pl_PL","og_type":"article","og_title":"modu\u0142owa \u0142awka parkowa JADA SET19 - Extery","og_description":"Modu\u0142owa \u0142awka parkowa Jada to modu\u0142owy system mebli miejskich, kt\u00f3ry pozwala na \u0142atwe tworzenie kompletnych miejsc do siedzenia. Mo\u017cesz tworzy\u0107 niesko\u0144czone kombinacje, aby ozdobi\u0107 miejskie skwery.","og_url":"https:\/\/extery.com\/pl\/produkty\/modulowa-lawka-parkowa-jada-set19\/","og_site_name":"Extery","article_modified_time":"2026-04-30T12:23:52+00:00","og_image":[{"width":1800,"height":1245,"url":"https:\/\/extery.com\/wp-content\/uploads\/2025\/05\/Jada-19-EXTERY-park-bench-urban-furniture-vaike.jpg","type":"image\/jpeg"}],"twitter_card":"summary_large_image","twitter_misc":{"Szacowany czas czytania":"1 minuta"},"schema":{"@context":"https:\/\/schema.org","@graph":[{"@type":"WebPage","@id":"https:\/\/extery.com\/pl\/produkty\/modulowa-lawka-parkowa-jada-set19\/","url":"https:\/\/extery.com\/pl\/produkty\/modulowa-lawka-parkowa-jada-set19\/","name":"modu\u0142owa \u0142awka parkowa JADA SET19 - Extery","isPartOf":{"@id":"https:\/\/extery.com\/pl\/#website"},"primaryImageOfPage":{"@id":"https:\/\/extery.com\/pl\/produkty\/modulowa-lawka-parkowa-jada-set19\/#primaryimage"},"image":{"@id":"https:\/\/extery.com\/pl\/produkty\/modulowa-lawka-parkowa-jada-set19\/#primaryimage"},"thumbnailUrl":"https:\/\/extery.com\/wp-content\/uploads\/2025\/05\/Jada-19-EXTERY-park-bench-urban-furniture-vaike.jpg","datePublished":"2025-05-21T08:44:30+00:00","dateModified":"2026-04-30T12:23:52+00:00","description":"Modu\u0142owa \u0142awka parkowa Jada to modu\u0142owy system mebli miejskich, kt\u00f3ry pozwala na \u0142atwe tworzenie kompletnych miejsc do siedzenia. Mo\u017cesz tworzy\u0107 niesko\u0144czone kombinacje, aby ozdobi\u0107 miejskie skwery.","breadcrumb":{"@id":"https:\/\/extery.com\/pl\/produkty\/modulowa-lawka-parkowa-jada-set19\/#breadcrumb"},"inLanguage":"pl-PL","potentialAction":[{"@type":"ReadAction","target":["https:\/\/extery.com\/pl\/produkty\/modulowa-lawka-parkowa-jada-set19\/"]}]},{"@type":"ImageObject","inLanguage":"pl-PL","@id":"https:\/\/extery.com\/pl\/produkty\/modulowa-lawka-parkowa-jada-set19\/#primaryimage","url":"https:\/\/extery.com\/wp-content\/uploads\/2025\/05\/Jada-19-EXTERY-park-bench-urban-furniture-vaike.jpg","contentUrl":"https:\/\/extery.com\/wp-content\/uploads\/2025\/05\/Jada-19-EXTERY-park-bench-urban-furniture-vaike.jpg","width":1800,"height":1245},{"@type":"BreadcrumbList","@id":"https:\/\/extery.com\/pl\/produkty\/modulowa-lawka-parkowa-jada-set19\/#breadcrumb","itemListElement":[{"@type":"ListItem","position":1,"name":"Home","item":"https:\/\/extery.com\/pl\/"},{"@type":"ListItem","position":2,"name":"Produkty","item":"https:\/\/extery.com\/tooted\/"},{"@type":"ListItem","position":3,"name":"modu\u0142owa \u0142awka parkowa JADA SET19"}]},{"@type":"WebSite","@id":"https:\/\/extery.com\/pl\/#website","url":"https:\/\/extery.com\/pl\/","name":"Extery","description":"","publisher":{"@id":"https:\/\/extery.com\/pl\/#organization"},"potentialAction":[{"@type":"SearchAction","target":{"@type":"EntryPoint","urlTemplate":"https:\/\/extery.com\/pl\/?s={search_term_string}"},"query-input":{"@type":"PropertyValueSpecification","valueRequired":true,"valueName":"search_term_string"}}],"inLanguage":"pl-PL"},{"@type":"Organization","@id":"https:\/\/extery.com\/pl\/#organization","name":"Extery","url":"https:\/\/extery.com\/pl\/","logo":{"@type":"ImageObject","inLanguage":"pl-PL","@id":"https:\/\/extery.com\/pl\/#\/schema\/logo\/image\/","url":"https:\/\/extery.com\/wp-content\/uploads\/2023\/11\/footer-logo.svg","contentUrl":"https:\/\/extery.com\/wp-content\/uploads\/2023\/11\/footer-logo.svg","caption":"Extery "},"image":{"@id":"https:\/\/extery.com\/pl\/#\/schema\/logo\/image\/"}}]}},"_links":{"self":[{"href":"https:\/\/extery.com\/pl\/wp-json\/wp\/v2\/product\/63582","targetHints":{"allow":["GET"]}}],"collection":[{"href":"https:\/\/extery.com\/pl\/wp-json\/wp\/v2\/product"}],"about":[{"href":"https:\/\/extery.com\/pl\/wp-json\/wp\/v2\/types\/product"}],"replies":[{"embeddable":true,"href":"https:\/\/extery.com\/pl\/wp-json\/wp\/v2\/comments?post=63582"}],"wp:featuredmedia":[{"embeddable":true,"href":"https:\/\/extery.com\/pl\/wp-json\/wp\/v2\/media\/63183"}],"wp:attachment":[{"href":"https:\/\/extery.com\/pl\/wp-json\/wp\/v2\/media?parent=63582"}],"wp:term":[{"taxonomy":"product_brand","embeddable":true,"href":"https:\/\/extery.com\/pl\/wp-json\/wp\/v2\/product_brand?post=63582"},{"taxonomy":"product_cat","embeddable":true,"href":"https:\/\/extery.com\/pl\/wp-json\/wp\/v2\/product_cat?post=63582"},{"taxonomy":"product_tag","embeddable":true,"href":"https:\/\/extery.com\/pl\/wp-json\/wp\/v2\/product_tag?post=63582"}],"curies":[{"name":"wp","href":"https:\/\/api.w.org\/{rel}","templated":true}]}}