{"id":63601,"date":"2022-11-28T07:33:27","date_gmt":"2022-11-28T07:33:27","guid":{"rendered":"https:\/\/extery.com\/tooted\/lawka-parkowa-jada-pollukowa\/"},"modified":"2026-04-30T11:53:59","modified_gmt":"2026-04-30T11:53:59","slug":"lawka-parkowa-jada-pollukowa","status":"publish","type":"product","link":"https:\/\/extery.com\/pl\/produkty\/lawka-parkowa-jada-pollukowa\/","title":{"rendered":"\u0142awka parkowa JADA p\u00f3\u0142\u0142ukowa"},"content":{"rendered":"<p>JADA semi-arch to \u0142awka parkowa zbudowana z modu\u0142\u00f3w \u0142ukowych systemu modu\u0142owych mebli miejskich Jada. Mniejsza, <strong>Jada semi-arch D250<\/strong>, sk\u0142ada si\u0119 z czterech ma\u0142ych modu\u0142\u00f3w \u0142ukowych Jada, a wi\u0119ksza, <strong>Jada semi-arch D370<\/strong>, z du\u017cych modu\u0142\u00f3w \u0142ukowych Jada. Ca\u0142y zestaw mo\u017cna spersonalizowa\u0107, dodaj\u0105c kolejne modu\u0142y Jada.<\/p>\n<p>Jada to modu\u0142owy system mebli miejskich z kolekcji Extery, kt\u00f3ry pozwala z \u0142atwo\u015bci\u0105 stworzy\u0107 kompletne strefy wypoczynkowe. \u0141awka Jada mo\u017ce by\u0107 u\u017cywana w niesko\u0144czonych kombinacjach, do obszywania kraw\u0119dzi kwadrat\u00f3w, wyznaczania wij\u0105cych si\u0119 \u015bcie\u017cek lub wype\u0142niania kwadrat\u00f3w zaskakuj\u0105cymi kszta\u0142tami. Oparcia mo\u017cna ustawi\u0107 obok siebie lub naprzeciw siebie, tworz\u0105c miejsca do le\u017cenia lub rozdzielenia. Sto\u0142y mo\u017cna wygodnie roz\u0142o\u017cy\u0107, tworz\u0105c prywatne strefy wypoczynkowe, lub po\u0142\u0105czy\u0107 ze sto\u0142ami, tworz\u0105c przyjemne spotkania towarzyskie.<\/p>\n<p>Wi\u0119cej rozwi\u0105za\u0144 znajdziesz <strong><a href=\"https:\/\/extery.com\/pl\/kategoria-produktu\/lawki-modulowe\/\"><span style=\"color: #3366ff;\">tutaj<\/span><\/a><\/strong> lub na stronie produktu.<\/p>\n","protected":false},"excerpt":{"rendered":"<p>JADA semi-arch to \u0142awka parkowa zbudowana z modu\u0142\u00f3w \u0142ukowych systemu modu\u0142owych mebli miejskich Jada. Mniejsza, Jada semi-arch D250, sk\u0142ada si\u0119 z czterech ma\u0142ych modu\u0142\u00f3w \u0142ukowych Jada, a wi\u0119ksza, Jada semi-arch D370, z du\u017cych modu\u0142\u00f3w \u0142ukowych Jada. Ca\u0142y zestaw mo\u017cna spersonalizowa\u0107, dodaj\u0105c kolejne modu\u0142y Jada. Jada to modu\u0142owy system mebli miejskich z kolekcji Extery, kt\u00f3ry pozwala [&hellip;]<\/p>\n","protected":false},"featured_media":62330,"comment_status":"open","ping_status":"closed","template":"","meta":{"_acf_changed":false},"product_brand":[],"product_cat":[369,381],"product_tag":[],"class_list":{"0":"post-63601","1":"product","2":"type-product","3":"status-publish","4":"has-post-thumbnail","6":"product_cat-lawki-parkowe-bez-oparcia","7":"product_cat-lawki-modulowe","8":"product-family-jada","10":"first","11":"instock","12":"shipping-taxable","13":"product-type-simple"},"acf":[],"yoast_head":"<!-- This site is optimized with the Yoast SEO plugin v26.4 - https:\/\/yoast.com\/wordpress\/plugins\/seo\/ -->\n<title>\u0142awka parkowa JADA p\u00f3\u0142\u0142ukowa - Extery meble miejskie<\/title>\n<meta name=\"description\" content=\"\u0141awka parkowa JADA SET17 to jeden z niezliczonych zestaw\u00f3w modu\u0142owego systemu mebli miejskich. Sprawd\u017a inne zestawy na naszej stronie internetowej!\" \/>\n<meta name=\"robots\" content=\"index, follow, max-snippet:-1, max-image-preview:large, max-video-preview:-1\" \/>\n<link rel=\"canonical\" href=\"https:\/\/extery.com\/pl\/produkty\/lawka-parkowa-jada-pollukowa\/\" \/>\n<meta property=\"og:locale\" content=\"pl_PL\" \/>\n<meta property=\"og:type\" content=\"article\" \/>\n<meta property=\"og:title\" content=\"\u0142awka parkowa JADA p\u00f3\u0142\u0142ukowa - Extery meble miejskie\" \/>\n<meta property=\"og:description\" content=\"\u0141awka parkowa JADA SET17 to jeden z niezliczonych zestaw\u00f3w modu\u0142owego systemu mebli miejskich. Sprawd\u017a inne zestawy na naszej stronie internetowej!\" \/>\n<meta property=\"og:url\" content=\"https:\/\/extery.com\/pl\/produkty\/lawka-parkowa-jada-pollukowa\/\" \/>\n<meta property=\"og:site_name\" content=\"Extery\" \/>\n<meta property=\"article:modified_time\" content=\"2026-04-30T11:53:59+00:00\" \/>\n<meta property=\"og:image\" content=\"https:\/\/extery.com\/wp-content\/uploads\/2022\/11\/Jada-poolkaar-D370_render-3D.jpg\" \/>\n\t<meta property=\"og:image:width\" content=\"2255\" \/>\n\t<meta property=\"og:image:height\" content=\"1560\" \/>\n\t<meta property=\"og:image:type\" content=\"image\/jpeg\" \/>\n<meta name=\"twitter:card\" content=\"summary_large_image\" \/>\n<meta name=\"twitter:label1\" content=\"Szacowany czas czytania\" \/>\n\t<meta name=\"twitter:data1\" content=\"1 minuta\" \/>\n<script type=\"application\/ld+json\" class=\"yoast-schema-graph\">{\"@context\":\"https:\/\/schema.org\",\"@graph\":[{\"@type\":\"WebPage\",\"@id\":\"https:\/\/extery.com\/pl\/produkty\/lawka-parkowa-jada-pollukowa\/\",\"url\":\"https:\/\/extery.com\/pl\/produkty\/lawka-parkowa-jada-pollukowa\/\",\"name\":\"\u0142awka parkowa JADA p\u00f3\u0142\u0142ukowa - Extery meble miejskie\",\"isPartOf\":{\"@id\":\"https:\/\/extery.com\/pl\/#website\"},\"primaryImageOfPage\":{\"@id\":\"https:\/\/extery.com\/pl\/produkty\/lawka-parkowa-jada-pollukowa\/#primaryimage\"},\"image\":{\"@id\":\"https:\/\/extery.com\/pl\/produkty\/lawka-parkowa-jada-pollukowa\/#primaryimage\"},\"thumbnailUrl\":\"https:\/\/extery.com\/wp-content\/uploads\/2022\/11\/Jada-poolkaar-D370_render-3D.jpg\",\"datePublished\":\"2022-11-28T07:33:27+00:00\",\"dateModified\":\"2026-04-30T11:53:59+00:00\",\"description\":\"\u0141awka parkowa JADA SET17 to jeden z niezliczonych zestaw\u00f3w modu\u0142owego systemu mebli miejskich. Sprawd\u017a inne zestawy na naszej stronie internetowej!\",\"breadcrumb\":{\"@id\":\"https:\/\/extery.com\/pl\/produkty\/lawka-parkowa-jada-pollukowa\/#breadcrumb\"},\"inLanguage\":\"pl-PL\",\"potentialAction\":[{\"@type\":\"ReadAction\",\"target\":[\"https:\/\/extery.com\/pl\/produkty\/lawka-parkowa-jada-pollukowa\/\"]}]},{\"@type\":\"ImageObject\",\"inLanguage\":\"pl-PL\",\"@id\":\"https:\/\/extery.com\/pl\/produkty\/lawka-parkowa-jada-pollukowa\/#primaryimage\",\"url\":\"https:\/\/extery.com\/wp-content\/uploads\/2022\/11\/Jada-poolkaar-D370_render-3D.jpg\",\"contentUrl\":\"https:\/\/extery.com\/wp-content\/uploads\/2022\/11\/Jada-poolkaar-D370_render-3D.jpg\",\"width\":2255,\"height\":1560},{\"@type\":\"BreadcrumbList\",\"@id\":\"https:\/\/extery.com\/pl\/produkty\/lawka-parkowa-jada-pollukowa\/#breadcrumb\",\"itemListElement\":[{\"@type\":\"ListItem\",\"position\":1,\"name\":\"Home\",\"item\":\"https:\/\/extery.com\/pl\/\"},{\"@type\":\"ListItem\",\"position\":2,\"name\":\"Produkty\",\"item\":\"https:\/\/extery.com\/tooted\/\"},{\"@type\":\"ListItem\",\"position\":3,\"name\":\"\u0142awka parkowa JADA p\u00f3\u0142\u0142ukowa\"}]},{\"@type\":\"WebSite\",\"@id\":\"https:\/\/extery.com\/pl\/#website\",\"url\":\"https:\/\/extery.com\/pl\/\",\"name\":\"Extery\",\"description\":\"\",\"publisher\":{\"@id\":\"https:\/\/extery.com\/pl\/#organization\"},\"potentialAction\":[{\"@type\":\"SearchAction\",\"target\":{\"@type\":\"EntryPoint\",\"urlTemplate\":\"https:\/\/extery.com\/pl\/?s={search_term_string}\"},\"query-input\":{\"@type\":\"PropertyValueSpecification\",\"valueRequired\":true,\"valueName\":\"search_term_string\"}}],\"inLanguage\":\"pl-PL\"},{\"@type\":\"Organization\",\"@id\":\"https:\/\/extery.com\/pl\/#organization\",\"name\":\"Extery\",\"url\":\"https:\/\/extery.com\/pl\/\",\"logo\":{\"@type\":\"ImageObject\",\"inLanguage\":\"pl-PL\",\"@id\":\"https:\/\/extery.com\/pl\/#\/schema\/logo\/image\/\",\"url\":\"https:\/\/extery.com\/wp-content\/uploads\/2023\/11\/footer-logo.svg\",\"contentUrl\":\"https:\/\/extery.com\/wp-content\/uploads\/2023\/11\/footer-logo.svg\",\"caption\":\"Extery \"},\"image\":{\"@id\":\"https:\/\/extery.com\/pl\/#\/schema\/logo\/image\/\"}}]}<\/script>\n<!-- \/ Yoast SEO plugin. -->","yoast_head_json":{"title":"\u0142awka parkowa JADA p\u00f3\u0142\u0142ukowa - Extery meble miejskie","description":"\u0141awka parkowa JADA SET17 to jeden z niezliczonych zestaw\u00f3w modu\u0142owego systemu mebli miejskich. Sprawd\u017a inne zestawy na naszej stronie internetowej!","robots":{"index":"index","follow":"follow","max-snippet":"max-snippet:-1","max-image-preview":"max-image-preview:large","max-video-preview":"max-video-preview:-1"},"canonical":"https:\/\/extery.com\/pl\/produkty\/lawka-parkowa-jada-pollukowa\/","og_locale":"pl_PL","og_type":"article","og_title":"\u0142awka parkowa JADA p\u00f3\u0142\u0142ukowa - Extery meble miejskie","og_description":"\u0141awka parkowa JADA SET17 to jeden z niezliczonych zestaw\u00f3w modu\u0142owego systemu mebli miejskich. Sprawd\u017a inne zestawy na naszej stronie internetowej!","og_url":"https:\/\/extery.com\/pl\/produkty\/lawka-parkowa-jada-pollukowa\/","og_site_name":"Extery","article_modified_time":"2026-04-30T11:53:59+00:00","og_image":[{"width":2255,"height":1560,"url":"https:\/\/extery.com\/wp-content\/uploads\/2022\/11\/Jada-poolkaar-D370_render-3D.jpg","type":"image\/jpeg"}],"twitter_card":"summary_large_image","twitter_misc":{"Szacowany czas czytania":"1 minuta"},"schema":{"@context":"https:\/\/schema.org","@graph":[{"@type":"WebPage","@id":"https:\/\/extery.com\/pl\/produkty\/lawka-parkowa-jada-pollukowa\/","url":"https:\/\/extery.com\/pl\/produkty\/lawka-parkowa-jada-pollukowa\/","name":"\u0142awka parkowa JADA p\u00f3\u0142\u0142ukowa - Extery meble miejskie","isPartOf":{"@id":"https:\/\/extery.com\/pl\/#website"},"primaryImageOfPage":{"@id":"https:\/\/extery.com\/pl\/produkty\/lawka-parkowa-jada-pollukowa\/#primaryimage"},"image":{"@id":"https:\/\/extery.com\/pl\/produkty\/lawka-parkowa-jada-pollukowa\/#primaryimage"},"thumbnailUrl":"https:\/\/extery.com\/wp-content\/uploads\/2022\/11\/Jada-poolkaar-D370_render-3D.jpg","datePublished":"2022-11-28T07:33:27+00:00","dateModified":"2026-04-30T11:53:59+00:00","description":"\u0141awka parkowa JADA SET17 to jeden z niezliczonych zestaw\u00f3w modu\u0142owego systemu mebli miejskich. Sprawd\u017a inne zestawy na naszej stronie internetowej!","breadcrumb":{"@id":"https:\/\/extery.com\/pl\/produkty\/lawka-parkowa-jada-pollukowa\/#breadcrumb"},"inLanguage":"pl-PL","potentialAction":[{"@type":"ReadAction","target":["https:\/\/extery.com\/pl\/produkty\/lawka-parkowa-jada-pollukowa\/"]}]},{"@type":"ImageObject","inLanguage":"pl-PL","@id":"https:\/\/extery.com\/pl\/produkty\/lawka-parkowa-jada-pollukowa\/#primaryimage","url":"https:\/\/extery.com\/wp-content\/uploads\/2022\/11\/Jada-poolkaar-D370_render-3D.jpg","contentUrl":"https:\/\/extery.com\/wp-content\/uploads\/2022\/11\/Jada-poolkaar-D370_render-3D.jpg","width":2255,"height":1560},{"@type":"BreadcrumbList","@id":"https:\/\/extery.com\/pl\/produkty\/lawka-parkowa-jada-pollukowa\/#breadcrumb","itemListElement":[{"@type":"ListItem","position":1,"name":"Home","item":"https:\/\/extery.com\/pl\/"},{"@type":"ListItem","position":2,"name":"Produkty","item":"https:\/\/extery.com\/tooted\/"},{"@type":"ListItem","position":3,"name":"\u0142awka parkowa JADA p\u00f3\u0142\u0142ukowa"}]},{"@type":"WebSite","@id":"https:\/\/extery.com\/pl\/#website","url":"https:\/\/extery.com\/pl\/","name":"Extery","description":"","publisher":{"@id":"https:\/\/extery.com\/pl\/#organization"},"potentialAction":[{"@type":"SearchAction","target":{"@type":"EntryPoint","urlTemplate":"https:\/\/extery.com\/pl\/?s={search_term_string}"},"query-input":{"@type":"PropertyValueSpecification","valueRequired":true,"valueName":"search_term_string"}}],"inLanguage":"pl-PL"},{"@type":"Organization","@id":"https:\/\/extery.com\/pl\/#organization","name":"Extery","url":"https:\/\/extery.com\/pl\/","logo":{"@type":"ImageObject","inLanguage":"pl-PL","@id":"https:\/\/extery.com\/pl\/#\/schema\/logo\/image\/","url":"https:\/\/extery.com\/wp-content\/uploads\/2023\/11\/footer-logo.svg","contentUrl":"https:\/\/extery.com\/wp-content\/uploads\/2023\/11\/footer-logo.svg","caption":"Extery "},"image":{"@id":"https:\/\/extery.com\/pl\/#\/schema\/logo\/image\/"}}]}},"_links":{"self":[{"href":"https:\/\/extery.com\/pl\/wp-json\/wp\/v2\/product\/63601","targetHints":{"allow":["GET"]}}],"collection":[{"href":"https:\/\/extery.com\/pl\/wp-json\/wp\/v2\/product"}],"about":[{"href":"https:\/\/extery.com\/pl\/wp-json\/wp\/v2\/types\/product"}],"replies":[{"embeddable":true,"href":"https:\/\/extery.com\/pl\/wp-json\/wp\/v2\/comments?post=63601"}],"wp:featuredmedia":[{"embeddable":true,"href":"https:\/\/extery.com\/pl\/wp-json\/wp\/v2\/media\/62330"}],"wp:attachment":[{"href":"https:\/\/extery.com\/pl\/wp-json\/wp\/v2\/media?parent=63601"}],"wp:term":[{"taxonomy":"product_brand","embeddable":true,"href":"https:\/\/extery.com\/pl\/wp-json\/wp\/v2\/product_brand?post=63601"},{"taxonomy":"product_cat","embeddable":true,"href":"https:\/\/extery.com\/pl\/wp-json\/wp\/v2\/product_cat?post=63601"},{"taxonomy":"product_tag","embeddable":true,"href":"https:\/\/extery.com\/pl\/wp-json\/wp\/v2\/product_tag?post=63601"}],"curies":[{"name":"wp","href":"https:\/\/api.w.org\/{rel}","templated":true}]}}