{"id":63602,"date":"2021-01-25T10:04:22","date_gmt":"2021-01-25T10:04:22","guid":{"rendered":"https:\/\/extery.com\/tooted\/ringpink-jada\/"},"modified":"2026-04-30T10:40:06","modified_gmt":"2026-04-30T10:40:06","slug":"okragla-lawka-jada","status":"publish","type":"product","link":"https:\/\/extery.com\/pl\/produkty\/okragla-lawka-jada\/","title":{"rendered":"okr\u0105g\u0142a \u0142awka JADA"},"content":{"rendered":"<p>Dzi\u0119ki modu\u0142om \u0142ukowym Jada mo\u017cliwe jest tworzenie okr\u0105g\u0142ych \u0142awek o r\u00f3\u017cnych rozmiarach. System modu\u0142owy Jada oferuje dwa rozmiary modu\u0142\u00f3w \u0142ukowych, kt\u00f3re pozwalaj\u0105 na tworzenie okr\u0105g\u0142ych \u0142awek o \u015brednicy 2500 mm i wi\u0119kszych okr\u0105g\u0142ych \u0142awek o \u015brednicy 3700 mm.<\/p>\n<p>Okr\u0105g\u0142a \u0142awka mo\u017ce by\u0107 r\u00f3wnie\u017c skonstruowana jako podw\u00f3jny okr\u0105g, poniewa\u017c r\u00f3\u017cnica w rozmiarach modu\u0142\u00f3w jest dok\u0142adnie taka, \u017ce \u200b\u200bma\u0142a okr\u0105g\u0142a \u0142awka mie\u015bci si\u0119 w du\u017cej okr\u0105g\u0142ej \u0142awce. Jedna okr\u0105g\u0142a \u0142awka sk\u0142ada si\u0119 z 8 modu\u0142\u00f3w \u0142ukowych Jada.<\/p>\n<p style=\"text-align: left;\">Dzi\u0119ki Jada mo\u017cliwe jest tworzenie r\u00f3\u017cnych rozwi\u0105za\u0144, dopasowanych do pomys\u0142u lub wymaga\u0144 przestrzennych. Opr\u00f3cz okr\u0105g\u0142ych \u0142awek, modu\u0142y \u0142ukowe pozwalaj\u0105 na tworzenie wielu innych, r\u00f3\u017cnorodnych kszta\u0142t\u00f3w.<\/p>\n<p>Aby zobaczy\u0107 wi\u0119cej zestaw\u00f3w z modu\u0142ami Jada, kliknij <span style=\"color: #0000ff;\"><strong><a style=\"color: #0000ff;\" href=\"https:\/\/extery.com\/pl\/kategoria-produktu\/lawki-modulowe\/\">tutaj<\/a><\/strong><\/span>.<\/p>\n<p>Jada to modu\u0142owy system mebli miejskich z kolekcji Extery, kt\u00f3ry pozwala w prosty spos\u00f3b stworzy\u0107 kompletne strefy wypoczynkowe. System Jada mo\u017cna wykorzystywa\u0107 w niesko\u0144czonych kombinacjach, aby wyko\u0144czy\u0107 kraw\u0119dzie kwadrat\u00f3w, wytyczy\u0107 kr\u0119te \u015bcie\u017cki lub wype\u0142ni\u0107 kwadraty zaskakuj\u0105cymi kszta\u0142tami. Oparcia mo\u017cna ustawi\u0107 obok siebie lub naprzeciw siebie, tworz\u0105c przestrze\u0144 do le\u017cenia lub zapewniaj\u0105c prywatno\u015b\u0107. Sto\u0142y mo\u017cna roz\u0142o\u017cy\u0107, tworz\u0105c przytulne, prywatne miejsca do siedzenia, lub po\u0142\u0105czy\u0107 ze sto\u0142ami, aby stworzy\u0107 przyjemne miejsce do spotka\u0144 towarzyskich.<\/p>\n","protected":false},"excerpt":{"rendered":"<p>Dzi\u0119ki modu\u0142om \u0142ukowym Jada mo\u017cliwe jest tworzenie okr\u0105g\u0142ych \u0142awek o r\u00f3\u017cnych rozmiarach. System modu\u0142owy Jada oferuje dwa rozmiary modu\u0142\u00f3w \u0142ukowych, kt\u00f3re pozwalaj\u0105 na tworzenie okr\u0105g\u0142ych \u0142awek o \u015brednicy 2500 mm i wi\u0119kszych okr\u0105g\u0142ych \u0142awek o \u015brednicy 3700 mm. Okr\u0105g\u0142a \u0142awka mo\u017ce by\u0107 r\u00f3wnie\u017c skonstruowana jako podw\u00f3jny okr\u0105g, poniewa\u017c r\u00f3\u017cnica w rozmiarach modu\u0142\u00f3w jest dok\u0142adnie taka, [&hellip;]<\/p>\n","protected":false},"featured_media":61309,"comment_status":"open","ping_status":"closed","template":"","meta":{"_acf_changed":false},"product_brand":[],"product_cat":[369,381],"product_tag":[],"class_list":{"0":"post-63602","1":"product","2":"type-product","3":"status-publish","4":"has-post-thumbnail","6":"product_cat-lawki-parkowe-bez-oparcia","7":"product_cat-lawki-modulowe","8":"product-family-jada","10":"first","11":"instock","12":"shipping-taxable","13":"product-type-simple"},"acf":[],"yoast_head":"<!-- This site is optimized with the Yoast SEO plugin v26.4 - https:\/\/yoast.com\/wordpress\/plugins\/seo\/ -->\n<title>okr\u0105g\u0142a \u0142awka JADA - Extery \u0142awka parkowa miejska, \u0142awka okr\u0105g\u0142a<\/title>\n<meta name=\"description\" content=\"Okr\u0105g\u0142a \u0142awka Jada to jedna z opcji modu\u0142owego systemu mebli miejskich. Z Jady mo\u017cna tworzy\u0107 niesko\u0144czone kombinacje. Okr\u0105g\u0142e \u0142awki mog\u0105 by\u0107 r\u00f3wnie\u017c wi\u0119ksze i mniejsze, p\u00f3\u0142koliste lub pe\u0142ne.\" \/>\n<meta name=\"robots\" content=\"index, follow, max-snippet:-1, max-image-preview:large, max-video-preview:-1\" \/>\n<link rel=\"canonical\" href=\"https:\/\/extery.com\/pl\/produkty\/okragla-lawka-jada\/\" \/>\n<meta property=\"og:locale\" content=\"pl_PL\" \/>\n<meta property=\"og:type\" content=\"article\" \/>\n<meta property=\"og:title\" content=\"okr\u0105g\u0142a \u0142awka JADA - Extery \u0142awka parkowa miejska, \u0142awka okr\u0105g\u0142a\" \/>\n<meta property=\"og:description\" content=\"Okr\u0105g\u0142a \u0142awka Jada to jedna z opcji modu\u0142owego systemu mebli miejskich. Z Jady mo\u017cna tworzy\u0107 niesko\u0144czone kombinacje. Okr\u0105g\u0142e \u0142awki mog\u0105 by\u0107 r\u00f3wnie\u017c wi\u0119ksze i mniejsze, p\u00f3\u0142koliste lub pe\u0142ne.\" \/>\n<meta property=\"og:url\" content=\"https:\/\/extery.com\/pl\/produkty\/okragla-lawka-jada\/\" \/>\n<meta property=\"og:site_name\" content=\"Extery\" \/>\n<meta property=\"article:modified_time\" content=\"2026-04-30T10:40:06+00:00\" \/>\n<meta property=\"og:image\" content=\"https:\/\/extery.com\/wp-content\/uploads\/2021\/01\/modulaarne-pargipink-Jada-ring-modular-park-bench-jada-circle2.jpg\" \/>\n\t<meta property=\"og:image:width\" content=\"2255\" \/>\n\t<meta property=\"og:image:height\" content=\"1560\" \/>\n\t<meta property=\"og:image:type\" content=\"image\/jpeg\" \/>\n<meta name=\"twitter:card\" content=\"summary_large_image\" \/>\n<meta name=\"twitter:label1\" content=\"Szacowany czas czytania\" \/>\n\t<meta name=\"twitter:data1\" content=\"2 minuty\" \/>\n<script type=\"application\/ld+json\" class=\"yoast-schema-graph\">{\"@context\":\"https:\/\/schema.org\",\"@graph\":[{\"@type\":\"WebPage\",\"@id\":\"https:\/\/extery.com\/pl\/produkty\/okragla-lawka-jada\/\",\"url\":\"https:\/\/extery.com\/pl\/produkty\/okragla-lawka-jada\/\",\"name\":\"okr\u0105g\u0142a \u0142awka JADA - Extery \u0142awka parkowa miejska, \u0142awka okr\u0105g\u0142a\",\"isPartOf\":{\"@id\":\"https:\/\/extery.com\/pl\/#website\"},\"primaryImageOfPage\":{\"@id\":\"https:\/\/extery.com\/pl\/produkty\/okragla-lawka-jada\/#primaryimage\"},\"image\":{\"@id\":\"https:\/\/extery.com\/pl\/produkty\/okragla-lawka-jada\/#primaryimage\"},\"thumbnailUrl\":\"https:\/\/extery.com\/wp-content\/uploads\/2021\/01\/modulaarne-pargipink-Jada-ring-modular-park-bench-jada-circle2.jpg\",\"datePublished\":\"2021-01-25T10:04:22+00:00\",\"dateModified\":\"2026-04-30T10:40:06+00:00\",\"description\":\"Okr\u0105g\u0142a \u0142awka Jada to jedna z opcji modu\u0142owego systemu mebli miejskich. Z Jady mo\u017cna tworzy\u0107 niesko\u0144czone kombinacje. Okr\u0105g\u0142e \u0142awki mog\u0105 by\u0107 r\u00f3wnie\u017c wi\u0119ksze i mniejsze, p\u00f3\u0142koliste lub pe\u0142ne.\",\"breadcrumb\":{\"@id\":\"https:\/\/extery.com\/pl\/produkty\/okragla-lawka-jada\/#breadcrumb\"},\"inLanguage\":\"pl-PL\",\"potentialAction\":[{\"@type\":\"ReadAction\",\"target\":[\"https:\/\/extery.com\/pl\/produkty\/okragla-lawka-jada\/\"]}]},{\"@type\":\"ImageObject\",\"inLanguage\":\"pl-PL\",\"@id\":\"https:\/\/extery.com\/pl\/produkty\/okragla-lawka-jada\/#primaryimage\",\"url\":\"https:\/\/extery.com\/wp-content\/uploads\/2021\/01\/modulaarne-pargipink-Jada-ring-modular-park-bench-jada-circle2.jpg\",\"contentUrl\":\"https:\/\/extery.com\/wp-content\/uploads\/2021\/01\/modulaarne-pargipink-Jada-ring-modular-park-bench-jada-circle2.jpg\",\"width\":2255,\"height\":1560},{\"@type\":\"BreadcrumbList\",\"@id\":\"https:\/\/extery.com\/pl\/produkty\/okragla-lawka-jada\/#breadcrumb\",\"itemListElement\":[{\"@type\":\"ListItem\",\"position\":1,\"name\":\"Home\",\"item\":\"https:\/\/extery.com\/pl\/\"},{\"@type\":\"ListItem\",\"position\":2,\"name\":\"Produkty\",\"item\":\"https:\/\/extery.com\/tooted\/\"},{\"@type\":\"ListItem\",\"position\":3,\"name\":\"okr\u0105g\u0142a \u0142awka JADA\"}]},{\"@type\":\"WebSite\",\"@id\":\"https:\/\/extery.com\/pl\/#website\",\"url\":\"https:\/\/extery.com\/pl\/\",\"name\":\"Extery\",\"description\":\"\",\"publisher\":{\"@id\":\"https:\/\/extery.com\/pl\/#organization\"},\"potentialAction\":[{\"@type\":\"SearchAction\",\"target\":{\"@type\":\"EntryPoint\",\"urlTemplate\":\"https:\/\/extery.com\/pl\/?s={search_term_string}\"},\"query-input\":{\"@type\":\"PropertyValueSpecification\",\"valueRequired\":true,\"valueName\":\"search_term_string\"}}],\"inLanguage\":\"pl-PL\"},{\"@type\":\"Organization\",\"@id\":\"https:\/\/extery.com\/pl\/#organization\",\"name\":\"Extery\",\"url\":\"https:\/\/extery.com\/pl\/\",\"logo\":{\"@type\":\"ImageObject\",\"inLanguage\":\"pl-PL\",\"@id\":\"https:\/\/extery.com\/pl\/#\/schema\/logo\/image\/\",\"url\":\"https:\/\/extery.com\/wp-content\/uploads\/2023\/11\/footer-logo.svg\",\"contentUrl\":\"https:\/\/extery.com\/wp-content\/uploads\/2023\/11\/footer-logo.svg\",\"caption\":\"Extery \"},\"image\":{\"@id\":\"https:\/\/extery.com\/pl\/#\/schema\/logo\/image\/\"}}]}<\/script>\n<!-- \/ Yoast SEO plugin. -->","yoast_head_json":{"title":"okr\u0105g\u0142a \u0142awka JADA - Extery \u0142awka parkowa miejska, \u0142awka okr\u0105g\u0142a","description":"Okr\u0105g\u0142a \u0142awka Jada to jedna z opcji modu\u0142owego systemu mebli miejskich. Z Jady mo\u017cna tworzy\u0107 niesko\u0144czone kombinacje. Okr\u0105g\u0142e \u0142awki mog\u0105 by\u0107 r\u00f3wnie\u017c wi\u0119ksze i mniejsze, p\u00f3\u0142koliste lub pe\u0142ne.","robots":{"index":"index","follow":"follow","max-snippet":"max-snippet:-1","max-image-preview":"max-image-preview:large","max-video-preview":"max-video-preview:-1"},"canonical":"https:\/\/extery.com\/pl\/produkty\/okragla-lawka-jada\/","og_locale":"pl_PL","og_type":"article","og_title":"okr\u0105g\u0142a \u0142awka JADA - Extery \u0142awka parkowa miejska, \u0142awka okr\u0105g\u0142a","og_description":"Okr\u0105g\u0142a \u0142awka Jada to jedna z opcji modu\u0142owego systemu mebli miejskich. Z Jady mo\u017cna tworzy\u0107 niesko\u0144czone kombinacje. Okr\u0105g\u0142e \u0142awki mog\u0105 by\u0107 r\u00f3wnie\u017c wi\u0119ksze i mniejsze, p\u00f3\u0142koliste lub pe\u0142ne.","og_url":"https:\/\/extery.com\/pl\/produkty\/okragla-lawka-jada\/","og_site_name":"Extery","article_modified_time":"2026-04-30T10:40:06+00:00","og_image":[{"width":2255,"height":1560,"url":"https:\/\/extery.com\/wp-content\/uploads\/2021\/01\/modulaarne-pargipink-Jada-ring-modular-park-bench-jada-circle2.jpg","type":"image\/jpeg"}],"twitter_card":"summary_large_image","twitter_misc":{"Szacowany czas czytania":"2 minuty"},"schema":{"@context":"https:\/\/schema.org","@graph":[{"@type":"WebPage","@id":"https:\/\/extery.com\/pl\/produkty\/okragla-lawka-jada\/","url":"https:\/\/extery.com\/pl\/produkty\/okragla-lawka-jada\/","name":"okr\u0105g\u0142a \u0142awka JADA - Extery \u0142awka parkowa miejska, \u0142awka okr\u0105g\u0142a","isPartOf":{"@id":"https:\/\/extery.com\/pl\/#website"},"primaryImageOfPage":{"@id":"https:\/\/extery.com\/pl\/produkty\/okragla-lawka-jada\/#primaryimage"},"image":{"@id":"https:\/\/extery.com\/pl\/produkty\/okragla-lawka-jada\/#primaryimage"},"thumbnailUrl":"https:\/\/extery.com\/wp-content\/uploads\/2021\/01\/modulaarne-pargipink-Jada-ring-modular-park-bench-jada-circle2.jpg","datePublished":"2021-01-25T10:04:22+00:00","dateModified":"2026-04-30T10:40:06+00:00","description":"Okr\u0105g\u0142a \u0142awka Jada to jedna z opcji modu\u0142owego systemu mebli miejskich. Z Jady mo\u017cna tworzy\u0107 niesko\u0144czone kombinacje. Okr\u0105g\u0142e \u0142awki mog\u0105 by\u0107 r\u00f3wnie\u017c wi\u0119ksze i mniejsze, p\u00f3\u0142koliste lub pe\u0142ne.","breadcrumb":{"@id":"https:\/\/extery.com\/pl\/produkty\/okragla-lawka-jada\/#breadcrumb"},"inLanguage":"pl-PL","potentialAction":[{"@type":"ReadAction","target":["https:\/\/extery.com\/pl\/produkty\/okragla-lawka-jada\/"]}]},{"@type":"ImageObject","inLanguage":"pl-PL","@id":"https:\/\/extery.com\/pl\/produkty\/okragla-lawka-jada\/#primaryimage","url":"https:\/\/extery.com\/wp-content\/uploads\/2021\/01\/modulaarne-pargipink-Jada-ring-modular-park-bench-jada-circle2.jpg","contentUrl":"https:\/\/extery.com\/wp-content\/uploads\/2021\/01\/modulaarne-pargipink-Jada-ring-modular-park-bench-jada-circle2.jpg","width":2255,"height":1560},{"@type":"BreadcrumbList","@id":"https:\/\/extery.com\/pl\/produkty\/okragla-lawka-jada\/#breadcrumb","itemListElement":[{"@type":"ListItem","position":1,"name":"Home","item":"https:\/\/extery.com\/pl\/"},{"@type":"ListItem","position":2,"name":"Produkty","item":"https:\/\/extery.com\/tooted\/"},{"@type":"ListItem","position":3,"name":"okr\u0105g\u0142a \u0142awka JADA"}]},{"@type":"WebSite","@id":"https:\/\/extery.com\/pl\/#website","url":"https:\/\/extery.com\/pl\/","name":"Extery","description":"","publisher":{"@id":"https:\/\/extery.com\/pl\/#organization"},"potentialAction":[{"@type":"SearchAction","target":{"@type":"EntryPoint","urlTemplate":"https:\/\/extery.com\/pl\/?s={search_term_string}"},"query-input":{"@type":"PropertyValueSpecification","valueRequired":true,"valueName":"search_term_string"}}],"inLanguage":"pl-PL"},{"@type":"Organization","@id":"https:\/\/extery.com\/pl\/#organization","name":"Extery","url":"https:\/\/extery.com\/pl\/","logo":{"@type":"ImageObject","inLanguage":"pl-PL","@id":"https:\/\/extery.com\/pl\/#\/schema\/logo\/image\/","url":"https:\/\/extery.com\/wp-content\/uploads\/2023\/11\/footer-logo.svg","contentUrl":"https:\/\/extery.com\/wp-content\/uploads\/2023\/11\/footer-logo.svg","caption":"Extery "},"image":{"@id":"https:\/\/extery.com\/pl\/#\/schema\/logo\/image\/"}}]}},"_links":{"self":[{"href":"https:\/\/extery.com\/pl\/wp-json\/wp\/v2\/product\/63602","targetHints":{"allow":["GET"]}}],"collection":[{"href":"https:\/\/extery.com\/pl\/wp-json\/wp\/v2\/product"}],"about":[{"href":"https:\/\/extery.com\/pl\/wp-json\/wp\/v2\/types\/product"}],"replies":[{"embeddable":true,"href":"https:\/\/extery.com\/pl\/wp-json\/wp\/v2\/comments?post=63602"}],"wp:featuredmedia":[{"embeddable":true,"href":"https:\/\/extery.com\/pl\/wp-json\/wp\/v2\/media\/61309"}],"wp:attachment":[{"href":"https:\/\/extery.com\/pl\/wp-json\/wp\/v2\/media?parent=63602"}],"wp:term":[{"taxonomy":"product_brand","embeddable":true,"href":"https:\/\/extery.com\/pl\/wp-json\/wp\/v2\/product_brand?post=63602"},{"taxonomy":"product_cat","embeddable":true,"href":"https:\/\/extery.com\/pl\/wp-json\/wp\/v2\/product_cat?post=63602"},{"taxonomy":"product_tag","embeddable":true,"href":"https:\/\/extery.com\/pl\/wp-json\/wp\/v2\/product_tag?post=63602"}],"curies":[{"name":"wp","href":"https:\/\/api.w.org\/{rel}","templated":true}]}}