{"id":63604,"date":"2022-11-01T12:25:57","date_gmt":"2022-11-01T12:25:57","guid":{"rendered":"https:\/\/extery.com\/tooted\/modulowa-lawka-parkowa-jada\/"},"modified":"2026-04-30T10:32:45","modified_gmt":"2026-04-30T10:32:45","slug":"modulowa-lawka-parkowa-jada","status":"publish","type":"product","link":"https:\/\/extery.com\/pl\/produkty\/modulowa-lawka-parkowa-jada\/","title":{"rendered":"modu\u0142owa \u0142awka parkowa JADA"},"content":{"rendered":"<p style=\"text-align: left;\">Modu\u0142owa \u0142awka parkowa JADA pozwala na nieograniczone konfiguracje, dzi\u0119ki czemu idealnie nadaje si\u0119 do stworzenia wyj\u0105tkowej i przytulnej przestrzeni. Niezale\u017cnie od tego, czy jest to park, plac czy r\u00f3g ulicy, modu\u0142owa \u0142awka parkowa Jada to doskona\u0142y wyb\u00f3r, je\u015bli szukasz mebli miejskich, kt\u00f3re mo\u017cna dopasowa\u0107 do projektu!<\/p>\n<p>Jada to modu\u0142owy system mebli miejskich z kolekcji Extery, kt\u00f3ry pozwala z \u0142atwo\u015bci\u0105 stworzy\u0107 kompletne strefy wypoczynkowe. Jad\u0119 mo\u017cna \u0142\u0105czy\u0107 na wiele sposob\u00f3w, aby obszy\u0107 kraw\u0119dzie kwadrat\u00f3w, wytyczy\u0107 kr\u0119te \u015bcie\u017cki lub wype\u0142ni\u0107 kwadraty zaskakuj\u0105cymi kszta\u0142tami. Oparcia mo\u017cna ustawi\u0107 obok siebie lub naprzeciw siebie, tworz\u0105c miejsca do le\u017cenia lub rozdzielenia. Sto\u0142y mo\u017cna wygodnie roz\u0142o\u017cy\u0107, tworz\u0105c prywatne strefy wypoczynkowe, lub po\u0142\u0105czy\u0107 ze sto\u0142ami, aby stworzy\u0107 przyjemne spotkania towarzyskie.<\/p>\n<p>Stworzyli\u015bmy r\u00f3wnie\u017c starannie przemy\u015blane, gotowe zestawy, aby projektowanie przestrzeni miejskich i wyb\u00f3r odpowiedniego rozwi\u0105zania by\u0142y jeszcze \u0142atwiejsze i szybsze. Sprawd\u017a wyb\u00f3r <a href=\"https:\/\/extery.com\/pl\/kategoria-produktu\/lawki-modulowe\/\"><span style=\"color: #0000ff;\"><strong>tutaj<\/strong><\/span>.<\/a><\/p>\n","protected":false},"excerpt":{"rendered":"<p>Modu\u0142owa \u0142awka parkowa JADA pozwala na nieograniczone konfiguracje, dzi\u0119ki czemu idealnie nadaje si\u0119 do stworzenia wyj\u0105tkowej i przytulnej przestrzeni. Niezale\u017cnie od tego, czy jest to park, plac czy r\u00f3g ulicy, modu\u0142owa \u0142awka parkowa Jada to doskona\u0142y wyb\u00f3r, je\u015bli szukasz mebli miejskich, kt\u00f3re mo\u017cna dopasowa\u0107 do projektu! Jada to modu\u0142owy system mebli miejskich z kolekcji Extery, [&hellip;]<\/p>\n","protected":false},"featured_media":59008,"comment_status":"open","ping_status":"closed","template":"","meta":{"_acf_changed":false},"product_brand":[],"product_cat":[381],"product_tag":[],"class_list":{"0":"post-63604","1":"product","2":"type-product","3":"status-publish","4":"has-post-thumbnail","6":"product_cat-lawki-modulowe","7":"product-family-jada","9":"first","10":"instock","11":"shipping-taxable","12":"product-type-simple"},"acf":[],"yoast_head":"<!-- This site is optimized with the Yoast SEO plugin v26.4 - https:\/\/yoast.com\/wordpress\/plugins\/seo\/ -->\n<title>modu\u0142owa \u0142awka parkowa JADA - Extery kolekcja \u0142awek parkowych<\/title>\n<meta name=\"description\" content=\"Modu\u0142owa \u0142awka parkowa Jada u\u0142atwia tworzenie kompletnych przestrzeni do siedzenia. Z \u0142awk\u0105 Jada mo\u017cesz tworzy\u0107 niesko\u0144czone kombinacje. Sprawd\u017a mo\u017cliwo\u015bci na naszej stronie!\" \/>\n<meta name=\"robots\" content=\"index, follow, max-snippet:-1, max-image-preview:large, max-video-preview:-1\" \/>\n<link rel=\"canonical\" href=\"https:\/\/extery.com\/pl\/produkty\/modulowa-lawka-parkowa-jada\/\" \/>\n<meta property=\"og:locale\" content=\"pl_PL\" \/>\n<meta property=\"og:type\" content=\"article\" \/>\n<meta property=\"og:title\" content=\"modu\u0142owa \u0142awka parkowa JADA - Extery kolekcja \u0142awek parkowych\" \/>\n<meta property=\"og:description\" content=\"Modu\u0142owa \u0142awka parkowa Jada u\u0142atwia tworzenie kompletnych przestrzeni do siedzenia. Z \u0142awk\u0105 Jada mo\u017cesz tworzy\u0107 niesko\u0144czone kombinacje. Sprawd\u017a mo\u017cliwo\u015bci na naszej stronie!\" \/>\n<meta property=\"og:url\" content=\"https:\/\/extery.com\/pl\/produkty\/modulowa-lawka-parkowa-jada\/\" \/>\n<meta property=\"og:site_name\" content=\"Extery\" \/>\n<meta property=\"article:modified_time\" content=\"2026-04-30T10:32:45+00:00\" \/>\n<meta property=\"og:image\" content=\"https:\/\/extery.com\/wp-content\/uploads\/2025\/10\/jada-set-1.jpg\" \/>\n\t<meta property=\"og:image:width\" content=\"1094\" \/>\n\t<meta property=\"og:image:height\" content=\"1095\" \/>\n\t<meta property=\"og:image:type\" content=\"image\/jpeg\" \/>\n<meta name=\"twitter:card\" content=\"summary_large_image\" \/>\n<meta name=\"twitter:label1\" content=\"Szacowany czas czytania\" \/>\n\t<meta name=\"twitter:data1\" content=\"1 minuta\" \/>\n<script type=\"application\/ld+json\" class=\"yoast-schema-graph\">{\"@context\":\"https:\/\/schema.org\",\"@graph\":[{\"@type\":\"WebPage\",\"@id\":\"https:\/\/extery.com\/pl\/produkty\/modulowa-lawka-parkowa-jada\/\",\"url\":\"https:\/\/extery.com\/pl\/produkty\/modulowa-lawka-parkowa-jada\/\",\"name\":\"modu\u0142owa \u0142awka parkowa JADA - Extery kolekcja \u0142awek parkowych\",\"isPartOf\":{\"@id\":\"https:\/\/extery.com\/pl\/#website\"},\"primaryImageOfPage\":{\"@id\":\"https:\/\/extery.com\/pl\/produkty\/modulowa-lawka-parkowa-jada\/#primaryimage\"},\"image\":{\"@id\":\"https:\/\/extery.com\/pl\/produkty\/modulowa-lawka-parkowa-jada\/#primaryimage\"},\"thumbnailUrl\":\"https:\/\/extery.com\/wp-content\/uploads\/2025\/10\/jada-set-1.jpg\",\"datePublished\":\"2022-11-01T12:25:57+00:00\",\"dateModified\":\"2026-04-30T10:32:45+00:00\",\"description\":\"Modu\u0142owa \u0142awka parkowa Jada u\u0142atwia tworzenie kompletnych przestrzeni do siedzenia. Z \u0142awk\u0105 Jada mo\u017cesz tworzy\u0107 niesko\u0144czone kombinacje. Sprawd\u017a mo\u017cliwo\u015bci na naszej stronie!\",\"breadcrumb\":{\"@id\":\"https:\/\/extery.com\/pl\/produkty\/modulowa-lawka-parkowa-jada\/#breadcrumb\"},\"inLanguage\":\"pl-PL\",\"potentialAction\":[{\"@type\":\"ReadAction\",\"target\":[\"https:\/\/extery.com\/pl\/produkty\/modulowa-lawka-parkowa-jada\/\"]}]},{\"@type\":\"ImageObject\",\"inLanguage\":\"pl-PL\",\"@id\":\"https:\/\/extery.com\/pl\/produkty\/modulowa-lawka-parkowa-jada\/#primaryimage\",\"url\":\"https:\/\/extery.com\/wp-content\/uploads\/2025\/10\/jada-set-1.jpg\",\"contentUrl\":\"https:\/\/extery.com\/wp-content\/uploads\/2025\/10\/jada-set-1.jpg\",\"width\":1094,\"height\":1095},{\"@type\":\"BreadcrumbList\",\"@id\":\"https:\/\/extery.com\/pl\/produkty\/modulowa-lawka-parkowa-jada\/#breadcrumb\",\"itemListElement\":[{\"@type\":\"ListItem\",\"position\":1,\"name\":\"Home\",\"item\":\"https:\/\/extery.com\/pl\/\"},{\"@type\":\"ListItem\",\"position\":2,\"name\":\"Produkty\",\"item\":\"https:\/\/extery.com\/tooted\/\"},{\"@type\":\"ListItem\",\"position\":3,\"name\":\"modu\u0142owa \u0142awka parkowa JADA\"}]},{\"@type\":\"WebSite\",\"@id\":\"https:\/\/extery.com\/pl\/#website\",\"url\":\"https:\/\/extery.com\/pl\/\",\"name\":\"Extery\",\"description\":\"\",\"publisher\":{\"@id\":\"https:\/\/extery.com\/pl\/#organization\"},\"potentialAction\":[{\"@type\":\"SearchAction\",\"target\":{\"@type\":\"EntryPoint\",\"urlTemplate\":\"https:\/\/extery.com\/pl\/?s={search_term_string}\"},\"query-input\":{\"@type\":\"PropertyValueSpecification\",\"valueRequired\":true,\"valueName\":\"search_term_string\"}}],\"inLanguage\":\"pl-PL\"},{\"@type\":\"Organization\",\"@id\":\"https:\/\/extery.com\/pl\/#organization\",\"name\":\"Extery\",\"url\":\"https:\/\/extery.com\/pl\/\",\"logo\":{\"@type\":\"ImageObject\",\"inLanguage\":\"pl-PL\",\"@id\":\"https:\/\/extery.com\/pl\/#\/schema\/logo\/image\/\",\"url\":\"https:\/\/extery.com\/wp-content\/uploads\/2023\/11\/footer-logo.svg\",\"contentUrl\":\"https:\/\/extery.com\/wp-content\/uploads\/2023\/11\/footer-logo.svg\",\"caption\":\"Extery \"},\"image\":{\"@id\":\"https:\/\/extery.com\/pl\/#\/schema\/logo\/image\/\"}}]}<\/script>\n<!-- \/ Yoast SEO plugin. -->","yoast_head_json":{"title":"modu\u0142owa \u0142awka parkowa JADA - Extery kolekcja \u0142awek parkowych","description":"Modu\u0142owa \u0142awka parkowa Jada u\u0142atwia tworzenie kompletnych przestrzeni do siedzenia. Z \u0142awk\u0105 Jada mo\u017cesz tworzy\u0107 niesko\u0144czone kombinacje. Sprawd\u017a mo\u017cliwo\u015bci na naszej stronie!","robots":{"index":"index","follow":"follow","max-snippet":"max-snippet:-1","max-image-preview":"max-image-preview:large","max-video-preview":"max-video-preview:-1"},"canonical":"https:\/\/extery.com\/pl\/produkty\/modulowa-lawka-parkowa-jada\/","og_locale":"pl_PL","og_type":"article","og_title":"modu\u0142owa \u0142awka parkowa JADA - Extery kolekcja \u0142awek parkowych","og_description":"Modu\u0142owa \u0142awka parkowa Jada u\u0142atwia tworzenie kompletnych przestrzeni do siedzenia. Z \u0142awk\u0105 Jada mo\u017cesz tworzy\u0107 niesko\u0144czone kombinacje. Sprawd\u017a mo\u017cliwo\u015bci na naszej stronie!","og_url":"https:\/\/extery.com\/pl\/produkty\/modulowa-lawka-parkowa-jada\/","og_site_name":"Extery","article_modified_time":"2026-04-30T10:32:45+00:00","og_image":[{"width":1094,"height":1095,"url":"https:\/\/extery.com\/wp-content\/uploads\/2025\/10\/jada-set-1.jpg","type":"image\/jpeg"}],"twitter_card":"summary_large_image","twitter_misc":{"Szacowany czas czytania":"1 minuta"},"schema":{"@context":"https:\/\/schema.org","@graph":[{"@type":"WebPage","@id":"https:\/\/extery.com\/pl\/produkty\/modulowa-lawka-parkowa-jada\/","url":"https:\/\/extery.com\/pl\/produkty\/modulowa-lawka-parkowa-jada\/","name":"modu\u0142owa \u0142awka parkowa JADA - Extery kolekcja \u0142awek parkowych","isPartOf":{"@id":"https:\/\/extery.com\/pl\/#website"},"primaryImageOfPage":{"@id":"https:\/\/extery.com\/pl\/produkty\/modulowa-lawka-parkowa-jada\/#primaryimage"},"image":{"@id":"https:\/\/extery.com\/pl\/produkty\/modulowa-lawka-parkowa-jada\/#primaryimage"},"thumbnailUrl":"https:\/\/extery.com\/wp-content\/uploads\/2025\/10\/jada-set-1.jpg","datePublished":"2022-11-01T12:25:57+00:00","dateModified":"2026-04-30T10:32:45+00:00","description":"Modu\u0142owa \u0142awka parkowa Jada u\u0142atwia tworzenie kompletnych przestrzeni do siedzenia. Z \u0142awk\u0105 Jada mo\u017cesz tworzy\u0107 niesko\u0144czone kombinacje. Sprawd\u017a mo\u017cliwo\u015bci na naszej stronie!","breadcrumb":{"@id":"https:\/\/extery.com\/pl\/produkty\/modulowa-lawka-parkowa-jada\/#breadcrumb"},"inLanguage":"pl-PL","potentialAction":[{"@type":"ReadAction","target":["https:\/\/extery.com\/pl\/produkty\/modulowa-lawka-parkowa-jada\/"]}]},{"@type":"ImageObject","inLanguage":"pl-PL","@id":"https:\/\/extery.com\/pl\/produkty\/modulowa-lawka-parkowa-jada\/#primaryimage","url":"https:\/\/extery.com\/wp-content\/uploads\/2025\/10\/jada-set-1.jpg","contentUrl":"https:\/\/extery.com\/wp-content\/uploads\/2025\/10\/jada-set-1.jpg","width":1094,"height":1095},{"@type":"BreadcrumbList","@id":"https:\/\/extery.com\/pl\/produkty\/modulowa-lawka-parkowa-jada\/#breadcrumb","itemListElement":[{"@type":"ListItem","position":1,"name":"Home","item":"https:\/\/extery.com\/pl\/"},{"@type":"ListItem","position":2,"name":"Produkty","item":"https:\/\/extery.com\/tooted\/"},{"@type":"ListItem","position":3,"name":"modu\u0142owa \u0142awka parkowa JADA"}]},{"@type":"WebSite","@id":"https:\/\/extery.com\/pl\/#website","url":"https:\/\/extery.com\/pl\/","name":"Extery","description":"","publisher":{"@id":"https:\/\/extery.com\/pl\/#organization"},"potentialAction":[{"@type":"SearchAction","target":{"@type":"EntryPoint","urlTemplate":"https:\/\/extery.com\/pl\/?s={search_term_string}"},"query-input":{"@type":"PropertyValueSpecification","valueRequired":true,"valueName":"search_term_string"}}],"inLanguage":"pl-PL"},{"@type":"Organization","@id":"https:\/\/extery.com\/pl\/#organization","name":"Extery","url":"https:\/\/extery.com\/pl\/","logo":{"@type":"ImageObject","inLanguage":"pl-PL","@id":"https:\/\/extery.com\/pl\/#\/schema\/logo\/image\/","url":"https:\/\/extery.com\/wp-content\/uploads\/2023\/11\/footer-logo.svg","contentUrl":"https:\/\/extery.com\/wp-content\/uploads\/2023\/11\/footer-logo.svg","caption":"Extery "},"image":{"@id":"https:\/\/extery.com\/pl\/#\/schema\/logo\/image\/"}}]}},"_links":{"self":[{"href":"https:\/\/extery.com\/pl\/wp-json\/wp\/v2\/product\/63604","targetHints":{"allow":["GET"]}}],"collection":[{"href":"https:\/\/extery.com\/pl\/wp-json\/wp\/v2\/product"}],"about":[{"href":"https:\/\/extery.com\/pl\/wp-json\/wp\/v2\/types\/product"}],"replies":[{"embeddable":true,"href":"https:\/\/extery.com\/pl\/wp-json\/wp\/v2\/comments?post=63604"}],"wp:featuredmedia":[{"embeddable":true,"href":"https:\/\/extery.com\/pl\/wp-json\/wp\/v2\/media\/59008"}],"wp:attachment":[{"href":"https:\/\/extery.com\/pl\/wp-json\/wp\/v2\/media?parent=63604"}],"wp:term":[{"taxonomy":"product_brand","embeddable":true,"href":"https:\/\/extery.com\/pl\/wp-json\/wp\/v2\/product_brand?post=63604"},{"taxonomy":"product_cat","embeddable":true,"href":"https:\/\/extery.com\/pl\/wp-json\/wp\/v2\/product_cat?post=63604"},{"taxonomy":"product_tag","embeddable":true,"href":"https:\/\/extery.com\/pl\/wp-json\/wp\/v2\/product_tag?post=63604"}],"curies":[{"name":"wp","href":"https:\/\/api.w.org\/{rel}","templated":true}]}}