{"id":63605,"date":"2020-11-13T07:56:52","date_gmt":"2020-11-13T07:56:52","guid":{"rendered":"https:\/\/extery.com\/tooted\/dogstation-m3\/"},"modified":"2026-05-02T18:41:11","modified_gmt":"2026-05-02T18:41:11","slug":"dogstation-m3","status":"publish","type":"product","link":"https:\/\/extery.com\/pl\/produkty\/dogstation-m3\/","title":{"rendered":"DogStation M3"},"content":{"rendered":"<p>DogStation M3 to rozwi\u0105zanie do sprz\u0105tania po zwierz\u0119tach, \u0142\u0105cz\u0105ce w sobie kosz na \u015bmieci i uchwyt na czyste plastikowe worki.<\/p>\n<p>Lubisz spacerowa\u0107 po czystym parku i po ulicach swojego domu. Zamiast bacznie obserwowa\u0107 swoje stopy, wolisz obserwowa\u0107 chmury i ludzi nadchodz\u0105cych z przeciwka. Urok czystej przestrzeni miejskiej polega na tym, \u017ce jest mniej powod\u00f3w do zmartwie\u0144.<br \/>\nObecno\u015b\u0107 DogStation w przestrzeni miejskiej jest nie tylko praktyczna \u2013 to tak\u017ce wyraz zami\u0142owania do czysto\u015bci i dba\u0142o\u015bci.<\/p>\n","protected":false},"excerpt":{"rendered":"<p>DogStation M3 to rozwi\u0105zanie do sprz\u0105tania po zwierz\u0119tach, \u0142\u0105cz\u0105ce w sobie kosz na \u015bmieci i uchwyt na czyste plastikowe worki. Lubisz spacerowa\u0107 po czystym parku i po ulicach swojego domu. Zamiast bacznie obserwowa\u0107 swoje stopy, wolisz obserwowa\u0107 chmury i ludzi nadchodz\u0105cych z przeciwka. Urok czystej przestrzeni miejskiej polega na tym, \u017ce jest mniej powod\u00f3w do [&hellip;]<\/p>\n","protected":false},"featured_media":60879,"comment_status":"open","ping_status":"closed","template":"","meta":{"_acf_changed":false},"product_brand":[],"product_cat":[375],"product_tag":[],"class_list":{"0":"post-63605","1":"product","2":"type-product","3":"status-publish","4":"has-post-thumbnail","6":"product_cat-kosze-na-smieci","8":"first","9":"instock","10":"shipping-taxable","11":"product-type-simple"},"acf":[],"yoast_head":"<!-- This site is optimized with the Yoast SEO plugin v26.4 - https:\/\/yoast.com\/wordpress\/plugins\/seo\/ -->\n<title>DogStation M3 - Extery zbi\u00f3rka mebli miejskich kosze na \u015bmieci<\/title>\n<meta name=\"description\" content=\"DogStation M3 to urz\u0105dzenie do czyszczenia zwierz\u0105t domowych, kt\u00f3re \u0142\u0105czy w sobie pojemnik na odchody i uchwyt na czyste plastikowe torby.\" \/>\n<meta name=\"robots\" content=\"index, follow, max-snippet:-1, max-image-preview:large, max-video-preview:-1\" \/>\n<link rel=\"canonical\" href=\"https:\/\/extery.com\/pl\/produkty\/dogstation-m3\/\" \/>\n<meta property=\"og:locale\" content=\"pl_PL\" \/>\n<meta property=\"og:type\" content=\"article\" \/>\n<meta property=\"og:title\" content=\"DogStation M3 - Extery zbi\u00f3rka mebli miejskich kosze na \u015bmieci\" \/>\n<meta property=\"og:description\" content=\"DogStation M3 to urz\u0105dzenie do czyszczenia zwierz\u0105t domowych, kt\u00f3re \u0142\u0105czy w sobie pojemnik na odchody i uchwyt na czyste plastikowe torby.\" \/>\n<meta property=\"og:url\" content=\"https:\/\/extery.com\/pl\/produkty\/dogstation-m3\/\" \/>\n<meta property=\"og:site_name\" content=\"Extery\" \/>\n<meta property=\"article:modified_time\" content=\"2026-05-02T18:41:11+00:00\" \/>\n<meta property=\"og:image\" content=\"https:\/\/extery.com\/wp-content\/uploads\/2020\/11\/Dogstation-M3-K-scaled.jpg\" \/>\n\t<meta property=\"og:image:width\" content=\"2560\" \/>\n\t<meta property=\"og:image:height\" content=\"1707\" \/>\n\t<meta property=\"og:image:type\" content=\"image\/jpeg\" \/>\n<meta name=\"twitter:card\" content=\"summary_large_image\" \/>\n<meta name=\"twitter:label1\" content=\"Szacowany czas czytania\" \/>\n\t<meta name=\"twitter:data1\" content=\"1 minuta\" \/>\n<script type=\"application\/ld+json\" class=\"yoast-schema-graph\">{\"@context\":\"https:\/\/schema.org\",\"@graph\":[{\"@type\":\"WebPage\",\"@id\":\"https:\/\/extery.com\/pl\/produkty\/dogstation-m3\/\",\"url\":\"https:\/\/extery.com\/pl\/produkty\/dogstation-m3\/\",\"name\":\"DogStation M3 - Extery zbi\u00f3rka mebli miejskich kosze na \u015bmieci\",\"isPartOf\":{\"@id\":\"https:\/\/extery.com\/pl\/#website\"},\"primaryImageOfPage\":{\"@id\":\"https:\/\/extery.com\/pl\/produkty\/dogstation-m3\/#primaryimage\"},\"image\":{\"@id\":\"https:\/\/extery.com\/pl\/produkty\/dogstation-m3\/#primaryimage\"},\"thumbnailUrl\":\"https:\/\/extery.com\/wp-content\/uploads\/2020\/11\/Dogstation-M3-K-scaled.jpg\",\"datePublished\":\"2020-11-13T07:56:52+00:00\",\"dateModified\":\"2026-05-02T18:41:11+00:00\",\"description\":\"DogStation M3 to urz\u0105dzenie do czyszczenia zwierz\u0105t domowych, kt\u00f3re \u0142\u0105czy w sobie pojemnik na odchody i uchwyt na czyste plastikowe torby.\",\"breadcrumb\":{\"@id\":\"https:\/\/extery.com\/pl\/produkty\/dogstation-m3\/#breadcrumb\"},\"inLanguage\":\"pl-PL\",\"potentialAction\":[{\"@type\":\"ReadAction\",\"target\":[\"https:\/\/extery.com\/pl\/produkty\/dogstation-m3\/\"]}]},{\"@type\":\"ImageObject\",\"inLanguage\":\"pl-PL\",\"@id\":\"https:\/\/extery.com\/pl\/produkty\/dogstation-m3\/#primaryimage\",\"url\":\"https:\/\/extery.com\/wp-content\/uploads\/2020\/11\/Dogstation-M3-K-scaled.jpg\",\"contentUrl\":\"https:\/\/extery.com\/wp-content\/uploads\/2020\/11\/Dogstation-M3-K-scaled.jpg\",\"width\":2560,\"height\":1707},{\"@type\":\"BreadcrumbList\",\"@id\":\"https:\/\/extery.com\/pl\/produkty\/dogstation-m3\/#breadcrumb\",\"itemListElement\":[{\"@type\":\"ListItem\",\"position\":1,\"name\":\"Home\",\"item\":\"https:\/\/extery.com\/pl\/\"},{\"@type\":\"ListItem\",\"position\":2,\"name\":\"Produkty\",\"item\":\"https:\/\/extery.com\/tooted\/\"},{\"@type\":\"ListItem\",\"position\":3,\"name\":\"DogStation M3\"}]},{\"@type\":\"WebSite\",\"@id\":\"https:\/\/extery.com\/pl\/#website\",\"url\":\"https:\/\/extery.com\/pl\/\",\"name\":\"Extery\",\"description\":\"\",\"publisher\":{\"@id\":\"https:\/\/extery.com\/pl\/#organization\"},\"potentialAction\":[{\"@type\":\"SearchAction\",\"target\":{\"@type\":\"EntryPoint\",\"urlTemplate\":\"https:\/\/extery.com\/pl\/?s={search_term_string}\"},\"query-input\":{\"@type\":\"PropertyValueSpecification\",\"valueRequired\":true,\"valueName\":\"search_term_string\"}}],\"inLanguage\":\"pl-PL\"},{\"@type\":\"Organization\",\"@id\":\"https:\/\/extery.com\/pl\/#organization\",\"name\":\"Extery\",\"url\":\"https:\/\/extery.com\/pl\/\",\"logo\":{\"@type\":\"ImageObject\",\"inLanguage\":\"pl-PL\",\"@id\":\"https:\/\/extery.com\/pl\/#\/schema\/logo\/image\/\",\"url\":\"https:\/\/extery.com\/wp-content\/uploads\/2023\/11\/footer-logo.svg\",\"contentUrl\":\"https:\/\/extery.com\/wp-content\/uploads\/2023\/11\/footer-logo.svg\",\"caption\":\"Extery \"},\"image\":{\"@id\":\"https:\/\/extery.com\/pl\/#\/schema\/logo\/image\/\"}}]}<\/script>\n<!-- \/ Yoast SEO plugin. -->","yoast_head_json":{"title":"DogStation M3 - Extery zbi\u00f3rka mebli miejskich kosze na \u015bmieci","description":"DogStation M3 to urz\u0105dzenie do czyszczenia zwierz\u0105t domowych, kt\u00f3re \u0142\u0105czy w sobie pojemnik na odchody i uchwyt na czyste plastikowe torby.","robots":{"index":"index","follow":"follow","max-snippet":"max-snippet:-1","max-image-preview":"max-image-preview:large","max-video-preview":"max-video-preview:-1"},"canonical":"https:\/\/extery.com\/pl\/produkty\/dogstation-m3\/","og_locale":"pl_PL","og_type":"article","og_title":"DogStation M3 - Extery zbi\u00f3rka mebli miejskich kosze na \u015bmieci","og_description":"DogStation M3 to urz\u0105dzenie do czyszczenia zwierz\u0105t domowych, kt\u00f3re \u0142\u0105czy w sobie pojemnik na odchody i uchwyt na czyste plastikowe torby.","og_url":"https:\/\/extery.com\/pl\/produkty\/dogstation-m3\/","og_site_name":"Extery","article_modified_time":"2026-05-02T18:41:11+00:00","og_image":[{"width":2560,"height":1707,"url":"https:\/\/extery.com\/wp-content\/uploads\/2020\/11\/Dogstation-M3-K-scaled.jpg","type":"image\/jpeg"}],"twitter_card":"summary_large_image","twitter_misc":{"Szacowany czas czytania":"1 minuta"},"schema":{"@context":"https:\/\/schema.org","@graph":[{"@type":"WebPage","@id":"https:\/\/extery.com\/pl\/produkty\/dogstation-m3\/","url":"https:\/\/extery.com\/pl\/produkty\/dogstation-m3\/","name":"DogStation M3 - Extery zbi\u00f3rka mebli miejskich kosze na \u015bmieci","isPartOf":{"@id":"https:\/\/extery.com\/pl\/#website"},"primaryImageOfPage":{"@id":"https:\/\/extery.com\/pl\/produkty\/dogstation-m3\/#primaryimage"},"image":{"@id":"https:\/\/extery.com\/pl\/produkty\/dogstation-m3\/#primaryimage"},"thumbnailUrl":"https:\/\/extery.com\/wp-content\/uploads\/2020\/11\/Dogstation-M3-K-scaled.jpg","datePublished":"2020-11-13T07:56:52+00:00","dateModified":"2026-05-02T18:41:11+00:00","description":"DogStation M3 to urz\u0105dzenie do czyszczenia zwierz\u0105t domowych, kt\u00f3re \u0142\u0105czy w sobie pojemnik na odchody i uchwyt na czyste plastikowe torby.","breadcrumb":{"@id":"https:\/\/extery.com\/pl\/produkty\/dogstation-m3\/#breadcrumb"},"inLanguage":"pl-PL","potentialAction":[{"@type":"ReadAction","target":["https:\/\/extery.com\/pl\/produkty\/dogstation-m3\/"]}]},{"@type":"ImageObject","inLanguage":"pl-PL","@id":"https:\/\/extery.com\/pl\/produkty\/dogstation-m3\/#primaryimage","url":"https:\/\/extery.com\/wp-content\/uploads\/2020\/11\/Dogstation-M3-K-scaled.jpg","contentUrl":"https:\/\/extery.com\/wp-content\/uploads\/2020\/11\/Dogstation-M3-K-scaled.jpg","width":2560,"height":1707},{"@type":"BreadcrumbList","@id":"https:\/\/extery.com\/pl\/produkty\/dogstation-m3\/#breadcrumb","itemListElement":[{"@type":"ListItem","position":1,"name":"Home","item":"https:\/\/extery.com\/pl\/"},{"@type":"ListItem","position":2,"name":"Produkty","item":"https:\/\/extery.com\/tooted\/"},{"@type":"ListItem","position":3,"name":"DogStation M3"}]},{"@type":"WebSite","@id":"https:\/\/extery.com\/pl\/#website","url":"https:\/\/extery.com\/pl\/","name":"Extery","description":"","publisher":{"@id":"https:\/\/extery.com\/pl\/#organization"},"potentialAction":[{"@type":"SearchAction","target":{"@type":"EntryPoint","urlTemplate":"https:\/\/extery.com\/pl\/?s={search_term_string}"},"query-input":{"@type":"PropertyValueSpecification","valueRequired":true,"valueName":"search_term_string"}}],"inLanguage":"pl-PL"},{"@type":"Organization","@id":"https:\/\/extery.com\/pl\/#organization","name":"Extery","url":"https:\/\/extery.com\/pl\/","logo":{"@type":"ImageObject","inLanguage":"pl-PL","@id":"https:\/\/extery.com\/pl\/#\/schema\/logo\/image\/","url":"https:\/\/extery.com\/wp-content\/uploads\/2023\/11\/footer-logo.svg","contentUrl":"https:\/\/extery.com\/wp-content\/uploads\/2023\/11\/footer-logo.svg","caption":"Extery "},"image":{"@id":"https:\/\/extery.com\/pl\/#\/schema\/logo\/image\/"}}]}},"_links":{"self":[{"href":"https:\/\/extery.com\/pl\/wp-json\/wp\/v2\/product\/63605","targetHints":{"allow":["GET"]}}],"collection":[{"href":"https:\/\/extery.com\/pl\/wp-json\/wp\/v2\/product"}],"about":[{"href":"https:\/\/extery.com\/pl\/wp-json\/wp\/v2\/types\/product"}],"replies":[{"embeddable":true,"href":"https:\/\/extery.com\/pl\/wp-json\/wp\/v2\/comments?post=63605"}],"wp:featuredmedia":[{"embeddable":true,"href":"https:\/\/extery.com\/pl\/wp-json\/wp\/v2\/media\/60879"}],"wp:attachment":[{"href":"https:\/\/extery.com\/pl\/wp-json\/wp\/v2\/media?parent=63605"}],"wp:term":[{"taxonomy":"product_brand","embeddable":true,"href":"https:\/\/extery.com\/pl\/wp-json\/wp\/v2\/product_brand?post=63605"},{"taxonomy":"product_cat","embeddable":true,"href":"https:\/\/extery.com\/pl\/wp-json\/wp\/v2\/product_cat?post=63605"},{"taxonomy":"product_tag","embeddable":true,"href":"https:\/\/extery.com\/pl\/wp-json\/wp\/v2\/product_tag?post=63605"}],"curies":[{"name":"wp","href":"https:\/\/api.w.org\/{rel}","templated":true}]}}