{"id":63608,"date":"2020-11-12T15:11:06","date_gmt":"2020-11-12T15:11:06","guid":{"rendered":"https:\/\/extery.com\/tooted\/kosz-na-smieci-net-30-100\/"},"modified":"2026-05-02T18:24:44","modified_gmt":"2026-05-02T18:24:44","slug":"kosz-na-smieci-net-30-100","status":"publish","type":"product","link":"https:\/\/extery.com\/pl\/produkty\/kosz-na-smieci-net-30-100\/","title":{"rendered":"Kosz na \u015bmieci Net 30\/100"},"content":{"rendered":"<p>Lekkie i zr\u00f3wnowa\u017cone po\u0142\u0105czenie drewna i metalu w koszach na \u015bmieci Net 30 i Net 100 nadaje im odpowiedni akcent ekskluzywno\u015bci. Perforowane panele przednie i tylne dodaj\u0105 charakteru i sprawiaj\u0105, \u017ce kosz na \u015bmieci jest wizualnie lekki, idealnie pasuj\u0105c nie tylko na ulicach miast, ale tak\u017ce do przestrzeni publicznych.<\/p>\n<p><iframe loading=\"lazy\" title=\"Waste bin NET100 by EXTERY urban furniture\" width=\"500\" height=\"281\" src=\"https:\/\/www.youtube.com\/embed\/jr-g7r1k5gg?feature=oembed\" frameborder=\"0\" allow=\"accelerometer; autoplay; clipboard-write; encrypted-media; gyroscope; picture-in-picture; web-share\" referrerpolicy=\"strict-origin-when-cross-origin\" allowfullscreen><\/iframe><\/p>\n<p>Kosze na \u015bmieci Net 30 i Net 100 mo\u017cna otworzy\u0107 od g\u00f3ry za pomoc\u0105 tr\u00f3jk\u0105tnego klucza, a pojemnik w \u015brodku zapewnia wygodn\u0105 konserwacj\u0119.<\/p>\n","protected":false},"excerpt":{"rendered":"<p>Lekkie i zr\u00f3wnowa\u017cone po\u0142\u0105czenie drewna i metalu w koszach na \u015bmieci Net 30 i Net 100 nadaje im odpowiedni akcent ekskluzywno\u015bci. Perforowane panele przednie i tylne dodaj\u0105 charakteru i sprawiaj\u0105, \u017ce kosz na \u015bmieci jest wizualnie lekki, idealnie pasuj\u0105c nie tylko na ulicach miast, ale tak\u017ce do przestrzeni publicznych. Kosze na \u015bmieci Net 30 i [&hellip;]<\/p>\n","protected":false},"featured_media":60882,"comment_status":"open","ping_status":"closed","template":"","meta":{"_acf_changed":false},"product_brand":[],"product_cat":[375],"product_tag":[],"class_list":{"0":"post-63608","1":"product","2":"type-product","3":"status-publish","4":"has-post-thumbnail","6":"product_cat-kosze-na-smieci","8":"first","9":"instock","10":"shipping-taxable","11":"product-type-simple"},"acf":[],"yoast_head":"<!-- This site is optimized with the Yoast SEO plugin v26.4 - https:\/\/yoast.com\/wordpress\/plugins\/seo\/ -->\n<title>Kosz na \u015bmieci Net 30\/100 - Extery<\/title>\n<meta name=\"description\" content=\"Lekka i harmonijna kompozycja drewna i metalu w koszach na \u015bmieci Net 30 i Net 100 nadaje im odpowiednio ekskluzywny charakter.\" \/>\n<meta name=\"robots\" content=\"index, follow, max-snippet:-1, max-image-preview:large, max-video-preview:-1\" \/>\n<link rel=\"canonical\" href=\"https:\/\/extery.com\/pl\/produkty\/kosz-na-smieci-net-30-100\/\" \/>\n<meta property=\"og:locale\" content=\"pl_PL\" \/>\n<meta property=\"og:type\" content=\"article\" \/>\n<meta property=\"og:title\" content=\"Kosz na \u015bmieci Net 30\/100 - Extery\" \/>\n<meta property=\"og:description\" content=\"Lekka i harmonijna kompozycja drewna i metalu w koszach na \u015bmieci Net 30 i Net 100 nadaje im odpowiednio ekskluzywny charakter.\" \/>\n<meta property=\"og:url\" content=\"https:\/\/extery.com\/pl\/produkty\/kosz-na-smieci-net-30-100\/\" \/>\n<meta property=\"og:site_name\" content=\"Extery\" \/>\n<meta property=\"article:modified_time\" content=\"2026-05-02T18:24:44+00:00\" \/>\n<meta property=\"og:image\" content=\"https:\/\/extery.com\/wp-content\/uploads\/2020\/11\/Net100-E-scaled.jpg\" \/>\n\t<meta property=\"og:image:width\" content=\"2560\" \/>\n\t<meta property=\"og:image:height\" content=\"1707\" \/>\n\t<meta property=\"og:image:type\" content=\"image\/jpeg\" \/>\n<meta name=\"twitter:card\" content=\"summary_large_image\" \/>\n<meta name=\"twitter:label1\" content=\"Szacowany czas czytania\" \/>\n\t<meta name=\"twitter:data1\" content=\"1 minuta\" \/>\n<script type=\"application\/ld+json\" class=\"yoast-schema-graph\">{\"@context\":\"https:\/\/schema.org\",\"@graph\":[{\"@type\":\"WebPage\",\"@id\":\"https:\/\/extery.com\/pl\/produkty\/kosz-na-smieci-net-30-100\/\",\"url\":\"https:\/\/extery.com\/pl\/produkty\/kosz-na-smieci-net-30-100\/\",\"name\":\"Kosz na \u015bmieci Net 30\/100 - Extery\",\"isPartOf\":{\"@id\":\"https:\/\/extery.com\/pl\/#website\"},\"primaryImageOfPage\":{\"@id\":\"https:\/\/extery.com\/pl\/produkty\/kosz-na-smieci-net-30-100\/#primaryimage\"},\"image\":{\"@id\":\"https:\/\/extery.com\/pl\/produkty\/kosz-na-smieci-net-30-100\/#primaryimage\"},\"thumbnailUrl\":\"https:\/\/extery.com\/wp-content\/uploads\/2020\/11\/Net100-E-scaled.jpg\",\"datePublished\":\"2020-11-12T15:11:06+00:00\",\"dateModified\":\"2026-05-02T18:24:44+00:00\",\"description\":\"Lekka i harmonijna kompozycja drewna i metalu w koszach na \u015bmieci Net 30 i Net 100 nadaje im odpowiednio ekskluzywny charakter.\",\"breadcrumb\":{\"@id\":\"https:\/\/extery.com\/pl\/produkty\/kosz-na-smieci-net-30-100\/#breadcrumb\"},\"inLanguage\":\"pl-PL\",\"potentialAction\":[{\"@type\":\"ReadAction\",\"target\":[\"https:\/\/extery.com\/pl\/produkty\/kosz-na-smieci-net-30-100\/\"]}]},{\"@type\":\"ImageObject\",\"inLanguage\":\"pl-PL\",\"@id\":\"https:\/\/extery.com\/pl\/produkty\/kosz-na-smieci-net-30-100\/#primaryimage\",\"url\":\"https:\/\/extery.com\/wp-content\/uploads\/2020\/11\/Net100-E-scaled.jpg\",\"contentUrl\":\"https:\/\/extery.com\/wp-content\/uploads\/2020\/11\/Net100-E-scaled.jpg\",\"width\":2560,\"height\":1707},{\"@type\":\"BreadcrumbList\",\"@id\":\"https:\/\/extery.com\/pl\/produkty\/kosz-na-smieci-net-30-100\/#breadcrumb\",\"itemListElement\":[{\"@type\":\"ListItem\",\"position\":1,\"name\":\"Home\",\"item\":\"https:\/\/extery.com\/pl\/\"},{\"@type\":\"ListItem\",\"position\":2,\"name\":\"Produkty\",\"item\":\"https:\/\/extery.com\/tooted\/\"},{\"@type\":\"ListItem\",\"position\":3,\"name\":\"Kosz na \u015bmieci Net 30\/100\"}]},{\"@type\":\"WebSite\",\"@id\":\"https:\/\/extery.com\/pl\/#website\",\"url\":\"https:\/\/extery.com\/pl\/\",\"name\":\"Extery\",\"description\":\"\",\"publisher\":{\"@id\":\"https:\/\/extery.com\/pl\/#organization\"},\"potentialAction\":[{\"@type\":\"SearchAction\",\"target\":{\"@type\":\"EntryPoint\",\"urlTemplate\":\"https:\/\/extery.com\/pl\/?s={search_term_string}\"},\"query-input\":{\"@type\":\"PropertyValueSpecification\",\"valueRequired\":true,\"valueName\":\"search_term_string\"}}],\"inLanguage\":\"pl-PL\"},{\"@type\":\"Organization\",\"@id\":\"https:\/\/extery.com\/pl\/#organization\",\"name\":\"Extery\",\"url\":\"https:\/\/extery.com\/pl\/\",\"logo\":{\"@type\":\"ImageObject\",\"inLanguage\":\"pl-PL\",\"@id\":\"https:\/\/extery.com\/pl\/#\/schema\/logo\/image\/\",\"url\":\"https:\/\/extery.com\/wp-content\/uploads\/2023\/11\/footer-logo.svg\",\"contentUrl\":\"https:\/\/extery.com\/wp-content\/uploads\/2023\/11\/footer-logo.svg\",\"caption\":\"Extery \"},\"image\":{\"@id\":\"https:\/\/extery.com\/pl\/#\/schema\/logo\/image\/\"}}]}<\/script>\n<!-- \/ Yoast SEO plugin. -->","yoast_head_json":{"title":"Kosz na \u015bmieci Net 30\/100 - Extery","description":"Lekka i harmonijna kompozycja drewna i metalu w koszach na \u015bmieci Net 30 i Net 100 nadaje im odpowiednio ekskluzywny charakter.","robots":{"index":"index","follow":"follow","max-snippet":"max-snippet:-1","max-image-preview":"max-image-preview:large","max-video-preview":"max-video-preview:-1"},"canonical":"https:\/\/extery.com\/pl\/produkty\/kosz-na-smieci-net-30-100\/","og_locale":"pl_PL","og_type":"article","og_title":"Kosz na \u015bmieci Net 30\/100 - Extery","og_description":"Lekka i harmonijna kompozycja drewna i metalu w koszach na \u015bmieci Net 30 i Net 100 nadaje im odpowiednio ekskluzywny charakter.","og_url":"https:\/\/extery.com\/pl\/produkty\/kosz-na-smieci-net-30-100\/","og_site_name":"Extery","article_modified_time":"2026-05-02T18:24:44+00:00","og_image":[{"width":2560,"height":1707,"url":"https:\/\/extery.com\/wp-content\/uploads\/2020\/11\/Net100-E-scaled.jpg","type":"image\/jpeg"}],"twitter_card":"summary_large_image","twitter_misc":{"Szacowany czas czytania":"1 minuta"},"schema":{"@context":"https:\/\/schema.org","@graph":[{"@type":"WebPage","@id":"https:\/\/extery.com\/pl\/produkty\/kosz-na-smieci-net-30-100\/","url":"https:\/\/extery.com\/pl\/produkty\/kosz-na-smieci-net-30-100\/","name":"Kosz na \u015bmieci Net 30\/100 - Extery","isPartOf":{"@id":"https:\/\/extery.com\/pl\/#website"},"primaryImageOfPage":{"@id":"https:\/\/extery.com\/pl\/produkty\/kosz-na-smieci-net-30-100\/#primaryimage"},"image":{"@id":"https:\/\/extery.com\/pl\/produkty\/kosz-na-smieci-net-30-100\/#primaryimage"},"thumbnailUrl":"https:\/\/extery.com\/wp-content\/uploads\/2020\/11\/Net100-E-scaled.jpg","datePublished":"2020-11-12T15:11:06+00:00","dateModified":"2026-05-02T18:24:44+00:00","description":"Lekka i harmonijna kompozycja drewna i metalu w koszach na \u015bmieci Net 30 i Net 100 nadaje im odpowiednio ekskluzywny charakter.","breadcrumb":{"@id":"https:\/\/extery.com\/pl\/produkty\/kosz-na-smieci-net-30-100\/#breadcrumb"},"inLanguage":"pl-PL","potentialAction":[{"@type":"ReadAction","target":["https:\/\/extery.com\/pl\/produkty\/kosz-na-smieci-net-30-100\/"]}]},{"@type":"ImageObject","inLanguage":"pl-PL","@id":"https:\/\/extery.com\/pl\/produkty\/kosz-na-smieci-net-30-100\/#primaryimage","url":"https:\/\/extery.com\/wp-content\/uploads\/2020\/11\/Net100-E-scaled.jpg","contentUrl":"https:\/\/extery.com\/wp-content\/uploads\/2020\/11\/Net100-E-scaled.jpg","width":2560,"height":1707},{"@type":"BreadcrumbList","@id":"https:\/\/extery.com\/pl\/produkty\/kosz-na-smieci-net-30-100\/#breadcrumb","itemListElement":[{"@type":"ListItem","position":1,"name":"Home","item":"https:\/\/extery.com\/pl\/"},{"@type":"ListItem","position":2,"name":"Produkty","item":"https:\/\/extery.com\/tooted\/"},{"@type":"ListItem","position":3,"name":"Kosz na \u015bmieci Net 30\/100"}]},{"@type":"WebSite","@id":"https:\/\/extery.com\/pl\/#website","url":"https:\/\/extery.com\/pl\/","name":"Extery","description":"","publisher":{"@id":"https:\/\/extery.com\/pl\/#organization"},"potentialAction":[{"@type":"SearchAction","target":{"@type":"EntryPoint","urlTemplate":"https:\/\/extery.com\/pl\/?s={search_term_string}"},"query-input":{"@type":"PropertyValueSpecification","valueRequired":true,"valueName":"search_term_string"}}],"inLanguage":"pl-PL"},{"@type":"Organization","@id":"https:\/\/extery.com\/pl\/#organization","name":"Extery","url":"https:\/\/extery.com\/pl\/","logo":{"@type":"ImageObject","inLanguage":"pl-PL","@id":"https:\/\/extery.com\/pl\/#\/schema\/logo\/image\/","url":"https:\/\/extery.com\/wp-content\/uploads\/2023\/11\/footer-logo.svg","contentUrl":"https:\/\/extery.com\/wp-content\/uploads\/2023\/11\/footer-logo.svg","caption":"Extery "},"image":{"@id":"https:\/\/extery.com\/pl\/#\/schema\/logo\/image\/"}}]}},"_links":{"self":[{"href":"https:\/\/extery.com\/pl\/wp-json\/wp\/v2\/product\/63608","targetHints":{"allow":["GET"]}}],"collection":[{"href":"https:\/\/extery.com\/pl\/wp-json\/wp\/v2\/product"}],"about":[{"href":"https:\/\/extery.com\/pl\/wp-json\/wp\/v2\/types\/product"}],"replies":[{"embeddable":true,"href":"https:\/\/extery.com\/pl\/wp-json\/wp\/v2\/comments?post=63608"}],"wp:featuredmedia":[{"embeddable":true,"href":"https:\/\/extery.com\/pl\/wp-json\/wp\/v2\/media\/60882"}],"wp:attachment":[{"href":"https:\/\/extery.com\/pl\/wp-json\/wp\/v2\/media?parent=63608"}],"wp:term":[{"taxonomy":"product_brand","embeddable":true,"href":"https:\/\/extery.com\/pl\/wp-json\/wp\/v2\/product_brand?post=63608"},{"taxonomy":"product_cat","embeddable":true,"href":"https:\/\/extery.com\/pl\/wp-json\/wp\/v2\/product_cat?post=63608"},{"taxonomy":"product_tag","embeddable":true,"href":"https:\/\/extery.com\/pl\/wp-json\/wp\/v2\/product_tag?post=63608"}],"curies":[{"name":"wp","href":"https:\/\/api.w.org\/{rel}","templated":true}]}}