{"id":63610,"date":"2023-06-08T10:39:48","date_gmt":"2023-06-08T10:39:48","guid":{"rendered":"https:\/\/extery.com\/tooted\/doniczka-na-rosliny-jada\/"},"modified":"2026-04-30T12:53:52","modified_gmt":"2026-04-30T12:53:52","slug":"doniczka-na-rosliny-jada","status":"publish","type":"product","link":"https:\/\/extery.com\/pl\/produkty\/doniczka-na-rosliny-jada\/","title":{"rendered":"doniczka na ro\u015bliny Jada"},"content":{"rendered":"<p>Donica Jada pomaga stworzy\u0107 przytulne, zielone zak\u0105tki w przestrzeni miejskiej, nadaj\u0105c im rytm i obj\u0119to\u015b\u0107, jakich dusza zapragnie. Dost\u0119pna jest w trzech r\u00f3\u017cnych rozmiarach, co pozwala na elastyczne i kreatywne podej\u015bcie do aran\u017cacji przestrzeni.<\/p>\n<p>Zawarto\u015b\u0107 i rama donicy wykonane s\u0105 z ocynkowanej ogniowo i malowanej proszkowo blachy stalowej, co sprawia, \u017ce \u200b\u200bprodukt jest wyj\u0105tkowo odporny na wilgo\u0107 i warunki atmosferyczne. Wysokiej jako\u015bci, bezs\u0119czne drewniane deski na zewn\u0119trznych bokach dodaj\u0105 naturalnego uroku i mi\u0119kko\u015bci. Donica Jada pozwoli Ci wnie\u015b\u0107 odrobin\u0119 natury i ciep\u0142a nawet do najbardziej surowej architektury.<\/p>\n<p>Donica Jada to jeden z element\u00f3w wi\u0119kszej rodziny Jada, obejmuj\u0105cej r\u00f3wnie\u017c r\u00f3\u017cne modu\u0142y \u0142awek parkowych, dzi\u0119ki kt\u00f3rym mo\u017cesz tworzy\u0107 niesko\u0144czenie ekscytuj\u0105ce rozwi\u0105zania dla ka\u017cdej przestrzeni miejskiej.<\/p>\n<p>&nbsp;<\/p>\n","protected":false},"excerpt":{"rendered":"<p>Donica Jada pomaga stworzy\u0107 przytulne, zielone zak\u0105tki w przestrzeni miejskiej, nadaj\u0105c im rytm i obj\u0119to\u015b\u0107, jakich dusza zapragnie. Dost\u0119pna jest w trzech r\u00f3\u017cnych rozmiarach, co pozwala na elastyczne i kreatywne podej\u015bcie do aran\u017cacji przestrzeni. Zawarto\u015b\u0107 i rama donicy wykonane s\u0105 z ocynkowanej ogniowo i malowanej proszkowo blachy stalowej, co sprawia, \u017ce \u200b\u200bprodukt jest wyj\u0105tkowo odporny [&hellip;]<\/p>\n","protected":false},"featured_media":62517,"comment_status":"open","ping_status":"closed","template":"","meta":{"_acf_changed":false},"product_brand":[],"product_cat":[379],"product_tag":[],"class_list":{"0":"post-63610","1":"product","2":"type-product","3":"status-publish","4":"has-post-thumbnail","6":"product_cat-elementy-przestrzeni-miejskiej","7":"product-family-jada","9":"first","10":"instock","11":"shipping-taxable","12":"product-type-simple"},"acf":[],"yoast_head":"<!-- This site is optimized with the Yoast SEO plugin v26.4 - https:\/\/yoast.com\/wordpress\/plugins\/seo\/ -->\n<title>doniczka na ro\u015bliny Jada - Extery kolekcja mebli miejskich<\/title>\n<meta name=\"description\" content=\"Doniczka Jada pomaga stworzy\u0107 przytulne zielone zak\u0105tki w przestrzeni miejskiej, nadaj\u0105c im odpowiedni rytm i obj\u0119to\u015b\u0107. Dost\u0119pna jest w trzech r\u00f3\u017cnych rozmiarach, co pozwala na elastyczne i kreatywne podej\u015bcie do aran\u017cacji przestrzeni.\" \/>\n<meta name=\"robots\" content=\"index, follow, max-snippet:-1, max-image-preview:large, max-video-preview:-1\" \/>\n<link rel=\"canonical\" href=\"https:\/\/extery.com\/pl\/produkty\/doniczka-na-rosliny-jada\/\" \/>\n<meta property=\"og:locale\" content=\"pl_PL\" \/>\n<meta property=\"og:type\" content=\"article\" \/>\n<meta property=\"og:title\" content=\"doniczka na ro\u015bliny Jada - Extery kolekcja mebli miejskich\" \/>\n<meta property=\"og:description\" content=\"Doniczka Jada pomaga stworzy\u0107 przytulne zielone zak\u0105tki w przestrzeni miejskiej, nadaj\u0105c im odpowiedni rytm i obj\u0119to\u015b\u0107. Dost\u0119pna jest w trzech r\u00f3\u017cnych rozmiarach, co pozwala na elastyczne i kreatywne podej\u015bcie do aran\u017cacji przestrzeni.\" \/>\n<meta property=\"og:url\" content=\"https:\/\/extery.com\/pl\/produkty\/doniczka-na-rosliny-jada\/\" \/>\n<meta property=\"og:site_name\" content=\"Extery\" \/>\n<meta property=\"article:modified_time\" content=\"2026-04-30T12:53:52+00:00\" \/>\n<meta property=\"og:image\" content=\"https:\/\/extery.com\/wp-content\/uploads\/2023\/06\/EXtery-Jada-planter-plants.jpg\" \/>\n\t<meta property=\"og:image:width\" content=\"1875\" \/>\n\t<meta property=\"og:image:height\" content=\"1250\" \/>\n\t<meta property=\"og:image:type\" content=\"image\/jpeg\" \/>\n<meta name=\"twitter:card\" content=\"summary_large_image\" \/>\n<meta name=\"twitter:label1\" content=\"Szacowany czas czytania\" \/>\n\t<meta name=\"twitter:data1\" content=\"1 minuta\" \/>\n<script type=\"application\/ld+json\" class=\"yoast-schema-graph\">{\"@context\":\"https:\/\/schema.org\",\"@graph\":[{\"@type\":\"WebPage\",\"@id\":\"https:\/\/extery.com\/pl\/produkty\/doniczka-na-rosliny-jada\/\",\"url\":\"https:\/\/extery.com\/pl\/produkty\/doniczka-na-rosliny-jada\/\",\"name\":\"doniczka na ro\u015bliny Jada - Extery kolekcja mebli miejskich\",\"isPartOf\":{\"@id\":\"https:\/\/extery.com\/pl\/#website\"},\"primaryImageOfPage\":{\"@id\":\"https:\/\/extery.com\/pl\/produkty\/doniczka-na-rosliny-jada\/#primaryimage\"},\"image\":{\"@id\":\"https:\/\/extery.com\/pl\/produkty\/doniczka-na-rosliny-jada\/#primaryimage\"},\"thumbnailUrl\":\"https:\/\/extery.com\/wp-content\/uploads\/2023\/06\/EXtery-Jada-planter-plants.jpg\",\"datePublished\":\"2023-06-08T10:39:48+00:00\",\"dateModified\":\"2026-04-30T12:53:52+00:00\",\"description\":\"Doniczka Jada pomaga stworzy\u0107 przytulne zielone zak\u0105tki w przestrzeni miejskiej, nadaj\u0105c im odpowiedni rytm i obj\u0119to\u015b\u0107. Dost\u0119pna jest w trzech r\u00f3\u017cnych rozmiarach, co pozwala na elastyczne i kreatywne podej\u015bcie do aran\u017cacji przestrzeni.\",\"breadcrumb\":{\"@id\":\"https:\/\/extery.com\/pl\/produkty\/doniczka-na-rosliny-jada\/#breadcrumb\"},\"inLanguage\":\"pl-PL\",\"potentialAction\":[{\"@type\":\"ReadAction\",\"target\":[\"https:\/\/extery.com\/pl\/produkty\/doniczka-na-rosliny-jada\/\"]}]},{\"@type\":\"ImageObject\",\"inLanguage\":\"pl-PL\",\"@id\":\"https:\/\/extery.com\/pl\/produkty\/doniczka-na-rosliny-jada\/#primaryimage\",\"url\":\"https:\/\/extery.com\/wp-content\/uploads\/2023\/06\/EXtery-Jada-planter-plants.jpg\",\"contentUrl\":\"https:\/\/extery.com\/wp-content\/uploads\/2023\/06\/EXtery-Jada-planter-plants.jpg\",\"width\":1875,\"height\":1250},{\"@type\":\"BreadcrumbList\",\"@id\":\"https:\/\/extery.com\/pl\/produkty\/doniczka-na-rosliny-jada\/#breadcrumb\",\"itemListElement\":[{\"@type\":\"ListItem\",\"position\":1,\"name\":\"Home\",\"item\":\"https:\/\/extery.com\/pl\/\"},{\"@type\":\"ListItem\",\"position\":2,\"name\":\"Produkty\",\"item\":\"https:\/\/extery.com\/tooted\/\"},{\"@type\":\"ListItem\",\"position\":3,\"name\":\"doniczka na ro\u015bliny Jada\"}]},{\"@type\":\"WebSite\",\"@id\":\"https:\/\/extery.com\/pl\/#website\",\"url\":\"https:\/\/extery.com\/pl\/\",\"name\":\"Extery\",\"description\":\"\",\"publisher\":{\"@id\":\"https:\/\/extery.com\/pl\/#organization\"},\"potentialAction\":[{\"@type\":\"SearchAction\",\"target\":{\"@type\":\"EntryPoint\",\"urlTemplate\":\"https:\/\/extery.com\/pl\/?s={search_term_string}\"},\"query-input\":{\"@type\":\"PropertyValueSpecification\",\"valueRequired\":true,\"valueName\":\"search_term_string\"}}],\"inLanguage\":\"pl-PL\"},{\"@type\":\"Organization\",\"@id\":\"https:\/\/extery.com\/pl\/#organization\",\"name\":\"Extery\",\"url\":\"https:\/\/extery.com\/pl\/\",\"logo\":{\"@type\":\"ImageObject\",\"inLanguage\":\"pl-PL\",\"@id\":\"https:\/\/extery.com\/pl\/#\/schema\/logo\/image\/\",\"url\":\"https:\/\/extery.com\/wp-content\/uploads\/2023\/11\/footer-logo.svg\",\"contentUrl\":\"https:\/\/extery.com\/wp-content\/uploads\/2023\/11\/footer-logo.svg\",\"caption\":\"Extery \"},\"image\":{\"@id\":\"https:\/\/extery.com\/pl\/#\/schema\/logo\/image\/\"}}]}<\/script>\n<!-- \/ Yoast SEO plugin. -->","yoast_head_json":{"title":"doniczka na ro\u015bliny Jada - Extery kolekcja mebli miejskich","description":"Doniczka Jada pomaga stworzy\u0107 przytulne zielone zak\u0105tki w przestrzeni miejskiej, nadaj\u0105c im odpowiedni rytm i obj\u0119to\u015b\u0107. Dost\u0119pna jest w trzech r\u00f3\u017cnych rozmiarach, co pozwala na elastyczne i kreatywne podej\u015bcie do aran\u017cacji przestrzeni.","robots":{"index":"index","follow":"follow","max-snippet":"max-snippet:-1","max-image-preview":"max-image-preview:large","max-video-preview":"max-video-preview:-1"},"canonical":"https:\/\/extery.com\/pl\/produkty\/doniczka-na-rosliny-jada\/","og_locale":"pl_PL","og_type":"article","og_title":"doniczka na ro\u015bliny Jada - Extery kolekcja mebli miejskich","og_description":"Doniczka Jada pomaga stworzy\u0107 przytulne zielone zak\u0105tki w przestrzeni miejskiej, nadaj\u0105c im odpowiedni rytm i obj\u0119to\u015b\u0107. Dost\u0119pna jest w trzech r\u00f3\u017cnych rozmiarach, co pozwala na elastyczne i kreatywne podej\u015bcie do aran\u017cacji przestrzeni.","og_url":"https:\/\/extery.com\/pl\/produkty\/doniczka-na-rosliny-jada\/","og_site_name":"Extery","article_modified_time":"2026-04-30T12:53:52+00:00","og_image":[{"width":1875,"height":1250,"url":"https:\/\/extery.com\/wp-content\/uploads\/2023\/06\/EXtery-Jada-planter-plants.jpg","type":"image\/jpeg"}],"twitter_card":"summary_large_image","twitter_misc":{"Szacowany czas czytania":"1 minuta"},"schema":{"@context":"https:\/\/schema.org","@graph":[{"@type":"WebPage","@id":"https:\/\/extery.com\/pl\/produkty\/doniczka-na-rosliny-jada\/","url":"https:\/\/extery.com\/pl\/produkty\/doniczka-na-rosliny-jada\/","name":"doniczka na ro\u015bliny Jada - Extery kolekcja mebli miejskich","isPartOf":{"@id":"https:\/\/extery.com\/pl\/#website"},"primaryImageOfPage":{"@id":"https:\/\/extery.com\/pl\/produkty\/doniczka-na-rosliny-jada\/#primaryimage"},"image":{"@id":"https:\/\/extery.com\/pl\/produkty\/doniczka-na-rosliny-jada\/#primaryimage"},"thumbnailUrl":"https:\/\/extery.com\/wp-content\/uploads\/2023\/06\/EXtery-Jada-planter-plants.jpg","datePublished":"2023-06-08T10:39:48+00:00","dateModified":"2026-04-30T12:53:52+00:00","description":"Doniczka Jada pomaga stworzy\u0107 przytulne zielone zak\u0105tki w przestrzeni miejskiej, nadaj\u0105c im odpowiedni rytm i obj\u0119to\u015b\u0107. Dost\u0119pna jest w trzech r\u00f3\u017cnych rozmiarach, co pozwala na elastyczne i kreatywne podej\u015bcie do aran\u017cacji przestrzeni.","breadcrumb":{"@id":"https:\/\/extery.com\/pl\/produkty\/doniczka-na-rosliny-jada\/#breadcrumb"},"inLanguage":"pl-PL","potentialAction":[{"@type":"ReadAction","target":["https:\/\/extery.com\/pl\/produkty\/doniczka-na-rosliny-jada\/"]}]},{"@type":"ImageObject","inLanguage":"pl-PL","@id":"https:\/\/extery.com\/pl\/produkty\/doniczka-na-rosliny-jada\/#primaryimage","url":"https:\/\/extery.com\/wp-content\/uploads\/2023\/06\/EXtery-Jada-planter-plants.jpg","contentUrl":"https:\/\/extery.com\/wp-content\/uploads\/2023\/06\/EXtery-Jada-planter-plants.jpg","width":1875,"height":1250},{"@type":"BreadcrumbList","@id":"https:\/\/extery.com\/pl\/produkty\/doniczka-na-rosliny-jada\/#breadcrumb","itemListElement":[{"@type":"ListItem","position":1,"name":"Home","item":"https:\/\/extery.com\/pl\/"},{"@type":"ListItem","position":2,"name":"Produkty","item":"https:\/\/extery.com\/tooted\/"},{"@type":"ListItem","position":3,"name":"doniczka na ro\u015bliny Jada"}]},{"@type":"WebSite","@id":"https:\/\/extery.com\/pl\/#website","url":"https:\/\/extery.com\/pl\/","name":"Extery","description":"","publisher":{"@id":"https:\/\/extery.com\/pl\/#organization"},"potentialAction":[{"@type":"SearchAction","target":{"@type":"EntryPoint","urlTemplate":"https:\/\/extery.com\/pl\/?s={search_term_string}"},"query-input":{"@type":"PropertyValueSpecification","valueRequired":true,"valueName":"search_term_string"}}],"inLanguage":"pl-PL"},{"@type":"Organization","@id":"https:\/\/extery.com\/pl\/#organization","name":"Extery","url":"https:\/\/extery.com\/pl\/","logo":{"@type":"ImageObject","inLanguage":"pl-PL","@id":"https:\/\/extery.com\/pl\/#\/schema\/logo\/image\/","url":"https:\/\/extery.com\/wp-content\/uploads\/2023\/11\/footer-logo.svg","contentUrl":"https:\/\/extery.com\/wp-content\/uploads\/2023\/11\/footer-logo.svg","caption":"Extery "},"image":{"@id":"https:\/\/extery.com\/pl\/#\/schema\/logo\/image\/"}}]}},"_links":{"self":[{"href":"https:\/\/extery.com\/pl\/wp-json\/wp\/v2\/product\/63610","targetHints":{"allow":["GET"]}}],"collection":[{"href":"https:\/\/extery.com\/pl\/wp-json\/wp\/v2\/product"}],"about":[{"href":"https:\/\/extery.com\/pl\/wp-json\/wp\/v2\/types\/product"}],"replies":[{"embeddable":true,"href":"https:\/\/extery.com\/pl\/wp-json\/wp\/v2\/comments?post=63610"}],"wp:featuredmedia":[{"embeddable":true,"href":"https:\/\/extery.com\/pl\/wp-json\/wp\/v2\/media\/62517"}],"wp:attachment":[{"href":"https:\/\/extery.com\/pl\/wp-json\/wp\/v2\/media?parent=63610"}],"wp:term":[{"taxonomy":"product_brand","embeddable":true,"href":"https:\/\/extery.com\/pl\/wp-json\/wp\/v2\/product_brand?post=63610"},{"taxonomy":"product_cat","embeddable":true,"href":"https:\/\/extery.com\/pl\/wp-json\/wp\/v2\/product_cat?post=63610"},{"taxonomy":"product_tag","embeddable":true,"href":"https:\/\/extery.com\/pl\/wp-json\/wp\/v2\/product_tag?post=63610"}],"curies":[{"name":"wp","href":"https:\/\/api.w.org\/{rel}","templated":true}]}}